{"id":5980,"date":"2025-10-02T11:19:48","date_gmt":"2025-10-02T09:19:48","guid":{"rendered":"https:\/\/deltacocinas.com\/?page_id=5980"},"modified":"2025-10-03T08:52:51","modified_gmt":"2025-10-03T06:52:51","slug":"b-corp","status":"publish","type":"page","link":"https:\/\/deltacocinas.com\/fr\/b-corp\/","title":{"rendered":"B Corp"},"content":{"rendered":"\n<div class=\"wp-block-group alignfull is-layout-flow wp-block-group-is-layout-flow\" style=\"padding-right:var(--wp--preset--spacing--30);padding-left:var(--wp--preset--spacing--30)\">\n<div class=\"wp-block-group alignfull padding-y-0-mobile-reset has-background has-global-padding is-layout-constrained wp-container-core-group-is-layout-1bd88723 wp-block-group-is-layout-constrained\" style=\"background-color:#3c4839;margin-top:0;margin-bottom:var(--wp--preset--spacing--30);padding-top:var(--wp--preset--spacing--30);padding-right:var(--wp--preset--spacing--30);padding-bottom:var(--wp--preset--spacing--30);padding-left:var(--wp--preset--spacing--30)\">\n<div class=\"wp-block-columns alignwide is-layout-flex wp-container-core-columns-is-layout-9c22b1e3 wp-block-columns-is-layout-flex\">\n<div class=\"wp-block-column is-vertically-aligned-center padding-mobile-reset padding-x-0-mobile-reset is-layout-flow wp-block-column-is-layout-flow\" style=\"padding-top:0;padding-right:0;padding-bottom:0;padding-left:0\">\n<div class=\"wp-block-group padding-0-mobile has-global-padding is-content-justification-left is-layout-constrained wp-container-core-group-is-layout-16e6f475 wp-block-group-is-layout-constrained\" style=\"padding-top:var(--wp--preset--spacing--30);padding-right:var(--wp--preset--spacing--50);padding-bottom:var(--wp--preset--spacing--30);padding-left:var(--wp--preset--spacing--50)\">\n<h2 class=\"wp-block-heading object-title has-base-color has-text-color has-link-color has-object-sans-font-family wp-elements-caf3d6deffc63a69396361ee37172925\" style=\"border-style:none;border-width:0px;font-size:2.38rem;font-style:normal;font-weight:800;line-height:1.46\">NOUS SOMMES UNE ENTREPRISE B CORP<\/h2>\n\n\n\n<p class=\"canela-subtitle-canela has-base-color has-text-color has-link-color has-canela-font-family wp-elements-83e98d60cfbdbe60ce53936020d7eba9\" style=\"font-size:1.2rem\">Au sein du<a href=\"https:\/\/kbv-group.com\/\"> groupe KBV<\/a>, dont fait partie Delta Cocinas, nous pensons que le v\u00e9ritable succ\u00e8s ne se mesure pas seulement \u00e0 la qualit\u00e9 de ce que nous cr\u00e9ons, mais aussi \u00e0 l&rsquo;impact positif que nous avons sur les personnes et l&rsquo;environnement.<\/p>\n\n\n\n<p class=\"canela-subtitle-canela has-base-color has-text-color has-link-color has-canela-font-family wp-elements-0736ff923aee0f3487bf97f97914dbd0\" style=\"font-size:1.2rem\">Faire partie de la communaut\u00e9 B Corp est une fiert\u00e9 qui nous pousse \u00e0 continuer \u00e0 concevoir avec un objectif pr\u00e9cis : prendre soin de la plan\u00e8te, miser sur la transparence et placer les personnes au centre de chaque d\u00e9cision.<\/p>\n<\/div>\n<\/div>\n\n\n\n<div class=\"wp-block-column is-vertically-aligned-top p-mobile-0 is-layout-flow wp-block-column-is-layout-flow\" style=\"padding-right:var(--wp--preset--spacing--30)\">\n<figure class=\"wp-block-image alignright size-full padding-mobile-reset alignright-mobile-revert foto-quienes-somos\"><img fetchpriority=\"high\" decoding=\"async\" width=\"1772\" height=\"1566\" src=\"https:\/\/deltacocinas.com\/wp-content\/uploads\/2025\/09\/LOGO-B-CORP-landing.jpg\" alt=\"\" class=\"wp-image-5925\" srcset=\"https:\/\/deltacocinas.com\/wp-content\/uploads\/2025\/09\/LOGO-B-CORP-landing.jpg 1772w, https:\/\/deltacocinas.com\/wp-content\/uploads\/2025\/09\/LOGO-B-CORP-landing-300x265.jpg 300w, https:\/\/deltacocinas.com\/wp-content\/uploads\/2025\/09\/LOGO-B-CORP-landing-1024x905.jpg 1024w, https:\/\/deltacocinas.com\/wp-content\/uploads\/2025\/09\/LOGO-B-CORP-landing-768x679.jpg 768w, https:\/\/deltacocinas.com\/wp-content\/uploads\/2025\/09\/LOGO-B-CORP-landing-1536x1357.jpg 1536w\" sizes=\"(max-width: 1772px) 100vw, 1772px\" \/><\/figure>\n<\/div>\n<\/div>\n<\/div>\n<\/div>\n\n<div class=\"wp-block-group alignwide alignfull-mobile has-global-padding is-layout-constrained wp-block-group-is-layout-constrained\" style=\"margin-top:0;margin-bottom:0\">\n<div class=\"wp-block-columns alignwide no-gap-mobile is-layout-flex wp-container-core-columns-is-layout-4c2ea93f wp-block-columns-is-layout-flex\" style=\"margin-top:0;margin-bottom:0;padding-right:0;padding-left:0\">\n<div class=\"wp-block-column is-vertically-aligned-top padding-mobile-reset is-layout-flow wp-block-column-is-layout-flow\" style=\"padding-top:var(--wp--preset--spacing--60);padding-right:var(--wp--preset--spacing--50);padding-bottom:var(--wp--preset--spacing--70);padding-left:var(--wp--preset--spacing--50);flex-basis:40%\">\n<h2 class=\"wp-block-heading alignwide has-text-align-left object-title p-mobile-0 has-text-color has-link-color has-object-sans-font-family wp-elements-926b354ee017564d7aa2acb4793d1539\" style=\"color:#29282b;font-size:2.3rem;line-height:1.3;text-transform:uppercase\"><strong>MOUVEMENT BCORP <\/strong> <\/h2>\n\n\n\n<p class=\"medium-canela p-mobile-0 has-text-color has-link-color has-canela-font-family wp-elements-1a17165df18f39322de2a3a997b06a08\" style=\"color:#29282b;font-size:1.4rem\">Conception, durabilit\u00e9 et engagement : notre chemin vers un avenir meilleur<\/p>\n<\/div>\n\n\n\n<div class=\"wp-block-column is-vertically-aligned-center padding-mobile-reset is-layout-flow wp-block-column-is-layout-flow\" style=\"padding-top:53px;padding-right:var(--wp--preset--spacing--80);padding-bottom:53px;flex-basis:50%\">\n<p class=\"has-medium-font-size\">Le<strong>\n  <a href=\"https:\/\/kbv-group.com\/\"> groupe KBV<\/a>\n<\/strong> a \u00e9t\u00e9 reconnu comme le premier fabricant espagnol de mobilier de cuisine \u00e0 obtenir cette distinction. Une \u00e9tape importante qui renforce notre conception du design : avec un objectif, une responsabilit\u00e9 et une vision d&rsquo;avenir. <\/p>\n\n\n\n<p class=\"has-medium-font-size\">En tant qu&rsquo;entreprise B Corp, nous faisons partie d&rsquo;une communaut\u00e9 mondiale qui r\u00e9pond aux normes les plus \u00e9lev\u00e9es en mati\u00e8re d&rsquo;impact social et environnemental. Cette certification reconna\u00eet non seulement la qualit\u00e9 de nos produits et services, mais aussi l&rsquo;impact positif que nous avons sur nos employ\u00e9s, nos clients, notre communaut\u00e9 et notre environnement. <\/p>\n<\/div>\n<\/div>\n<\/div>\n\n<div class=\"wp-block-group alignfull mb-menos-20 alignfull-mobile padding-mobile-reset has-base-background-color has-background has-global-padding is-layout-constrained wp-block-group-is-layout-constrained\" style=\"margin-top:0;margin-bottom:0;padding-top:0;padding-bottom:0\">\n<div class=\"wp-block-columns alignwide no-gap-mobile padding-0-mobile is-layout-flex wp-container-core-columns-is-layout-658170e2 wp-block-columns-is-layout-flex\">\n<div class=\"wp-block-column is-vertically-aligned-center padding-0-mobile is-layout-flow wp-block-column-is-layout-flow\" style=\"padding-top:var(--wp--preset--spacing--50);padding-right:var(--wp--preset--spacing--50);padding-bottom:var(--wp--preset--spacing--50);padding-left:var(--wp--preset--spacing--50);flex-basis:60%\">\n<div class=\"wp-block-group has-global-padding is-layout-constrained wp-container-core-group-is-layout-4382391e wp-block-group-is-layout-constrained\" style=\"padding-top:var(--wp--preset--spacing--30);padding-right:0;padding-bottom:var(--wp--preset--spacing--30);padding-left:0\">\n<h2 class=\"wp-block-heading has-x-large-font-size\"><strong>CHAQUE CUISINE, <\/strong><\/h2>\n\n\n\n<h2 class=\"wp-block-heading\" style=\"line-height:0.4\"><strong>UN IMPACT POSITIF<\/strong><\/h2>\n\n\n\n<p><\/p>\n\n\n\n<p class=\"has-medium-font-size\">En choisissant une cuisine<strong> Delta<\/strong>, vous misez non seulement sur le design, l&rsquo;innovation et la qualit\u00e9 durable, mais aussi sur un produit respectueux de l&rsquo;environnement et favorisant le bien-\u00eatre social.<\/p>\n\n\n\n<p class=\"has-medium-font-size\">La certification B Corp garantit que chaque projet s&rsquo;appuie sur des processus responsables, des d\u00e9cisions \u00e9thiques et une vision durable. Votre cuisine s&rsquo;inscrit ainsi dans un mouvement qui vise \u00e0 transformer notre fa\u00e7on de vivre et d&rsquo;habiter les espaces.  <\/p>\n<\/div>\n<\/div>\n\n\n\n<div class=\"wp-block-column is-layout-flow wp-block-column-is-layout-flow\" style=\"flex-basis:60%\">\n<div class=\"wp-block-cover min-h-mobile alignfull-mobile\" style=\"min-height:100%;aspect-ratio:unset;\"><img decoding=\"async\" width=\"890\" height=\"501\" class=\"wp-block-cover__image-background wp-image-5928 size-full\" alt=\"B Corp\" src=\"https:\/\/deltacocinas.com\/wp-content\/uploads\/2025\/09\/Sin-titulo-1.jpg\" data-object-fit=\"cover\" srcset=\"https:\/\/deltacocinas.com\/wp-content\/uploads\/2025\/09\/Sin-titulo-1.jpg 890w, https:\/\/deltacocinas.com\/wp-content\/uploads\/2025\/09\/Sin-titulo-1-300x169.jpg 300w, https:\/\/deltacocinas.com\/wp-content\/uploads\/2025\/09\/Sin-titulo-1-768x432.jpg 768w\" sizes=\"(max-width: 890px) 100vw, 890px\" \/><span aria-hidden=\"true\" class=\"wp-block-cover__background has-background-dim-0 has-background-dim\" style=\"background-color:#826554\"><\/span><div class=\"wp-block-cover__inner-container is-layout-flow wp-block-cover-is-layout-flow\">\n<p class=\"has-text-align-center has-large-font-size\"><\/p>\n<\/div><\/div>\n<\/div>\n<\/div>\n<\/div>\n\n<div class=\"wp-block-group alignwide alignfull-mobile has-global-padding is-layout-constrained wp-block-group-is-layout-constrained\" style=\"margin-top:0;margin-bottom:0\">\n<div class=\"wp-block-columns alignwide no-gap-mobile is-layout-flex wp-container-core-columns-is-layout-4c2ea93f wp-block-columns-is-layout-flex\" style=\"margin-top:0;margin-bottom:0;padding-right:0;padding-left:0\">\n<div class=\"wp-block-column is-vertically-aligned-top padding-mobile-reset is-layout-flow wp-block-column-is-layout-flow\" style=\"padding-top:var(--wp--preset--spacing--60);padding-right:var(--wp--preset--spacing--50);padding-bottom:var(--wp--preset--spacing--70);padding-left:var(--wp--preset--spacing--50);flex-basis:100%\">\n<h2 class=\"wp-block-heading object-title has-text-color has-link-color has-object-sans-font-family wp-elements-8fd01ef4706cbd74a657dc7607297b2c\" style=\"color:#29282b;font-size:1.9rem;line-height:1.48;text-transform:uppercase\"><strong><strong>NOTRE CHEMIN VERS LE CHANGEMENT<\/strong><\/strong><\/h2>\n\n\n\n<p class=\"object-body has-text-color has-link-color has-object-sans-font-family wp-elements-fce709a92006af497f5150af0cf16eec\" style=\"color:#29282b;font-size:1rem\">Gr\u00e2ce \u00e0 cet engagement, nous avons progress\u00e9 petit \u00e0 petit. En 2021, nous avons franchi une \u00e9tape d\u00e9cisive en obtenant le certificat de mobilier durable.  <\/p>\n\n\n\n<p class=\"object-body has-text-color has-link-color has-object-sans-font-family wp-elements-354306bc467240a62b474f9242bf4b5a\" style=\"color:#29282b;font-size:1rem\">Chez<strong> Delta, <\/strong>nous pensons que concevoir et fabriquer des cuisines de qualit\u00e9 n&rsquo;est qu&rsquo;une partie de notre mission. Nous sommes \u00e9galement anim\u00e9s par la responsabilit\u00e9 de prendre soin de la plan\u00e8te et d&rsquo;agir de mani\u00e8re \u00e9thique et respectueuse envers toutes les personnes qui font partie de notre environnement. <\/p>\n\n\n\n<p class=\"object-body has-text-color has-link-color has-object-sans-font-family wp-elements-789635c7f524cefdbee0c5bccdf5da66\" style=\"color:#29282b;font-size:1rem\">La certification B Corp refl\u00e8te notre engagement envers:<\/p>\n\n\n\n<ul class=\"wp-block-list\">\n<li class=\"has-medium-font-size\"><strong>La durabilit\u00e9 environnementale: <\/strong>nous utilisons des mat\u00e9riaux responsables et des processus qui minimisent l&rsquo;impact \u00e9cologique.<\/li>\n\n\n\n<li class=\"has-medium-font-size\"><strong>Le bien-\u00eatre de notre \u00e9quipe:<\/strong> nous favorisons un environnement de travail \u00e9quitable, s\u00fbr et inclusif.<\/li>\n\n\n\n<li class=\"has-medium-font-size\"><strong>Transparence et \u00e9thique:<\/strong> nous adoptons des pratiques responsables dans la gestion de l&rsquo;entreprise et dans nos relations avec nos clients et fournisseurs.<\/li>\n\n\n\n<li class=\"has-medium-font-size\"><strong>Engagement social: <\/strong>nous collaborons avec notre communaut\u00e9 afin d&rsquo;avoir un impact positif au-del\u00e0 de notre activit\u00e9 commerciale<\/li>\n\n\n\n<li class=\"has-medium-font-size\"><strong>La valeur pour le client: <\/strong>nous concevons des cuisines durables, innovantes et responsables qui am\u00e9liorent la vie des gens.<\/li>\n<\/ul>\n\n\n\n<div style=\"height:21px\" aria-hidden=\"true\" class=\"wp-block-spacer\"><\/div>\n\n\n\n<h2 class=\"wp-block-heading\" style=\"font-size:1.75rem\"><strong>LE DESIGN COMME MOTEUR DE TRANSFORMATION <\/strong><\/h2>\n\n\n\n<p class=\"has-medium-font-size\">La certification B Corp est bien plus qu&rsquo;un simple label : elle signifie faire partie d&rsquo;une communaut\u00e9 internationale de plus de<strong> 8 000 entreprises dans 95 pays et 160 secteurs<\/strong> qui partagent un m\u00eame objectif : utiliser le pouvoir des entreprises pour avoir un impact positif r\u00e9el sur la soci\u00e9t\u00e9 et la plan\u00e8te.<\/p>\n\n\n\n<p class=\"has-medium-font-size\">Les membres du <a href=\"https:\/\/kbv-group.com\/\"><strong>groupe KBV<\/strong> <\/a>assument fi\u00e8rement cette responsabilit\u00e9. Pour nous, \u00eatre une entreprise B Corp n&rsquo;est pas seulement une reconnaissance, c&rsquo;est un engagement vivant: <strong>continuer \u00e0 nous am\u00e9liorer, \u00e0 innover et \u00e0 prendre des d\u00e9cisions qui g\u00e9n\u00e8rent de la valeur au-del\u00e0 du strictement \u00e9conomique.<\/strong> <\/p>\n\n\n\n<p class=\"has-medium-font-size\">Cette voie nous incite \u00e0 travailler en toute transparence, \u00e0 prendre soin de la plan\u00e8te et \u00e0 toujours placer l&rsquo;humain au centre de nos pr\u00e9occupations. Car nous pensons que le design doit non seulement inspirer, mais aussi transformer ; il doit non seulement \u00eatre beau, mais aussi conscient. <\/p>\n\n\n\n<div style=\"height:21px\" aria-hidden=\"true\" class=\"wp-block-spacer\"><\/div>\n\n\n\n<h2 class=\"wp-block-heading\" style=\"font-size:30px\"><strong>DELTA EST, PLUS QUE JAMAIS, UN DESIGN AVEC UN OBJECTIF<\/strong><\/h2>\n\n\n\n<p class=\"has-medium-font-size\">Dans chaque cuisine que nous cr\u00e9ons, dans chaque projet que nous entreprenons, nous sommes convaincus qu&rsquo;il est possible de faire autrement et qu&rsquo;ensemble, nous pouvons construire un avenir plus juste et plus durable.<\/p>\n\n\n\n<div style=\"height:21px\" aria-hidden=\"true\" class=\"wp-block-spacer\"><\/div>\n\n\n\n<figure class=\"wp-block-image aligncenter size-full is-resized alignfull-mobile pegar-al-footer-siempre\"><img decoding=\"async\" width=\"2250\" height=\"1560\" src=\"https:\/\/deltacocinas.com\/wp-content\/uploads\/2025\/10\/saracuerdo_GRUPAL_DELTA6.jpg\" alt=\"\" class=\"wp-image-6372\" style=\"width:1440px;height:auto\" srcset=\"https:\/\/deltacocinas.com\/wp-content\/uploads\/2025\/10\/saracuerdo_GRUPAL_DELTA6.jpg 2250w, https:\/\/deltacocinas.com\/wp-content\/uploads\/2025\/10\/saracuerdo_GRUPAL_DELTA6-300x208.jpg 300w, https:\/\/deltacocinas.com\/wp-content\/uploads\/2025\/10\/saracuerdo_GRUPAL_DELTA6-1024x710.jpg 1024w, https:\/\/deltacocinas.com\/wp-content\/uploads\/2025\/10\/saracuerdo_GRUPAL_DELTA6-768x532.jpg 768w, https:\/\/deltacocinas.com\/wp-content\/uploads\/2025\/10\/saracuerdo_GRUPAL_DELTA6-1536x1065.jpg 1536w, https:\/\/deltacocinas.com\/wp-content\/uploads\/2025\/10\/saracuerdo_GRUPAL_DELTA6-2048x1420.jpg 2048w\" sizes=\"(max-width: 2250px) 100vw, 2250px\" \/><\/figure>\n<\/div>\n<\/div>\n<\/div>\n\n<p><\/p>\n","protected":false},"excerpt":{"rendered":"<p>NOUS SOMMES UNE ENTREPRISE B CORP Au sein du groupe KBV, dont fait partie Delta Cocinas, nous pensons que le v\u00e9ritable succ\u00e8s ne se mesure pas seulement \u00e0 la qualit\u00e9 de ce que nous cr\u00e9ons, mais aussi \u00e0 l&rsquo;impact positif que nous avons sur les personnes et l&rsquo;environnement. Faire partie de la communaut\u00e9 B Corp [&hellip;]<\/p>\n","protected":false},"author":7,"featured_media":0,"parent":0,"menu_order":0,"comment_status":"closed","ping_status":"closed","template":"","meta":{"footnotes":""},"categories":[44],"tags":[],"class_list":["post-5980","page","type-page","status-publish","hentry","category-durabilite"],"yoast_head":"<!-- This site is optimized with the Yoast SEO plugin v26.7 - https:\/\/yoast.com\/wordpress\/plugins\/seo\/ -->\n<title>Nous sommes une entreprise certifi\u00e9e B Corp | Delta Cocinas<\/title>\n<meta name=\"description\" content=\"Chez Delta, nous sommes certifi\u00e9s B Corp : cuisines durables, conception responsable, innovation et engagement social et environnemental. Une conception qui a du sens.\" \/>\n<meta name=\"robots\" content=\"index, follow, max-snippet:-1, max-image-preview:large, max-video-preview:-1\" \/>\n<link rel=\"canonical\" href=\"https:\/\/deltacocinas.com\/fr\/b-corp\/\" \/>\n<meta property=\"og:locale\" content=\"fr_FR\" \/>\n<meta property=\"og:type\" content=\"article\" \/>\n<meta property=\"og:title\" content=\"Nous sommes une entreprise certifi\u00e9e B Corp | Delta Cocinas\" \/>\n<meta property=\"og:description\" content=\"Chez Delta, nous sommes certifi\u00e9s B Corp : cuisines durables, conception responsable, innovation et engagement social et environnemental. Une conception qui a du sens.\" \/>\n<meta property=\"og:url\" content=\"https:\/\/deltacocinas.com\/fr\/b-corp\/\" \/>\n<meta property=\"og:site_name\" content=\"Delta\" \/>\n<meta property=\"article:modified_time\" content=\"2025-10-03T06:52:51+00:00\" \/>\n<meta property=\"og:image\" content=\"https:\/\/deltacocinas.com\/wp-content\/uploads\/2025\/09\/LOGO-B-CORP-landing.jpg\" \/>\n\t<meta property=\"og:image:width\" content=\"1772\" \/>\n\t<meta property=\"og:image:height\" content=\"1566\" \/>\n\t<meta property=\"og:image:type\" content=\"image\/jpeg\" \/>\n<meta name=\"twitter:card\" content=\"summary_large_image\" \/>\n<meta name=\"twitter:label1\" content=\"Dur\u00e9e de lecture estim\u00e9e\" \/>\n\t<meta name=\"twitter:data1\" content=\"4 minutes\" \/>\n<script type=\"application\/ld+json\" class=\"yoast-schema-graph\">{\"@context\":\"https:\/\/schema.org\",\"@graph\":[{\"@type\":\"WebPage\",\"@id\":\"https:\/\/deltacocinas.com\/fr\/b-corp\/\",\"url\":\"https:\/\/deltacocinas.com\/fr\/b-corp\/\",\"name\":\"Nous sommes une entreprise certifi\u00e9e B Corp | Delta Cocinas\",\"isPartOf\":{\"@id\":\"https:\/\/deltacocinas.com\/fr\/#website\"},\"primaryImageOfPage\":{\"@id\":\"https:\/\/deltacocinas.com\/fr\/b-corp\/#primaryimage\"},\"image\":{\"@id\":\"https:\/\/deltacocinas.com\/fr\/b-corp\/#primaryimage\"},\"thumbnailUrl\":\"https:\/\/deltacocinas.com\/wp-content\/uploads\/2025\/09\/LOGO-B-CORP-landing.jpg\",\"datePublished\":\"2025-10-02T09:19:48+00:00\",\"dateModified\":\"2025-10-03T06:52:51+00:00\",\"description\":\"Chez Delta, nous sommes certifi\u00e9s B Corp : cuisines durables, conception responsable, innovation et engagement social et environnemental. Une conception qui a du sens.\",\"breadcrumb\":{\"@id\":\"https:\/\/deltacocinas.com\/fr\/b-corp\/#breadcrumb\"},\"inLanguage\":\"fr-FR\",\"potentialAction\":[{\"@type\":\"ReadAction\",\"target\":[\"https:\/\/deltacocinas.com\/fr\/b-corp\/\"]}]},{\"@type\":\"ImageObject\",\"inLanguage\":\"fr-FR\",\"@id\":\"https:\/\/deltacocinas.com\/fr\/b-corp\/#primaryimage\",\"url\":\"https:\/\/deltacocinas.com\/wp-content\/uploads\/2025\/09\/LOGO-B-CORP-landing.jpg\",\"contentUrl\":\"https:\/\/deltacocinas.com\/wp-content\/uploads\/2025\/09\/LOGO-B-CORP-landing.jpg\"},{\"@type\":\"BreadcrumbList\",\"@id\":\"https:\/\/deltacocinas.com\/fr\/b-corp\/#breadcrumb\",\"itemListElement\":[{\"@type\":\"ListItem\",\"position\":1,\"name\":\"Portada\",\"item\":\"https:\/\/deltacocinas.com\/fr\/\"},{\"@type\":\"ListItem\",\"position\":2,\"name\":\"B Corp\"}]},{\"@type\":\"WebSite\",\"@id\":\"https:\/\/deltacocinas.com\/fr\/#website\",\"url\":\"https:\/\/deltacocinas.com\/fr\/\",\"name\":\"Delta\",\"description\":\"\",\"publisher\":{\"@id\":\"https:\/\/deltacocinas.com\/fr\/#organization\"},\"potentialAction\":[{\"@type\":\"SearchAction\",\"target\":{\"@type\":\"EntryPoint\",\"urlTemplate\":\"https:\/\/deltacocinas.com\/fr\/?s={search_term_string}\"},\"query-input\":{\"@type\":\"PropertyValueSpecification\",\"valueRequired\":true,\"valueName\":\"search_term_string\"}}],\"inLanguage\":\"fr-FR\"},{\"@type\":\"Organization\",\"@id\":\"https:\/\/deltacocinas.com\/fr\/#organization\",\"name\":\"Delta\",\"url\":\"https:\/\/deltacocinas.com\/fr\/\",\"logo\":{\"@type\":\"ImageObject\",\"inLanguage\":\"fr-FR\",\"@id\":\"https:\/\/deltacocinas.com\/fr\/#\/schema\/logo\/image\/\",\"url\":\"https:\/\/deltacocinas.com\/wp-content\/uploads\/2025\/03\/Vector4.svg\",\"contentUrl\":\"https:\/\/deltacocinas.com\/wp-content\/uploads\/2025\/03\/Vector4.svg\",\"width\":93,\"height\":90,\"caption\":\"Delta\"},\"image\":{\"@id\":\"https:\/\/deltacocinas.com\/fr\/#\/schema\/logo\/image\/\"}}]}<\/script>\n<!-- \/ Yoast SEO plugin. -->","yoast_head_json":{"title":"Nous sommes une entreprise certifi\u00e9e B Corp | Delta Cocinas","description":"Chez Delta, nous sommes certifi\u00e9s B Corp : cuisines durables, conception responsable, innovation et engagement social et environnemental. Une conception qui a du sens.","robots":{"index":"index","follow":"follow","max-snippet":"max-snippet:-1","max-image-preview":"max-image-preview:large","max-video-preview":"max-video-preview:-1"},"canonical":"https:\/\/deltacocinas.com\/fr\/b-corp\/","og_locale":"fr_FR","og_type":"article","og_title":"Nous sommes une entreprise certifi\u00e9e B Corp | Delta Cocinas","og_description":"Chez Delta, nous sommes certifi\u00e9s B Corp : cuisines durables, conception responsable, innovation et engagement social et environnemental. Une conception qui a du sens.","og_url":"https:\/\/deltacocinas.com\/fr\/b-corp\/","og_site_name":"Delta","article_modified_time":"2025-10-03T06:52:51+00:00","og_image":[{"width":1772,"height":1566,"url":"https:\/\/deltacocinas.com\/wp-content\/uploads\/2025\/09\/LOGO-B-CORP-landing.jpg","type":"image\/jpeg"}],"twitter_card":"summary_large_image","twitter_misc":{"Dur\u00e9e de lecture estim\u00e9e":"4 minutes"},"schema":{"@context":"https:\/\/schema.org","@graph":[{"@type":"WebPage","@id":"https:\/\/deltacocinas.com\/fr\/b-corp\/","url":"https:\/\/deltacocinas.com\/fr\/b-corp\/","name":"Nous sommes une entreprise certifi\u00e9e B Corp | Delta Cocinas","isPartOf":{"@id":"https:\/\/deltacocinas.com\/fr\/#website"},"primaryImageOfPage":{"@id":"https:\/\/deltacocinas.com\/fr\/b-corp\/#primaryimage"},"image":{"@id":"https:\/\/deltacocinas.com\/fr\/b-corp\/#primaryimage"},"thumbnailUrl":"https:\/\/deltacocinas.com\/wp-content\/uploads\/2025\/09\/LOGO-B-CORP-landing.jpg","datePublished":"2025-10-02T09:19:48+00:00","dateModified":"2025-10-03T06:52:51+00:00","description":"Chez Delta, nous sommes certifi\u00e9s B Corp : cuisines durables, conception responsable, innovation et engagement social et environnemental. Une conception qui a du sens.","breadcrumb":{"@id":"https:\/\/deltacocinas.com\/fr\/b-corp\/#breadcrumb"},"inLanguage":"fr-FR","potentialAction":[{"@type":"ReadAction","target":["https:\/\/deltacocinas.com\/fr\/b-corp\/"]}]},{"@type":"ImageObject","inLanguage":"fr-FR","@id":"https:\/\/deltacocinas.com\/fr\/b-corp\/#primaryimage","url":"https:\/\/deltacocinas.com\/wp-content\/uploads\/2025\/09\/LOGO-B-CORP-landing.jpg","contentUrl":"https:\/\/deltacocinas.com\/wp-content\/uploads\/2025\/09\/LOGO-B-CORP-landing.jpg"},{"@type":"BreadcrumbList","@id":"https:\/\/deltacocinas.com\/fr\/b-corp\/#breadcrumb","itemListElement":[{"@type":"ListItem","position":1,"name":"Portada","item":"https:\/\/deltacocinas.com\/fr\/"},{"@type":"ListItem","position":2,"name":"B Corp"}]},{"@type":"WebSite","@id":"https:\/\/deltacocinas.com\/fr\/#website","url":"https:\/\/deltacocinas.com\/fr\/","name":"Delta","description":"","publisher":{"@id":"https:\/\/deltacocinas.com\/fr\/#organization"},"potentialAction":[{"@type":"SearchAction","target":{"@type":"EntryPoint","urlTemplate":"https:\/\/deltacocinas.com\/fr\/?s={search_term_string}"},"query-input":{"@type":"PropertyValueSpecification","valueRequired":true,"valueName":"search_term_string"}}],"inLanguage":"fr-FR"},{"@type":"Organization","@id":"https:\/\/deltacocinas.com\/fr\/#organization","name":"Delta","url":"https:\/\/deltacocinas.com\/fr\/","logo":{"@type":"ImageObject","inLanguage":"fr-FR","@id":"https:\/\/deltacocinas.com\/fr\/#\/schema\/logo\/image\/","url":"https:\/\/deltacocinas.com\/wp-content\/uploads\/2025\/03\/Vector4.svg","contentUrl":"https:\/\/deltacocinas.com\/wp-content\/uploads\/2025\/03\/Vector4.svg","width":93,"height":90,"caption":"Delta"},"image":{"@id":"https:\/\/deltacocinas.com\/fr\/#\/schema\/logo\/image\/"}}]}},"_links":{"self":[{"href":"https:\/\/deltacocinas.com\/fr\/wp-json\/wp\/v2\/pages\/5980","targetHints":{"allow":["GET"]}}],"collection":[{"href":"https:\/\/deltacocinas.com\/fr\/wp-json\/wp\/v2\/pages"}],"about":[{"href":"https:\/\/deltacocinas.com\/fr\/wp-json\/wp\/v2\/types\/page"}],"author":[{"embeddable":true,"href":"https:\/\/deltacocinas.com\/fr\/wp-json\/wp\/v2\/users\/7"}],"replies":[{"embeddable":true,"href":"https:\/\/deltacocinas.com\/fr\/wp-json\/wp\/v2\/comments?post=5980"}],"version-history":[{"count":4,"href":"https:\/\/deltacocinas.com\/fr\/wp-json\/wp\/v2\/pages\/5980\/revisions"}],"predecessor-version":[{"id":6472,"href":"https:\/\/deltacocinas.com\/fr\/wp-json\/wp\/v2\/pages\/5980\/revisions\/6472"}],"wp:attachment":[{"href":"https:\/\/deltacocinas.com\/fr\/wp-json\/wp\/v2\/media?parent=5980"}],"wp:term":[{"taxonomy":"category","embeddable":true,"href":"https:\/\/deltacocinas.com\/fr\/wp-json\/wp\/v2\/categories?post=5980"},{"taxonomy":"post_tag","embeddable":true,"href":"https:\/\/deltacocinas.com\/fr\/wp-json\/wp\/v2\/tags?post=5980"}],"curies":[{"name":"wp","href":"https:\/\/api.w.org\/{rel}","templated":true}]}}