{"id":4216,"date":"2025-03-14T18:42:41","date_gmt":"2025-03-14T17:42:41","guid":{"rendered":"https:\/\/deltacocinas.com\/avis-juridique\/"},"modified":"2025-09-09T15:31:08","modified_gmt":"2025-09-09T13:31:08","slug":"avis-juridique","status":"publish","type":"page","link":"https:\/\/deltacocinas.com\/fr\/avis-juridique\/","title":{"rendered":"Avis juridique"},"content":{"rendered":"\n<h1 class=\"wp-block-heading object-h1 has-pp-object-sans-font-family\" style=\"font-size:2.88rem;line-height:3.59\">Avis juridique<\/h1>\n\n<div class=\"wp-block-group has-global-padding is-layout-constrained wp-block-group-is-layout-constrained\">\n<p>Conform\u00e9ment \u00e0 l&rsquo;article 10 de la loi 34\/2002 sur les services de la soci\u00e9t\u00e9 de l&rsquo;information et le commerce \u00e9lectronique, nous informons les utilisateurs de nos donn\u00e9es :<\/p>\n\n\n\n<p>Nom de la soci\u00e9t\u00e9 : <strong>DELTA COCINAS, S.L.<\/strong><br\/>Si\u00e8ge social : <strong>Pol\u00edgono Martin Grande, 5, 26550, Rinc\u00f3n de Soto, La Rioja<br\/><\/strong>NIF : <strong>B26185082<br\/><\/strong>E-Mail : <strong>dpd@kbv-group.com<br\/><\/strong>Web : <strong>www.deltacocinas.com<\/strong><\/p>\n\n\n\n<p>Donn\u00e9es d&rsquo;inscription : <strong>Cette entreprise est inscrite au registre du commerce de Logro\u00f1o, 1.829, folio 211, feuille Z 17.154, 1\u00e8re inscription du 12-12-95.<\/strong><\/p>\n\n\n\n<p><strong>1 : OBJET<\/strong><\/p>\n\n\n\n<p><strong>DELTA COCINAS, S.L.<\/strong> (ci-apr\u00e8s le fournisseur), en tant que responsable du site Web, met \u00e0 la disposition des utilisateurs le pr\u00e9sent document, qui r\u00e9git l&rsquo;utilisation du site Web <strong>www.deltacocinas.com,<\/strong> dans le but de respecter les obligations pr\u00e9vues par la loi 34\/2002 relative aux services de la soci\u00e9t\u00e9 de l&rsquo;information et au commerce \u00e9lectronique (LSSICE ou LSSI) et d&rsquo;informer tous les utilisateurs du site Web des conditions d&rsquo;utilisation de ce dernier.<\/p>\n\n\n\n<p>Par le biais du site Web, <strong>DELTA COCINAS, S.L.<\/strong> fournit aux utilisateurs l&rsquo;acc\u00e8s et l&rsquo;utilisation de diff\u00e9rents services et contenus mis \u00e0 disposition sur le site Web.<\/p>\n\n\n\n<p>Toute personne acc\u00e9dant \u00e0 ce site web assume le r\u00f4le d&rsquo;utilisateur (ci-apr\u00e8s l&rsquo;utilisateur) et implique l&rsquo;acceptation totale et sans r\u00e9serve de toutes les dispositions incluses dans le pr\u00e9sent avis juridique, ainsi que de toutes les autres dispositions l\u00e9gales applicables.<\/p>\n\n\n\n<p>En tant qu&rsquo;utilisateurs, vous devez lire attentivement le pr\u00e9sent avis juridique chaque fois que vous acc\u00e9dez au site Web, car il peut faire l&rsquo;objet de modifications, le fournisseur se r\u00e9servant le droit de modifier tout type d&rsquo;information pouvant figurer sur le site Web, sans obligation de pr\u00e9avis ni d&rsquo;informer les utilisateurs de ces obligations, la publication sur le site Web du fournisseur \u00e9tant suffisante.<\/p>\n\n\n\n<p><strong>2. CONDITIONS D&rsquo;ACC\u00c8S ET D&rsquo;UTILISATION DU SITE WEB<\/strong><\/p>\n\n\n\n<p><strong>2.1. L&rsquo;acc\u00e8s et l&rsquo;utilisation du site web sont gratuits.<br\/><\/strong>L&rsquo;utilisation du site web de <strong>DELTA COCINAS, S.L.<\/strong> est gratuite pour tous les utilisateurs.<\/p>\n\n\n\n<p><strong>2.2. Enregistrement de l&rsquo;utilisateur.<br\/><\/strong>En g\u00e9n\u00e9ral, la prestation des services ne requiert pas de souscription ou d&rsquo;enregistrement pr\u00e9alable de la part des utilisateurs. Cependant, <strong>DELTA COCINAS, S.L.<\/strong> conditionne l&rsquo;utilisation de certains services \u00e0 la r\u00e9alisation pr\u00e9alable de l&rsquo;enregistrement de l&rsquo;utilisateur correspondant. Cet enregistrement doit \u00eatre r\u00e9alis\u00e9 de la mani\u00e8re express\u00e9ment indiqu\u00e9e dans la section du service en question.  <\/p>\n\n\n\n<p><strong>2.3. La v\u00e9racit\u00e9 des informations.<br\/><\/strong>Toutes les informations fournies par l&rsquo;utilisateur doivent \u00eatre v\u00e9ridiques. \u00c0 cette fin, l&rsquo;utilisateur garantit l&rsquo;authenticit\u00e9 des donn\u00e9es communiqu\u00e9es par le biais des formulaires d&rsquo;inscription aux services. L&rsquo;Utilisateur est responsable de la mise \u00e0 jour permanente de toutes les informations fournies \u00e0 <strong>DELTA COCINAS, S.L.<\/strong> afin qu&rsquo;elles correspondent, \u00e0 tout moment, \u00e0 sa situation r\u00e9elle. Dans tous les cas, l&rsquo;utilisateur sera seul responsable des d\u00e9clarations fausses ou inexactes qu&rsquo;il aura faites et des dommages qu&rsquo;il aura caus\u00e9s au fournisseur ou \u00e0 des tiers.   <\/p>\n\n\n\n<p><strong>2.4. Mineurs.<br\/><\/strong>Pour utiliser les services, les mineurs doivent toujours obtenir le consentement pr\u00e9alable de leurs parents, tuteurs ou repr\u00e9sentants l\u00e9gaux, qui sont responsables en dernier ressort de tous les actes accomplis par les mineurs dont ils ont la charge. C&rsquo;est pourquoi, s&rsquo;ils acc\u00e8dent \u00e0 des contenus qui ne sont pas appropri\u00e9s pour l&rsquo;Internet, des m\u00e9canismes doivent \u00eatre mis en place sur leurs ordinateurs, en particulier des programmes informatiques, des filtres et des blocages, qui leur permettent de limiter les contenus disponibles et qui, bien qu&rsquo;ils ne soient pas infaillibles, sont particuli\u00e8rement utiles pour contr\u00f4ler et restreindre le mat\u00e9riel auquel les mineurs peuvent acc\u00e9der. <\/p>\n\n\n\n<p><strong>2.5. Obligation d&rsquo;utiliser correctement le site web.<br\/><\/strong>L&rsquo;utilisateur s&rsquo;engage \u00e0 utiliser le site web conform\u00e9ment \u00e0 la loi et au pr\u00e9sent avis juridique, ainsi qu&rsquo;\u00e0 la morale et aux bonnes m\u0153urs. En effet, l&rsquo;utilisateur s&rsquo;abstiendra d&rsquo;utiliser le site web \u00e0 des fins illicites ou interdites, pr\u00e9judiciables aux droits et aux int\u00e9r\u00eats des tiers, ou susceptibles d&rsquo;endommager, de rendre inutilisable, de surcharger, de d\u00e9t\u00e9riorer ou d&#8217;emp\u00eacher l&rsquo;utilisation normale des \u00e9quipements informatiques ou des documents, fichiers et contenus de toute nature stock\u00e9s sur tout \u00e9quipement informatique appartenant au fournisseur. <\/p>\n\n\n\n<p>En particulier, et \u00e0 titre d&rsquo;exemple non exhaustif, l&rsquo;utilisateur s&rsquo;engage \u00e0 ne pas transmettre, diffuser ou mettre \u00e0 la disposition de tiers des informations, donn\u00e9es, contenus, messages, graphiques, dessins, fichiers de son ou d&rsquo;image, photographies, enregistrements, logiciels et, en g\u00e9n\u00e9ral, tout type de mat\u00e9riel qui :<\/p>\n\n\n\n<p>(A) est contraire aux droits fondamentaux et aux libert\u00e9s civiles reconnus dans la constitution, les trait\u00e9s internationaux et les autres lois applicables, les compromet ou les enfreint ;<\/p>\n\n\n\n<p>(B) induit, incite ou promeut des actes criminels, d\u00e9nigrants, diffamatoires, violents ou, en g\u00e9n\u00e9ral, ill\u00e9gaux, immoraux ou contraires \u00e0 l&rsquo;ordre public ;<\/p>\n\n\n\n<p>(C) induit, incite ou promeut des actions, attitudes ou pens\u00e9es discriminatoires en raison du sexe, de la race, de la religion, des croyances, de l&rsquo;\u00e2ge ou du statut ;<\/p>\n\n\n\n<p>(D) est contraire au droit \u00e0 l&rsquo;honneur, \u00e0 l&rsquo;intimit\u00e9 personnelle ou familiale ou \u00e0 l&rsquo;image de soi ;<\/p>\n\n\n\n<p>(E) porte atteinte de quelque mani\u00e8re que ce soit \u00e0 la cr\u00e9dibilit\u00e9 du fournisseur ou de tiers ; et<\/p>\n\n\n\n<p>(F) constitue une publicit\u00e9 ill\u00e9gale, trompeuse ou d\u00e9loyale.<\/p>\n\n\n\n<p><strong>3. EXCLUSION DES GARANTIES ET DE LA RESPONSABILIT\u00c9<\/strong><\/p>\n\n\n\n<p>Le fournisseur d\u00e9cline toute responsabilit\u00e9 pour les informations publi\u00e9es sur notre site web, dans la mesure o\u00f9 ces informations ont \u00e9t\u00e9 manipul\u00e9es ou introduites par un tiers externe.<\/p>\n\n\n\n<p>Ce site web a \u00e9t\u00e9 contr\u00f4l\u00e9 et test\u00e9 afin de garantir son bon fonctionnement. En principe, son bon fonctionnement peut \u00eatre garanti 365 jours par an et 24 heures par jour. Toutefois, le fournisseur n&rsquo;exclut pas la possibilit\u00e9 de l&rsquo;existence de certaines erreurs de programmation, ou la survenance de cas de force majeure, de catastrophes naturelles, de gr\u00e8ves ou de circonstances similaires rendant impossible l&rsquo;acc\u00e8s au site web.  <\/p>\n\n\n\n<p><strong>CUISINES DELTA, S.L.<\/strong>  n&rsquo;accorde aucune garantie et n&rsquo;est en aucun cas responsable des dommages de toute nature pouvant d\u00e9couler du manque de disponibilit\u00e9, de maintenance et de fonctionnement efficace du site web ou de ses services et contenus ; de l&rsquo;existence de virus, de programmes malveillants ou nuisibles dans les contenus ; de l&rsquo;utilisation illicite, n\u00e9gligente, frauduleuse ou contraire au pr\u00e9sent avis juridique et aux conditions d&rsquo;utilisation ; ou du manque de l\u00e9galit\u00e9, de qualit\u00e9, de fiabilit\u00e9, d&rsquo;utilit\u00e9 et de disponibilit\u00e9 des services fournis par des tiers et mis \u00e0 la disposition des utilisateurs sur le site web.<\/p>\n\n\n\n<p>Le fournisseur n&rsquo;accepte aucune responsabilit\u00e9 pour tout dommage pouvant r\u00e9sulter de l&rsquo;utilisation ill\u00e9gale ou inappropri\u00e9e de ce site web.<\/p>\n\n\n\n<p><strong>4. COOKIES<\/strong><\/p>\n\n\n\n<p>Le site web du fournisseur peut utiliser des cookies (petits fichiers d&rsquo;information que le serveur envoie \u00e0 l&rsquo;ordinateur de la personne qui acc\u00e8de \u00e0 la page) pour ex\u00e9cuter certaines fonctions consid\u00e9r\u00e9es comme essentielles au bon fonctionnement et \u00e0 la visualisation du site. Les cookies utilis\u00e9s sont, dans tous les cas, de nature temporaire, dans le seul but de rendre la navigation plus efficace, et disparaissent \u00e0 la fin de la session de l&rsquo;utilisateur. En aucun cas, les cookies ne sont utilis\u00e9s pour collecter des informations personnelles. Pour plus d&rsquo;informations, consultez notre <a href=\"https:\/\/www.deltacocinas.com\/politica-de-cookies\/\">Politique en mati\u00e8re de cookies<\/a>.   <\/p>\n\n\n\n<p><strong>5. LIENS<\/strong><\/p>\n\n\n\n<p>\u00c0 partir du site web, vous pouvez \u00eatre redirig\u00e9 vers du contenu sponsoris\u00e9, des publicit\u00e9s et\/ou des liens d&rsquo;affili\u00e9s et\/ou de tiers.<\/p>\n\n\n\n<p>Parmi les liens fournis, il y a la possibilit\u00e9 d&rsquo;informer ou de se r\u00e9f\u00e9rer \u00e0 des produits et\/ou des services de tiers. \u00c9tant donn\u00e9 que le site Web ne peut contr\u00f4ler le contenu introduit par des tiers, <strong>DELTA COCINAS, S.L.<\/strong> n&rsquo;assume aucune responsabilit\u00e9 quant \u00e0 ce contenu et ne garantit pas l&rsquo;exp\u00e9rience, l&rsquo;int\u00e9grit\u00e9 ou la qualit\u00e9 de ses produits. Dans tous les cas, le fournisseur d\u00e9clare qu&rsquo;il retirera imm\u00e9diatement tout contenu susceptible de contrevenir \u00e0 la l\u00e9gislation nationale ou internationale, \u00e0 la morale ou \u00e0 l&rsquo;ordre public, en supprimant imm\u00e9diatement la redirection vers ces sites Web et en informant les autorit\u00e9s comp\u00e9tentes du contenu en question.  <\/p>\n\n\n\n<p><strong>DELTA COCINAS, S.L.<\/strong> publiera ces liens jusqu&rsquo;\u00e0 ce qu&rsquo;ils soient supprim\u00e9s ou suspendus par le fournisseur ou l&rsquo;annonceur, et ne sera pas responsable m\u00eame si ces annonces peuvent \u00eatre index\u00e9es par d&rsquo;autres moteurs de recherche en dehors de ce site Web.<\/p>\n\n\n\n<p>Le fournisseur n&rsquo;est pas responsable des informations et des contenus stock\u00e9s, y compris, mais sans s&rsquo;y limiter, dans les forums, les chats, les g\u00e9n\u00e9rateurs de blogs, les commentaires, les r\u00e9seaux sociaux ou tout autre support permettant \u00e0 des tiers de publier des contenus de mani\u00e8re ind\u00e9pendante sur le site web du fournisseur. N\u00e9anmoins, et conform\u00e9ment aux dispositions des articles 11 et 16 de la LSSICE, le fournisseur se met \u00e0 la disposition de tous les utilisateurs, des autorit\u00e9s et des forces de s\u00e9curit\u00e9, et collabore activement au retrait ou, le cas \u00e9ch\u00e9ant, au blocage de tous les contenus susceptibles d&rsquo;affecter ou de contrevenir \u00e0 la l\u00e9gislation nationale ou internationale, aux droits des tiers ou aux bonnes m\u0153urs et \u00e0 l&rsquo;ordre public. Si l&rsquo;utilisateur consid\u00e8re qu&rsquo;il existe un contenu susceptible d&rsquo;\u00eatre class\u00e9 dans cette cat\u00e9gorie, il est pri\u00e9 d&rsquo;en informer imm\u00e9diatement l&rsquo;administrateur du site web.  <\/p>\n\n\n\n<p>Cependant,  <strong>CUISINES DELTA, S.L.<\/strong>  vous informe que toute relation contractuelle ou extracontractuelle que l&rsquo;utilisateur noue avec ces tiers, affili\u00e9s ou annonceurs par le biais du lien fourni par ce site web, sera valable uniquement et exclusivement entre l&rsquo;utilisateur et l&rsquo;annonceur et\/ou le tiers et  <strong>CUISINES DELTA, S.L.<\/strong>  ne sera pas responsable des dommages ou pertes qui pourraient \u00eatre caus\u00e9s par la prestation de services et\/ou les relations contractuelles ou extracontractuelles \u00e9tablies entre l&rsquo;utilisateur et les annonceurs ou les tiers contact\u00e9s par l&rsquo;interm\u00e9diaire de ce portail, \u00e9tant donn\u00e9 que le fournisseur n&rsquo;agit qu&rsquo;en qualit\u00e9 d&rsquo;interm\u00e9diaire ou de support publicitaire.<\/p>\n\n\n\n<p><strong>6. PROTECTION DES DONN\u00c9ES PERSONNELLES<\/strong><\/p>\n\n\n\n<p>Le fournisseur est tr\u00e8s attach\u00e9 au respect des r\u00e8gles de protection des donn\u00e9es personnelles et garantit le plein respect des obligations \u00e9nonc\u00e9es, ainsi que la mise en \u0153uvre des mesures de s\u00e9curit\u00e9 \u00e9nonc\u00e9es dans le r\u00e8glement europ\u00e9en sur la protection des donn\u00e9es et les r\u00e8gles espagnoles de protection des donn\u00e9es. Pour plus d&rsquo;informations, consultez notre <a href=\"https:\/\/www.deltacocinas.com\/politica-de-privacidad\/\">politique de confidentialit\u00e9<\/a>. <\/p>\n\n\n\n<p><strong>7. PROPRI\u00c9T\u00c9 INTELLECTUELLE ET INDUSTRIELLE<\/strong><\/p>\n\n\n\n<p>Le site Web, y compris, mais sans s&rsquo;y limiter : la programmation, l&rsquo;\u00e9dition, la compilation et les autres \u00e9l\u00e9ments n\u00e9cessaires \u00e0 son fonctionnement, les conceptions, les logos, les textes, les photographies et\/ou les graphiques sont la propri\u00e9t\u00e9 du fournisseur ou, le cas \u00e9ch\u00e9ant, a la licence ou l&rsquo;autorisation expresse des auteurs. Tous les contenus du site Web sont d\u00fbment prot\u00e9g\u00e9s par les r\u00e9glementations relatives \u00e0 la propri\u00e9t\u00e9 intellectuelle et industrielle. <\/p>\n\n\n\n<p>Quelle que soit la finalit\u00e9 poursuivie, la reproduction totale ou partielle, l&rsquo;utilisation, la distribution et la communication publique requi\u00e8rent l&rsquo;autorisation \u00e9crite pr\u00e9alable du fournisseur. Toute utilisation non pr\u00e9alablement autoris\u00e9e par le prestataire sera consid\u00e9r\u00e9e comme une violation grave des droits de propri\u00e9t\u00e9 intellectuelle ou industrielle de l&rsquo;auteur. <\/p>\n\n\n\n<p>Les dessins, logos, textes et\/ou graphiques qui n&rsquo;appartiennent pas au prestataire et qui peuvent appara\u00eetre sur le site web appartiennent \u00e0 leurs propri\u00e9taires respectifs, qui sont eux-m\u00eames responsables de toute controverse \u00e9ventuelle \u00e0 ce sujet. Dans tous les cas, le prestataire dispose de l&rsquo;autorisation expresse et pr\u00e9alable de ces derniers. <\/p>\n\n\n\n<p>Le fournisseur reconna\u00eet en faveur de ses propri\u00e9taires les droits de propri\u00e9t\u00e9 industrielle et intellectuelle correspondants, et la mention ou l&rsquo;apparition sur le site web n&rsquo;implique pas l&rsquo;existence de droits ou de responsabilit\u00e9s du fournisseur \u00e0 cet \u00e9gard, ni aucune approbation, parrainage ou recommandation de sa part.<\/p>\n\n\n\n<p>Pour faire des commentaires sur d&rsquo;\u00e9ventuelles violations des droits de propri\u00e9t\u00e9 intellectuelle ou industrielle, ainsi que sur n&rsquo;importe quel contenu du site web, vous pouvez envoyer un courrier \u00e9lectronique \u00e0 l&rsquo;adresse mentionn\u00e9e ci-dessus.<\/p>\n\n\n\n<p><strong>8. DROIT APPLICABLE ET JURIDICTION<\/strong><\/p>\n\n\n\n<p>Pour la r\u00e9solution des litiges ou des questions li\u00e9es \u00e0 ce site web ou aux activit\u00e9s qui y sont men\u00e9es, c&rsquo;est la l\u00e9gislation espagnole qui s&rsquo;applique, \u00e0 laquelle les parties se soumettent express\u00e9ment, et les Cours et Tribunaux de La Rioja sont comp\u00e9tents pour la r\u00e9solution de tous les litiges d\u00e9coulant de son utilisation ou li\u00e9s \u00e0 celle-ci.<\/p>\n\n\n\n<p>Mentions l\u00e9gales \u00e9labor\u00e9es et valid\u00e9es par <strong>PymeLegal, S.L.<\/strong> &#8211; <a href=\"https:\/\/www.pymelegal.es\/\">www.pymelegal.es<\/a><\/p>\n<\/div>\n\n<div style=\"height:100px\" aria-hidden=\"true\" class=\"wp-block-spacer\"><\/div>\n","protected":false},"excerpt":{"rendered":"<p>Avis juridique Conform\u00e9ment \u00e0 l&rsquo;article 10 de la loi 34\/2002 sur les services de la soci\u00e9t\u00e9 de l&rsquo;information et le commerce \u00e9lectronique, nous informons les utilisateurs de nos donn\u00e9es : Nom de la soci\u00e9t\u00e9 : DELTA COCINAS, S.L.Si\u00e8ge social : Pol\u00edgono Martin Grande, 5, 26550, Rinc\u00f3n de Soto, La RiojaNIF : B26185082E-Mail : dpd@kbv-group.comWeb : [&hellip;]<\/p>\n","protected":false},"author":1,"featured_media":0,"parent":0,"menu_order":0,"comment_status":"closed","ping_status":"closed","template":"","meta":{"footnotes":""},"categories":[],"tags":[],"class_list":["post-4216","page","type-page","status-publish","hentry"],"yoast_head":"<!-- This site is optimized with the Yoast SEO plugin v26.7 - https:\/\/yoast.com\/wordpress\/plugins\/seo\/ -->\n<title>Avis juridique | Delta Cuisines<\/title>\n<meta name=\"robots\" content=\"index, follow, max-snippet:-1, max-image-preview:large, max-video-preview:-1\" \/>\n<link rel=\"canonical\" href=\"https:\/\/deltacocinas.com\/fr\/avis-juridique\/\" \/>\n<meta property=\"og:locale\" content=\"fr_FR\" \/>\n<meta property=\"og:type\" content=\"article\" \/>\n<meta property=\"og:title\" content=\"Avis juridique | Delta Cuisines\" \/>\n<meta property=\"og:description\" content=\"Avis juridique Conform\u00e9ment \u00e0 l&rsquo;article 10 de la loi 34\/2002 sur les services de la soci\u00e9t\u00e9 de l&rsquo;information et le commerce \u00e9lectronique, nous informons les utilisateurs de nos donn\u00e9es : Nom de la soci\u00e9t\u00e9 : DELTA COCINAS, S.L.Si\u00e8ge social : Pol\u00edgono Martin Grande, 5, 26550, Rinc\u00f3n de Soto, La RiojaNIF : B26185082E-Mail : dpd@kbv-group.comWeb : [&hellip;]\" \/>\n<meta property=\"og:url\" content=\"https:\/\/deltacocinas.com\/fr\/avis-juridique\/\" \/>\n<meta property=\"og:site_name\" content=\"Delta\" \/>\n<meta property=\"article:modified_time\" content=\"2025-09-09T13:31:08+00:00\" \/>\n<meta name=\"twitter:card\" content=\"summary_large_image\" \/>\n<meta name=\"twitter:label1\" content=\"Dur\u00e9e de lecture estim\u00e9e\" \/>\n\t<meta name=\"twitter:data1\" content=\"9 minutes\" \/>\n<script type=\"application\/ld+json\" class=\"yoast-schema-graph\">{\"@context\":\"https:\/\/schema.org\",\"@graph\":[{\"@type\":\"WebPage\",\"@id\":\"https:\/\/deltacocinas.com\/fr\/avis-juridique\/\",\"url\":\"https:\/\/deltacocinas.com\/fr\/avis-juridique\/\",\"name\":\"Avis juridique | Delta Cuisines\",\"isPartOf\":{\"@id\":\"https:\/\/deltacocinas.com\/fr\/#website\"},\"datePublished\":\"2025-03-14T17:42:41+00:00\",\"dateModified\":\"2025-09-09T13:31:08+00:00\",\"breadcrumb\":{\"@id\":\"https:\/\/deltacocinas.com\/fr\/avis-juridique\/#breadcrumb\"},\"inLanguage\":\"fr-FR\",\"potentialAction\":[{\"@type\":\"ReadAction\",\"target\":[\"https:\/\/deltacocinas.com\/fr\/avis-juridique\/\"]}]},{\"@type\":\"BreadcrumbList\",\"@id\":\"https:\/\/deltacocinas.com\/fr\/avis-juridique\/#breadcrumb\",\"itemListElement\":[{\"@type\":\"ListItem\",\"position\":1,\"name\":\"Portada\",\"item\":\"https:\/\/deltacocinas.com\/fr\/\"},{\"@type\":\"ListItem\",\"position\":2,\"name\":\"Avis juridique\"}]},{\"@type\":\"WebSite\",\"@id\":\"https:\/\/deltacocinas.com\/fr\/#website\",\"url\":\"https:\/\/deltacocinas.com\/fr\/\",\"name\":\"Delta\",\"description\":\"\",\"publisher\":{\"@id\":\"https:\/\/deltacocinas.com\/fr\/#organization\"},\"potentialAction\":[{\"@type\":\"SearchAction\",\"target\":{\"@type\":\"EntryPoint\",\"urlTemplate\":\"https:\/\/deltacocinas.com\/fr\/?s={search_term_string}\"},\"query-input\":{\"@type\":\"PropertyValueSpecification\",\"valueRequired\":true,\"valueName\":\"search_term_string\"}}],\"inLanguage\":\"fr-FR\"},{\"@type\":\"Organization\",\"@id\":\"https:\/\/deltacocinas.com\/fr\/#organization\",\"name\":\"Delta\",\"url\":\"https:\/\/deltacocinas.com\/fr\/\",\"logo\":{\"@type\":\"ImageObject\",\"inLanguage\":\"fr-FR\",\"@id\":\"https:\/\/deltacocinas.com\/fr\/#\/schema\/logo\/image\/\",\"url\":\"https:\/\/deltacocinas.com\/wp-content\/uploads\/2025\/03\/Vector4.svg\",\"contentUrl\":\"https:\/\/deltacocinas.com\/wp-content\/uploads\/2025\/03\/Vector4.svg\",\"width\":93,\"height\":90,\"caption\":\"Delta\"},\"image\":{\"@id\":\"https:\/\/deltacocinas.com\/fr\/#\/schema\/logo\/image\/\"}}]}<\/script>\n<!-- \/ Yoast SEO plugin. -->","yoast_head_json":{"title":"Avis juridique | Delta Cuisines","robots":{"index":"index","follow":"follow","max-snippet":"max-snippet:-1","max-image-preview":"max-image-preview:large","max-video-preview":"max-video-preview:-1"},"canonical":"https:\/\/deltacocinas.com\/fr\/avis-juridique\/","og_locale":"fr_FR","og_type":"article","og_title":"Avis juridique | Delta Cuisines","og_description":"Avis juridique Conform\u00e9ment \u00e0 l&rsquo;article 10 de la loi 34\/2002 sur les services de la soci\u00e9t\u00e9 de l&rsquo;information et le commerce \u00e9lectronique, nous informons les utilisateurs de nos donn\u00e9es : Nom de la soci\u00e9t\u00e9 : DELTA COCINAS, S.L.Si\u00e8ge social : Pol\u00edgono Martin Grande, 5, 26550, Rinc\u00f3n de Soto, La RiojaNIF : B26185082E-Mail : dpd@kbv-group.comWeb : [&hellip;]","og_url":"https:\/\/deltacocinas.com\/fr\/avis-juridique\/","og_site_name":"Delta","article_modified_time":"2025-09-09T13:31:08+00:00","twitter_card":"summary_large_image","twitter_misc":{"Dur\u00e9e de lecture estim\u00e9e":"9 minutes"},"schema":{"@context":"https:\/\/schema.org","@graph":[{"@type":"WebPage","@id":"https:\/\/deltacocinas.com\/fr\/avis-juridique\/","url":"https:\/\/deltacocinas.com\/fr\/avis-juridique\/","name":"Avis juridique | Delta Cuisines","isPartOf":{"@id":"https:\/\/deltacocinas.com\/fr\/#website"},"datePublished":"2025-03-14T17:42:41+00:00","dateModified":"2025-09-09T13:31:08+00:00","breadcrumb":{"@id":"https:\/\/deltacocinas.com\/fr\/avis-juridique\/#breadcrumb"},"inLanguage":"fr-FR","potentialAction":[{"@type":"ReadAction","target":["https:\/\/deltacocinas.com\/fr\/avis-juridique\/"]}]},{"@type":"BreadcrumbList","@id":"https:\/\/deltacocinas.com\/fr\/avis-juridique\/#breadcrumb","itemListElement":[{"@type":"ListItem","position":1,"name":"Portada","item":"https:\/\/deltacocinas.com\/fr\/"},{"@type":"ListItem","position":2,"name":"Avis juridique"}]},{"@type":"WebSite","@id":"https:\/\/deltacocinas.com\/fr\/#website","url":"https:\/\/deltacocinas.com\/fr\/","name":"Delta","description":"","publisher":{"@id":"https:\/\/deltacocinas.com\/fr\/#organization"},"potentialAction":[{"@type":"SearchAction","target":{"@type":"EntryPoint","urlTemplate":"https:\/\/deltacocinas.com\/fr\/?s={search_term_string}"},"query-input":{"@type":"PropertyValueSpecification","valueRequired":true,"valueName":"search_term_string"}}],"inLanguage":"fr-FR"},{"@type":"Organization","@id":"https:\/\/deltacocinas.com\/fr\/#organization","name":"Delta","url":"https:\/\/deltacocinas.com\/fr\/","logo":{"@type":"ImageObject","inLanguage":"fr-FR","@id":"https:\/\/deltacocinas.com\/fr\/#\/schema\/logo\/image\/","url":"https:\/\/deltacocinas.com\/wp-content\/uploads\/2025\/03\/Vector4.svg","contentUrl":"https:\/\/deltacocinas.com\/wp-content\/uploads\/2025\/03\/Vector4.svg","width":93,"height":90,"caption":"Delta"},"image":{"@id":"https:\/\/deltacocinas.com\/fr\/#\/schema\/logo\/image\/"}}]}},"_links":{"self":[{"href":"https:\/\/deltacocinas.com\/fr\/wp-json\/wp\/v2\/pages\/4216","targetHints":{"allow":["GET"]}}],"collection":[{"href":"https:\/\/deltacocinas.com\/fr\/wp-json\/wp\/v2\/pages"}],"about":[{"href":"https:\/\/deltacocinas.com\/fr\/wp-json\/wp\/v2\/types\/page"}],"author":[{"embeddable":true,"href":"https:\/\/deltacocinas.com\/fr\/wp-json\/wp\/v2\/users\/1"}],"replies":[{"embeddable":true,"href":"https:\/\/deltacocinas.com\/fr\/wp-json\/wp\/v2\/comments?post=4216"}],"version-history":[{"count":3,"href":"https:\/\/deltacocinas.com\/fr\/wp-json\/wp\/v2\/pages\/4216\/revisions"}],"predecessor-version":[{"id":5758,"href":"https:\/\/deltacocinas.com\/fr\/wp-json\/wp\/v2\/pages\/4216\/revisions\/5758"}],"wp:attachment":[{"href":"https:\/\/deltacocinas.com\/fr\/wp-json\/wp\/v2\/media?parent=4216"}],"wp:term":[{"taxonomy":"category","embeddable":true,"href":"https:\/\/deltacocinas.com\/fr\/wp-json\/wp\/v2\/categories?post=4216"},{"taxonomy":"post_tag","embeddable":true,"href":"https:\/\/deltacocinas.com\/fr\/wp-json\/wp\/v2\/tags?post=4216"}],"curies":[{"name":"wp","href":"https:\/\/api.w.org\/{rel}","templated":true}]}}