{"id":4213,"date":"2025-03-14T18:43:08","date_gmt":"2025-03-14T18:43:08","guid":{"rendered":"https:\/\/deltacocinas.com\/toilettes\/"},"modified":"2025-05-24T23:33:29","modified_gmt":"2025-05-24T23:33:29","slug":"toilettes","status":"publish","type":"page","link":"https:\/\/deltacocinas.com\/fr\/toilettes\/","title":{"rendered":"Toilettes"},"content":{"rendered":"\n<div class=\"wp-block-group alignfull-mobile p-mobile-0 has-base-background-color has-background has-global-padding is-layout-constrained wp-container-core-group-is-layout-1bd88723 wp-block-group-is-layout-constrained\" style=\"margin-top:0;margin-bottom:var(--wp--preset--spacing--30);padding-top:var(--wp--preset--spacing--30);padding-right:var(--wp--preset--spacing--30);padding-bottom:var(--wp--preset--spacing--30);padding-left:var(--wp--preset--spacing--30)\">\n<div class=\"wp-block-columns alignwide is-layout-flex wp-container-core-columns-is-layout-7fc3d43a wp-block-columns-is-layout-flex\">\n<div class=\"wp-block-column p-mobile-0 is-layout-flow wp-block-column-is-layout-flow\">\n<figure class=\"wp-block-image size-full\"><a href=\"https:\/\/deltacocinas.com\/fr\/salle-de-bains-equilibree\/\"><img fetchpriority=\"high\" decoding=\"async\" width=\"2362\" height=\"1574\" src=\"https:\/\/deltacocinas.com\/wp-content\/uploads\/2025\/05\/d23890-edited.jpg\" alt=\"\" class=\"wp-image-1719\" style=\"aspect-ratio:16\/9;object-fit:cover\" srcset=\"https:\/\/deltacocinas.com\/wp-content\/uploads\/2025\/05\/d23890-edited.jpg 2362w, https:\/\/deltacocinas.com\/wp-content\/uploads\/2025\/05\/d23890-edited-300x200.jpg 300w, https:\/\/deltacocinas.com\/wp-content\/uploads\/2025\/05\/d23890-edited-1024x682.jpg 1024w, https:\/\/deltacocinas.com\/wp-content\/uploads\/2025\/05\/d23890-edited-768x512.jpg 768w, https:\/\/deltacocinas.com\/wp-content\/uploads\/2025\/05\/d23890-edited-1536x1024.jpg 1536w, https:\/\/deltacocinas.com\/wp-content\/uploads\/2025\/05\/d23890-edited-2048x1365.jpg 2048w\" sizes=\"(max-width: 2362px) 100vw, 2362px\" \/><\/a><\/figure>\n<\/div>\n\n\n\n<div class=\"wp-block-column is-vertically-aligned-center pt-mobile-0 is-layout-flow wp-block-column-is-layout-flow\" style=\"padding-top:var(--wp--preset--spacing--40);padding-right:var(--wp--preset--spacing--50);padding-bottom:var(--wp--preset--spacing--40);padding-left:var(--wp--preset--spacing--50)\">\n<h2 class=\"wp-block-heading object-title has-text-color has-link-color has-object-sans-font-family wp-elements-702d832f57b69b4b530e437f4cb49dab\" style=\"border-style:none;border-width:0px;color:#29282b;font-size:1.63rem;font-style:normal;font-weight:800;line-height:1.46;text-transform:uppercase\">Un design qui \u00e9quilibre votre routine<\/h2>\n\n\n\n<p class=\"descripcion-listado-producto has-text-color has-link-color has-canela-font-family wp-elements-7893240df585d651222a657d35fa0934\" style=\"color:#29282b;font-size:1.25rem\">Une salle de bains o\u00f9 le noir devient calme, l&rsquo;ordre devient forme et o\u00f9 chaque d\u00e9tail est con\u00e7u pour vous accompagner avec style, jour apr\u00e8s jour.<\/p>\n\n\n\n<p class=\"enlace-listado-producto has-text-color has-link-color has-object-sans-font-family wp-elements-14461d691b860a40cb4d4a3da9a6a24a\" style=\"color:#29282b;font-size:1.13rem\"><a href=\"https:\/\/deltacocinas.com\/fr\/salle-de-bains-equilibree\/\" data-type=\"page\" data-id=\"1724\">Voir la <strong>salle de bain<\/strong> <img decoding=\"async\" class=\"wp-image-1428\" style=\"width: 13px;\" src=\"https:\/\/deltacocinas.com\/wp-content\/uploads\/2025\/04\/arrow_insert.svg\" alt=\"\"\/><\/a><\/p>\n<\/div>\n<\/div>\n<\/div>\n\n<div class=\"wp-block-group alignfull-mobile p-mobile-0 has-base-background-color has-background has-global-padding is-layout-constrained wp-container-core-group-is-layout-1bd88723 wp-block-group-is-layout-constrained\" style=\"margin-top:0;margin-bottom:var(--wp--preset--spacing--30);padding-top:var(--wp--preset--spacing--30);padding-right:var(--wp--preset--spacing--30);padding-bottom:var(--wp--preset--spacing--30);padding-left:var(--wp--preset--spacing--30)\">\n<div class=\"wp-block-columns alignwide is-layout-flex wp-container-core-columns-is-layout-7fc3d43a wp-block-columns-is-layout-flex\">\n<div class=\"wp-block-column p-mobile-0 is-layout-flow wp-block-column-is-layout-flow\">\n<figure class=\"wp-block-image size-full\"><a href=\"https:\/\/deltacocinas.com\/fr\/salle-de-bains-inspirante\/\"><img decoding=\"async\" width=\"2362\" height=\"1574\" src=\"https:\/\/deltacocinas.com\/wp-content\/uploads\/2025\/05\/d23853-copia2-copia-edited.jpg\" alt=\"\" class=\"wp-image-1722\" style=\"aspect-ratio:16\/9;object-fit:cover\" srcset=\"https:\/\/deltacocinas.com\/wp-content\/uploads\/2025\/05\/d23853-copia2-copia-edited.jpg 2362w, https:\/\/deltacocinas.com\/wp-content\/uploads\/2025\/05\/d23853-copia2-copia-edited-300x200.jpg 300w, https:\/\/deltacocinas.com\/wp-content\/uploads\/2025\/05\/d23853-copia2-copia-edited-1024x682.jpg 1024w, https:\/\/deltacocinas.com\/wp-content\/uploads\/2025\/05\/d23853-copia2-copia-edited-768x512.jpg 768w, https:\/\/deltacocinas.com\/wp-content\/uploads\/2025\/05\/d23853-copia2-copia-edited-1536x1024.jpg 1536w, https:\/\/deltacocinas.com\/wp-content\/uploads\/2025\/05\/d23853-copia2-copia-edited-2048x1365.jpg 2048w\" sizes=\"(max-width: 2362px) 100vw, 2362px\" \/><\/a><\/figure>\n<\/div>\n\n\n\n<div class=\"wp-block-column is-vertically-aligned-center pt-mobile-0 is-layout-flow wp-block-column-is-layout-flow\" style=\"padding-top:var(--wp--preset--spacing--40);padding-right:var(--wp--preset--spacing--50);padding-bottom:var(--wp--preset--spacing--40);padding-left:var(--wp--preset--spacing--50)\">\n<h2 class=\"wp-block-heading object-title has-text-color has-link-color has-object-sans-font-family wp-elements-00fe9651023c748a5d02eda74513b821\" style=\"border-style:none;border-width:0px;color:#29282b;font-size:1.63rem;font-style:normal;font-weight:800;line-height:1.46;text-transform:uppercase\">Un design qui refl\u00e8te votre style<\/h2>\n\n\n\n<p class=\"descripcion-listado-producto has-text-color has-link-color has-canela-font-family wp-elements-9dd59096242adf3f698a74c05aa33d29\" style=\"color:#29282b;font-size:1.25rem\">Une composition \u00e9l\u00e9gante o\u00f9 l&rsquo;association des couleurs inspire le calme et la s\u00e9r\u00e9nit\u00e9. Une salle de bains con\u00e7ue pour \u00eatre partag\u00e9e sans renoncer \u00e0 l&rsquo;aspect personnel. <\/p>\n\n\n\n<p class=\"enlace-listado-producto has-text-color has-link-color has-pp-object-sans-font-family wp-elements-d320dff9c8f1b8793f21270f9bff9057\" style=\"color:#29282b;font-size:1.13rem\"><a href=\"https:\/\/deltacocinas.com\/fr\/salle-de-bains-inspirante\/\" data-type=\"page\" data-id=\"1729\">Voir la <strong>salle de bain<\/strong> <img decoding=\"async\" class=\"wp-image-1428\" style=\"width: 13px;\" src=\"https:\/\/deltacocinas.com\/wp-content\/uploads\/2025\/04\/arrow_insert.svg\" alt=\"\"\/><\/a><\/p>\n<\/div>\n<\/div>\n<\/div>\n","protected":false},"excerpt":{"rendered":"<p>Un design qui \u00e9quilibre votre routine Une salle de bains o\u00f9 le noir devient calme, l&rsquo;ordre devient forme et o\u00f9 chaque d\u00e9tail est con\u00e7u pour vous accompagner avec style, jour apr\u00e8s jour. Voir la salle de bain Un design qui refl\u00e8te votre style Une composition \u00e9l\u00e9gante o\u00f9 l&rsquo;association des couleurs inspire le calme et la [&hellip;]<\/p>\n","protected":false},"author":1,"featured_media":0,"parent":0,"menu_order":0,"comment_status":"closed","ping_status":"closed","template":"","meta":{"footnotes":""},"categories":[],"tags":[],"class_list":["post-4213","page","type-page","status-publish","hentry"],"yoast_head":"<!-- This site is optimized with the Yoast SEO plugin v26.7 - https:\/\/yoast.com\/wordpress\/plugins\/seo\/ -->\n<title>Salles de bains : design \u00e9l\u00e9gant et fonctionnel - Delta<\/title>\n<meta name=\"description\" content=\"D\u00e9couvrez des salles de bains o\u00f9 le design \u00e9quilibre votre quotidien. Des d\u00e9tails et des solutions personnalis\u00e9s pour inspirer le calme et le style.\" \/>\n<meta name=\"robots\" content=\"index, follow, max-snippet:-1, max-image-preview:large, max-video-preview:-1\" \/>\n<link rel=\"canonical\" href=\"https:\/\/deltacocinas.com\/fr\/toilettes\/\" \/>\n<meta property=\"og:locale\" content=\"fr_FR\" \/>\n<meta property=\"og:type\" content=\"article\" \/>\n<meta property=\"og:title\" content=\"Salles de bains : design \u00e9l\u00e9gant et fonctionnel - Delta\" \/>\n<meta property=\"og:description\" content=\"D\u00e9couvrez des salles de bains o\u00f9 le design \u00e9quilibre votre quotidien. Des d\u00e9tails et des solutions personnalis\u00e9s pour inspirer le calme et le style.\" \/>\n<meta property=\"og:url\" content=\"https:\/\/deltacocinas.com\/fr\/toilettes\/\" \/>\n<meta property=\"og:site_name\" content=\"Delta\" \/>\n<meta property=\"article:modified_time\" content=\"2025-05-24T23:33:29+00:00\" \/>\n<meta property=\"og:image\" content=\"https:\/\/deltacocinas.com\/wp-content\/uploads\/2025\/05\/d23890-edited.jpg\" \/>\n\t<meta property=\"og:image:width\" content=\"2362\" \/>\n\t<meta property=\"og:image:height\" content=\"1574\" \/>\n\t<meta property=\"og:image:type\" content=\"image\/jpeg\" \/>\n<meta name=\"twitter:card\" content=\"summary_large_image\" \/>\n<script type=\"application\/ld+json\" class=\"yoast-schema-graph\">{\"@context\":\"https:\/\/schema.org\",\"@graph\":[{\"@type\":\"WebPage\",\"@id\":\"https:\/\/deltacocinas.com\/fr\/toilettes\/\",\"url\":\"https:\/\/deltacocinas.com\/fr\/toilettes\/\",\"name\":\"Salles de bains : design \u00e9l\u00e9gant et fonctionnel - Delta\",\"isPartOf\":{\"@id\":\"https:\/\/deltacocinas.com\/fr\/#website\"},\"primaryImageOfPage\":{\"@id\":\"https:\/\/deltacocinas.com\/fr\/toilettes\/#primaryimage\"},\"image\":{\"@id\":\"https:\/\/deltacocinas.com\/fr\/toilettes\/#primaryimage\"},\"thumbnailUrl\":\"https:\/\/deltacocinas.com\/wp-content\/uploads\/2025\/05\/d23890-edited.jpg\",\"datePublished\":\"2025-03-14T18:43:08+00:00\",\"dateModified\":\"2025-05-24T23:33:29+00:00\",\"description\":\"D\u00e9couvrez des salles de bains o\u00f9 le design \u00e9quilibre votre quotidien. Des d\u00e9tails et des solutions personnalis\u00e9s pour inspirer le calme et le style.\",\"breadcrumb\":{\"@id\":\"https:\/\/deltacocinas.com\/fr\/toilettes\/#breadcrumb\"},\"inLanguage\":\"fr-FR\",\"potentialAction\":[{\"@type\":\"ReadAction\",\"target\":[\"https:\/\/deltacocinas.com\/fr\/toilettes\/\"]}]},{\"@type\":\"ImageObject\",\"inLanguage\":\"fr-FR\",\"@id\":\"https:\/\/deltacocinas.com\/fr\/toilettes\/#primaryimage\",\"url\":\"https:\/\/deltacocinas.com\/wp-content\/uploads\/2025\/05\/d23890-edited.jpg\",\"contentUrl\":\"https:\/\/deltacocinas.com\/wp-content\/uploads\/2025\/05\/d23890-edited.jpg\"},{\"@type\":\"BreadcrumbList\",\"@id\":\"https:\/\/deltacocinas.com\/fr\/toilettes\/#breadcrumb\",\"itemListElement\":[{\"@type\":\"ListItem\",\"position\":1,\"name\":\"Portada\",\"item\":\"https:\/\/deltacocinas.com\/fr\/\"},{\"@type\":\"ListItem\",\"position\":2,\"name\":\"Toilettes\"}]},{\"@type\":\"WebSite\",\"@id\":\"https:\/\/deltacocinas.com\/fr\/#website\",\"url\":\"https:\/\/deltacocinas.com\/fr\/\",\"name\":\"Delta\",\"description\":\"\",\"publisher\":{\"@id\":\"https:\/\/deltacocinas.com\/fr\/#organization\"},\"potentialAction\":[{\"@type\":\"SearchAction\",\"target\":{\"@type\":\"EntryPoint\",\"urlTemplate\":\"https:\/\/deltacocinas.com\/fr\/?s={search_term_string}\"},\"query-input\":{\"@type\":\"PropertyValueSpecification\",\"valueRequired\":true,\"valueName\":\"search_term_string\"}}],\"inLanguage\":\"fr-FR\"},{\"@type\":\"Organization\",\"@id\":\"https:\/\/deltacocinas.com\/fr\/#organization\",\"name\":\"Delta\",\"url\":\"https:\/\/deltacocinas.com\/fr\/\",\"logo\":{\"@type\":\"ImageObject\",\"inLanguage\":\"fr-FR\",\"@id\":\"https:\/\/deltacocinas.com\/fr\/#\/schema\/logo\/image\/\",\"url\":\"https:\/\/deltacocinas.com\/wp-content\/uploads\/2025\/03\/Vector4.svg\",\"contentUrl\":\"https:\/\/deltacocinas.com\/wp-content\/uploads\/2025\/03\/Vector4.svg\",\"width\":93,\"height\":90,\"caption\":\"Delta\"},\"image\":{\"@id\":\"https:\/\/deltacocinas.com\/fr\/#\/schema\/logo\/image\/\"}}]}<\/script>\n<!-- \/ Yoast SEO plugin. -->","yoast_head_json":{"title":"Salles de bains : design \u00e9l\u00e9gant et fonctionnel - Delta","description":"D\u00e9couvrez des salles de bains o\u00f9 le design \u00e9quilibre votre quotidien. Des d\u00e9tails et des solutions personnalis\u00e9s pour inspirer le calme et le style.","robots":{"index":"index","follow":"follow","max-snippet":"max-snippet:-1","max-image-preview":"max-image-preview:large","max-video-preview":"max-video-preview:-1"},"canonical":"https:\/\/deltacocinas.com\/fr\/toilettes\/","og_locale":"fr_FR","og_type":"article","og_title":"Salles de bains : design \u00e9l\u00e9gant et fonctionnel - Delta","og_description":"D\u00e9couvrez des salles de bains o\u00f9 le design \u00e9quilibre votre quotidien. Des d\u00e9tails et des solutions personnalis\u00e9s pour inspirer le calme et le style.","og_url":"https:\/\/deltacocinas.com\/fr\/toilettes\/","og_site_name":"Delta","article_modified_time":"2025-05-24T23:33:29+00:00","og_image":[{"width":2362,"height":1574,"url":"https:\/\/deltacocinas.com\/wp-content\/uploads\/2025\/05\/d23890-edited.jpg","type":"image\/jpeg"}],"twitter_card":"summary_large_image","schema":{"@context":"https:\/\/schema.org","@graph":[{"@type":"WebPage","@id":"https:\/\/deltacocinas.com\/fr\/toilettes\/","url":"https:\/\/deltacocinas.com\/fr\/toilettes\/","name":"Salles de bains : design \u00e9l\u00e9gant et fonctionnel - Delta","isPartOf":{"@id":"https:\/\/deltacocinas.com\/fr\/#website"},"primaryImageOfPage":{"@id":"https:\/\/deltacocinas.com\/fr\/toilettes\/#primaryimage"},"image":{"@id":"https:\/\/deltacocinas.com\/fr\/toilettes\/#primaryimage"},"thumbnailUrl":"https:\/\/deltacocinas.com\/wp-content\/uploads\/2025\/05\/d23890-edited.jpg","datePublished":"2025-03-14T18:43:08+00:00","dateModified":"2025-05-24T23:33:29+00:00","description":"D\u00e9couvrez des salles de bains o\u00f9 le design \u00e9quilibre votre quotidien. Des d\u00e9tails et des solutions personnalis\u00e9s pour inspirer le calme et le style.","breadcrumb":{"@id":"https:\/\/deltacocinas.com\/fr\/toilettes\/#breadcrumb"},"inLanguage":"fr-FR","potentialAction":[{"@type":"ReadAction","target":["https:\/\/deltacocinas.com\/fr\/toilettes\/"]}]},{"@type":"ImageObject","inLanguage":"fr-FR","@id":"https:\/\/deltacocinas.com\/fr\/toilettes\/#primaryimage","url":"https:\/\/deltacocinas.com\/wp-content\/uploads\/2025\/05\/d23890-edited.jpg","contentUrl":"https:\/\/deltacocinas.com\/wp-content\/uploads\/2025\/05\/d23890-edited.jpg"},{"@type":"BreadcrumbList","@id":"https:\/\/deltacocinas.com\/fr\/toilettes\/#breadcrumb","itemListElement":[{"@type":"ListItem","position":1,"name":"Portada","item":"https:\/\/deltacocinas.com\/fr\/"},{"@type":"ListItem","position":2,"name":"Toilettes"}]},{"@type":"WebSite","@id":"https:\/\/deltacocinas.com\/fr\/#website","url":"https:\/\/deltacocinas.com\/fr\/","name":"Delta","description":"","publisher":{"@id":"https:\/\/deltacocinas.com\/fr\/#organization"},"potentialAction":[{"@type":"SearchAction","target":{"@type":"EntryPoint","urlTemplate":"https:\/\/deltacocinas.com\/fr\/?s={search_term_string}"},"query-input":{"@type":"PropertyValueSpecification","valueRequired":true,"valueName":"search_term_string"}}],"inLanguage":"fr-FR"},{"@type":"Organization","@id":"https:\/\/deltacocinas.com\/fr\/#organization","name":"Delta","url":"https:\/\/deltacocinas.com\/fr\/","logo":{"@type":"ImageObject","inLanguage":"fr-FR","@id":"https:\/\/deltacocinas.com\/fr\/#\/schema\/logo\/image\/","url":"https:\/\/deltacocinas.com\/wp-content\/uploads\/2025\/03\/Vector4.svg","contentUrl":"https:\/\/deltacocinas.com\/wp-content\/uploads\/2025\/03\/Vector4.svg","width":93,"height":90,"caption":"Delta"},"image":{"@id":"https:\/\/deltacocinas.com\/fr\/#\/schema\/logo\/image\/"}}]}},"_links":{"self":[{"href":"https:\/\/deltacocinas.com\/fr\/wp-json\/wp\/v2\/pages\/4213","targetHints":{"allow":["GET"]}}],"collection":[{"href":"https:\/\/deltacocinas.com\/fr\/wp-json\/wp\/v2\/pages"}],"about":[{"href":"https:\/\/deltacocinas.com\/fr\/wp-json\/wp\/v2\/types\/page"}],"author":[{"embeddable":true,"href":"https:\/\/deltacocinas.com\/fr\/wp-json\/wp\/v2\/users\/1"}],"replies":[{"embeddable":true,"href":"https:\/\/deltacocinas.com\/fr\/wp-json\/wp\/v2\/comments?post=4213"}],"version-history":[{"count":2,"href":"https:\/\/deltacocinas.com\/fr\/wp-json\/wp\/v2\/pages\/4213\/revisions"}],"predecessor-version":[{"id":4219,"href":"https:\/\/deltacocinas.com\/fr\/wp-json\/wp\/v2\/pages\/4213\/revisions\/4219"}],"wp:attachment":[{"href":"https:\/\/deltacocinas.com\/fr\/wp-json\/wp\/v2\/media?parent=4213"}],"wp:term":[{"taxonomy":"category","embeddable":true,"href":"https:\/\/deltacocinas.com\/fr\/wp-json\/wp\/v2\/categories?post=4213"},{"taxonomy":"post_tag","embeddable":true,"href":"https:\/\/deltacocinas.com\/fr\/wp-json\/wp\/v2\/tags?post=4213"}],"curies":[{"name":"wp","href":"https:\/\/api.w.org\/{rel}","templated":true}]}}