{"id":4207,"date":"2025-03-13T12:13:48","date_gmt":"2025-03-13T11:13:48","guid":{"rendered":"https:\/\/deltacocinas.com\/magazine\/"},"modified":"2026-02-03T19:24:18","modified_gmt":"2026-02-03T18:24:18","slug":"magazine","status":"publish","type":"page","link":"https:\/\/deltacocinas.com\/fr\/magazine\/","title":{"rendered":"Magazine"},"content":{"rendered":"\n<div class=\"wp-block-group encabezado-general p-mobile-0 has-global-padding is-layout-constrained wp-container-core-group-is-layout-dc80c201 wp-block-group-is-layout-constrained\" style=\"padding-top:var(--wp--preset--spacing--50);padding-right:var(--wp--preset--spacing--50);padding-bottom:var(--wp--preset--spacing--50);padding-left:var(--wp--preset--spacing--50)\">\n<h1 class=\"wp-block-heading alignwide has-text-align-center object-title has-text-color has-link-color wp-elements-9da39f4b416a31fe91c2c2a14ba8b5d0\" style=\"color:#29282b;font-size:1.63rem;font-style:normal;font-weight:700;line-height:1.46\">MAGAZINE<\/h1>\n\n\n\n<p class=\"has-text-align-center canela-subtitle-canela has-canela-font-family\" style=\"font-size:1.25rem\">Dans ces pages, nous vous invitons \u00e0 d\u00e9couvrir des mod\u00e8les uniques de si\u00e8ges, de buffets, de consoles et de syst\u00e8mes de rangement, con\u00e7us pour rehausser chaque coin de votre maison. Plongez dans des propositions qui vous inspirent, des mat\u00e9riaux qui vous inspirent et des solutions intelligentes qui r\u00e9pondent \u00e0 votre rythme quotidien. Bienvenue dans un guide o\u00f9 le mobilier devient l&rsquo;\u00e2me de votre maison.  <\/p>\n<\/div>\n\n\n\n<div class=\"gb-element-593aea4a delta-nav-cat\">\n<a class=\"gb-text gb-text-f71f0f9c\" href=\"https:\/\/deltacocinas.com\/fr\/category\/design-et-tendances\/\">Design et tendances<\/a>\n\n\n\n<a class=\"gb-text gb-text-777ec827\" href=\"https:\/\/deltacocinas.com\/fr\/category\/durabilite\/\">Durabilit\u00e9<\/a>\n\n\n\n<a class=\"gb-text gb-text-ed4cb1c4\" href=\"https:\/\/deltacocinas.com\/fr\/category\/projets\/\">Projets<\/a>\n\n\n\n<a class=\"gb-text gb-text-c9924a83\" href=\"https:\/\/deltacocinas.com\/fr\/category\/accueil\/\">Accueil<\/a>\n\n\n\n<a class=\"gb-text gb-text-96f75af4\" href=\"https:\/\/deltacocinas.com\/fr\/category\/materiaux-delta\/\">Mat\u00e9riaux delta<\/a>\n<\/div>\n\n\n\n<div class=\"gb-query-1067dbe1\"><div class=\"gb-looper-a62f75e9\">\n<div class=\"gb-loop-item gb-loop-item-db14aa01 post-13764 post type-post status-publish format-standard has-post-thumbnail hentry category-design-et-tendances\">\n<img fetchpriority=\"high\" decoding=\"async\" width=\"1600\" height=\"1067\" data-media-id=\"13755\" class=\"gb-media-084dc26d\" src=\"https:\/\/deltacocinas.com\/wp-content\/uploads\/2026\/04\/COCINAS-MAYO-288.jpg\" alt=\"\u00ceLOT DE CUISINE OU P\u00c9NINSULE : DIFF\u00c9RENCES ET COMMENT FAIRE LE BON CHOIX POUR VOTRE CUISINE\" srcset=\"https:\/\/deltacocinas.com\/wp-content\/uploads\/2026\/04\/COCINAS-MAYO-288.jpg 1600w, https:\/\/deltacocinas.com\/wp-content\/uploads\/2026\/04\/COCINAS-MAYO-288-300x200.jpg 300w, https:\/\/deltacocinas.com\/wp-content\/uploads\/2026\/04\/COCINAS-MAYO-288-1024x683.jpg 1024w, https:\/\/deltacocinas.com\/wp-content\/uploads\/2026\/04\/COCINAS-MAYO-288-768x512.jpg 768w, https:\/\/deltacocinas.com\/wp-content\/uploads\/2026\/04\/COCINAS-MAYO-288-1536x1024.jpg 1536w\" sizes=\"(max-width: 1600px) 100vw, 1600px\" \/>\n\n\n\n<div class=\"gb-element-0a861737\">\n<p class=\"gb-text gb-text-8a3ca878\"><span>Design et tendances<\/span><\/p>\n\n\n\n<h2 class=\"gb-text gb-text-fff2374c\"><a href=\"https:\/\/deltacocinas.com\/fr\/ilot-de-cuisine-ou-peninsule-differences-et-comment-faire-le-bon-choix-pour-votre-cuisine\/\">\u00ceLOT DE CUISINE OU P\u00c9NINSULE : DIFF\u00c9RENCES ET COMMENT FAIRE LE BON CHOIX POUR VOTRE CUISINE<\/a><\/h2>\n\n\n\n\n\n<a class=\"gb-text gb-text-49bb52a6\" href=\"https:\/\/deltacocinas.com\/fr\/ilot-de-cuisine-ou-peninsule-differences-et-comment-faire-le-bon-choix-pour-votre-cuisine\/\">Lire plus <img decoding=\"async\" class=\"wp-image-1428\" style=\"width: 13px;\" src=\"https:\/\/deltacocinas.com\/wp-content\/uploads\/2025\/04\/arrow_insert.svg\" alt=\"\"><\/a>\n<\/div>\n<\/div>\n\n<div class=\"gb-loop-item gb-loop-item-db14aa01 post-13607 post type-post status-publish format-standard has-post-thumbnail hentry category-design-et-tendances\">\n<img decoding=\"async\" width=\"1235\" height=\"800\" data-media-id=\"13574\" class=\"gb-media-084dc26d\" src=\"https:\/\/deltacocinas.com\/wp-content\/uploads\/2026\/04\/soluciones-cocinas-muy-pequenas.jpg\" alt=\"6 SOLUTIONS POUR LES TR\u00c8S PETITES CUISINES : POUR QUE CUISINER SOIT UN PLAISIR ET NON UNE CORV\u00c9E\" srcset=\"https:\/\/deltacocinas.com\/wp-content\/uploads\/2026\/04\/soluciones-cocinas-muy-pequenas.jpg 1235w, https:\/\/deltacocinas.com\/wp-content\/uploads\/2026\/04\/soluciones-cocinas-muy-pequenas-300x194.jpg 300w, https:\/\/deltacocinas.com\/wp-content\/uploads\/2026\/04\/soluciones-cocinas-muy-pequenas-1024x663.jpg 1024w, https:\/\/deltacocinas.com\/wp-content\/uploads\/2026\/04\/soluciones-cocinas-muy-pequenas-768x497.jpg 768w\" sizes=\"(max-width: 1235px) 100vw, 1235px\" \/>\n\n\n\n<div class=\"gb-element-0a861737\">\n<p class=\"gb-text gb-text-8a3ca878\"><span>Design et tendances<\/span><\/p>\n\n\n\n<h2 class=\"gb-text gb-text-fff2374c\"><a href=\"https:\/\/deltacocinas.com\/fr\/6-solutions-pour-les-tres-petites-cuisines-pour-que-cuisiner-soit-un-plaisir-et-non-une-corvee\/\">6 SOLUTIONS POUR LES TR\u00c8S PETITES CUISINES : POUR QUE CUISINER SOIT UN PLAISIR ET NON UNE CORV\u00c9E<\/a><\/h2>\n\n\n\n\n\n<a class=\"gb-text gb-text-49bb52a6\" href=\"https:\/\/deltacocinas.com\/fr\/6-solutions-pour-les-tres-petites-cuisines-pour-que-cuisiner-soit-un-plaisir-et-non-une-corvee\/\">Lire plus <img decoding=\"async\" class=\"wp-image-1428\" style=\"width: 13px;\" src=\"https:\/\/deltacocinas.com\/wp-content\/uploads\/2025\/04\/arrow_insert.svg\" alt=\"\"><\/a>\n<\/div>\n<\/div>\n\n<div class=\"gb-loop-item gb-loop-item-db14aa01 post-11580 post type-post status-publish format-standard has-post-thumbnail hentry category-projets category-proyectos\">\n<img decoding=\"async\" width=\"1428\" height=\"952\" data-media-id=\"11474\" class=\"gb-media-084dc26d\" src=\"https:\/\/deltacocinas.com\/wp-content\/uploads\/2026\/03\/COCINA-OBISPO-LOZANO-86.png\" alt=\"UNE CUISINE AVEC \u00ceLOT QUI TRANSFORME L\u2019ESPACE : UN PROJET D\u2019ATREZZO\" srcset=\"https:\/\/deltacocinas.com\/wp-content\/uploads\/2026\/03\/COCINA-OBISPO-LOZANO-86.png 1428w, https:\/\/deltacocinas.com\/wp-content\/uploads\/2026\/03\/COCINA-OBISPO-LOZANO-86-300x200.png 300w, https:\/\/deltacocinas.com\/wp-content\/uploads\/2026\/03\/COCINA-OBISPO-LOZANO-86-1024x683.png 1024w, https:\/\/deltacocinas.com\/wp-content\/uploads\/2026\/03\/COCINA-OBISPO-LOZANO-86-768x512.png 768w\" sizes=\"(max-width: 1428px) 100vw, 1428px\" \/>\n\n\n\n<div class=\"gb-element-0a861737\">\n<p class=\"gb-text gb-text-8a3ca878\"><span>Projets<\/span>, <span>Proyectos<\/span><\/p>\n\n\n\n<h2 class=\"gb-text gb-text-fff2374c\"><a href=\"https:\/\/deltacocinas.com\/fr\/une-cuisine-avec-ilot-qui-transforme-lespace-un-projet-datrezzo\/\">UNE CUISINE AVEC \u00ceLOT QUI TRANSFORME L&rsquo;ESPACE : UN PROJET D&rsquo;ATREZZO<\/a><\/h2>\n\n\n\n\n\n<a class=\"gb-text gb-text-49bb52a6\" href=\"https:\/\/deltacocinas.com\/fr\/une-cuisine-avec-ilot-qui-transforme-lespace-un-projet-datrezzo\/\">Lire plus <img decoding=\"async\" class=\"wp-image-1428\" style=\"width: 13px;\" src=\"https:\/\/deltacocinas.com\/wp-content\/uploads\/2025\/04\/arrow_insert.svg\" alt=\"\"><\/a>\n<\/div>\n<\/div>\n\n<div class=\"gb-loop-item gb-loop-item-db14aa01 post-10452 post type-post status-publish format-standard has-post-thumbnail hentry category-materiales-delta category-sin-categoria\">\n<img loading=\"lazy\" decoding=\"async\" width=\"1536\" height=\"1024\" data-media-id=\"10447\" class=\"gb-media-084dc26d\" src=\"https:\/\/deltacocinas.com\/wp-content\/uploads\/2026\/02\/ChatGPT-Image-6-feb-2026-12_51_42.png\" alt=\"POURQUOI L\u2019\u00c9CLAIRAGE EST-IL SI IMPORTANT DANS LA CUISINE ?\" srcset=\"https:\/\/deltacocinas.com\/wp-content\/uploads\/2026\/02\/ChatGPT-Image-6-feb-2026-12_51_42.png 1536w, https:\/\/deltacocinas.com\/wp-content\/uploads\/2026\/02\/ChatGPT-Image-6-feb-2026-12_51_42-300x200.png 300w, https:\/\/deltacocinas.com\/wp-content\/uploads\/2026\/02\/ChatGPT-Image-6-feb-2026-12_51_42-1024x683.png 1024w, https:\/\/deltacocinas.com\/wp-content\/uploads\/2026\/02\/ChatGPT-Image-6-feb-2026-12_51_42-768x512.png 768w\" sizes=\"(max-width: 1536px) 100vw, 1536px\" \/>\n\n\n\n<div class=\"gb-element-0a861737\">\n<p class=\"gb-text gb-text-8a3ca878\"><span>Materiales Delta<\/span>, <span>Sin categor\u00eda2<\/span><\/p>\n\n\n\n<h2 class=\"gb-text gb-text-fff2374c\"><a href=\"https:\/\/deltacocinas.com\/fr\/pourquoi-leclairage-est-il-si-important-dans-la-cuisine\/\">POURQUOI L\u2019\u00c9CLAIRAGE EST-IL SI IMPORTANT DANS LA CUISINE ?<\/a><\/h2>\n\n\n\n\n\n<a class=\"gb-text gb-text-49bb52a6\" href=\"https:\/\/deltacocinas.com\/fr\/pourquoi-leclairage-est-il-si-important-dans-la-cuisine\/\">Lire plus <img decoding=\"async\" class=\"wp-image-1428\" style=\"width: 13px;\" src=\"https:\/\/deltacocinas.com\/wp-content\/uploads\/2025\/04\/arrow_insert.svg\" alt=\"\"><\/a>\n<\/div>\n<\/div>\n\n<div class=\"gb-loop-item gb-loop-item-db14aa01 post-12147 post type-post status-publish format-standard has-post-thumbnail hentry category-design-et-tendances\">\n<img loading=\"lazy\" decoding=\"async\" width=\"2560\" height=\"1706\" data-media-id=\"12095\" class=\"gb-media-084dc26d\" src=\"https:\/\/deltacocinas.com\/wp-content\/uploads\/2026\/03\/60-30-10-scaled.jpg\" alt=\"LA R\u00c8GLE 60-30-10 DANS LES CUISINES : COMMENT OBTENIR UN \u00c9QUILIBRE CHROMATIQUE PARFAIT\" srcset=\"https:\/\/deltacocinas.com\/wp-content\/uploads\/2026\/03\/60-30-10-scaled.jpg 2560w, https:\/\/deltacocinas.com\/wp-content\/uploads\/2026\/03\/60-30-10-300x200.jpg 300w, https:\/\/deltacocinas.com\/wp-content\/uploads\/2026\/03\/60-30-10-1024x682.jpg 1024w, https:\/\/deltacocinas.com\/wp-content\/uploads\/2026\/03\/60-30-10-768x512.jpg 768w, https:\/\/deltacocinas.com\/wp-content\/uploads\/2026\/03\/60-30-10-1536x1023.jpg 1536w, https:\/\/deltacocinas.com\/wp-content\/uploads\/2026\/03\/60-30-10-2048x1365.jpg 2048w\" sizes=\"(max-width: 2560px) 100vw, 2560px\" \/>\n\n\n\n<div class=\"gb-element-0a861737\">\n<p class=\"gb-text gb-text-8a3ca878\"><span>Design et tendances<\/span><\/p>\n\n\n\n<h2 class=\"gb-text gb-text-fff2374c\"><a href=\"https:\/\/deltacocinas.com\/fr\/la-regle-60-30-10-dans-les-cuisines-comment-obtenir-un-equilibre-chromatique-parfait\/\">LA R\u00c8GLE 60-30-10 DANS LES CUISINES : COMMENT OBTENIR UN \u00c9QUILIBRE CHROMATIQUE PARFAIT<\/a><\/h2>\n\n\n\n\n\n<a class=\"gb-text gb-text-49bb52a6\" href=\"https:\/\/deltacocinas.com\/fr\/la-regle-60-30-10-dans-les-cuisines-comment-obtenir-un-equilibre-chromatique-parfait\/\">Lire plus <img decoding=\"async\" class=\"wp-image-1428\" style=\"width: 13px;\" src=\"https:\/\/deltacocinas.com\/wp-content\/uploads\/2025\/04\/arrow_insert.svg\" alt=\"\"><\/a>\n<\/div>\n<\/div>\n\n<div class=\"gb-loop-item gb-loop-item-db14aa01 post-11942 post type-post status-publish format-standard has-post-thumbnail hentry category-projets category-proyectos\">\n<img loading=\"lazy\" decoding=\"async\" width=\"1080\" height=\"1080\" data-media-id=\"11931\" class=\"gb-media-084dc26d\" src=\"https:\/\/deltacocinas.com\/wp-content\/uploads\/2026\/03\/Nuestro-distribuidor-@isoko_proyecto-nos-ha-dejado-totalmente-enamorados-con-uno-de-sus-ultimos-3.jpg\" alt=\"INSPIRATION BRITANNIQUE DANS LA CUISINE : UN PROJET DE DELTA ESTUDIO ISOKO\" srcset=\"https:\/\/deltacocinas.com\/wp-content\/uploads\/2026\/03\/Nuestro-distribuidor-@isoko_proyecto-nos-ha-dejado-totalmente-enamorados-con-uno-de-sus-ultimos-3.jpg 1080w, https:\/\/deltacocinas.com\/wp-content\/uploads\/2026\/03\/Nuestro-distribuidor-@isoko_proyecto-nos-ha-dejado-totalmente-enamorados-con-uno-de-sus-ultimos-3-300x300.jpg 300w, https:\/\/deltacocinas.com\/wp-content\/uploads\/2026\/03\/Nuestro-distribuidor-@isoko_proyecto-nos-ha-dejado-totalmente-enamorados-con-uno-de-sus-ultimos-3-1024x1024.jpg 1024w, https:\/\/deltacocinas.com\/wp-content\/uploads\/2026\/03\/Nuestro-distribuidor-@isoko_proyecto-nos-ha-dejado-totalmente-enamorados-con-uno-de-sus-ultimos-3-150x150.jpg 150w, https:\/\/deltacocinas.com\/wp-content\/uploads\/2026\/03\/Nuestro-distribuidor-@isoko_proyecto-nos-ha-dejado-totalmente-enamorados-con-uno-de-sus-ultimos-3-768x768.jpg 768w\" sizes=\"(max-width: 1080px) 100vw, 1080px\" \/>\n\n\n\n<div class=\"gb-element-0a861737\">\n<p class=\"gb-text gb-text-8a3ca878\"><span>Projets<\/span>, <span>Proyectos<\/span><\/p>\n\n\n\n<h2 class=\"gb-text gb-text-fff2374c\"><a href=\"https:\/\/deltacocinas.com\/fr\/inspiration-britannique-dans-la-cuisine-un-projet-de-delta-estudio-isoko\/\">INSPIRATION BRITANNIQUE DANS LA CUISINE : UN PROJET DE DELTA ESTUDIO ISOKO<\/a><\/h2>\n\n\n\n\n\n<a class=\"gb-text gb-text-49bb52a6\" href=\"https:\/\/deltacocinas.com\/fr\/inspiration-britannique-dans-la-cuisine-un-projet-de-delta-estudio-isoko\/\">Lire plus <img decoding=\"async\" class=\"wp-image-1428\" style=\"width: 13px;\" src=\"https:\/\/deltacocinas.com\/wp-content\/uploads\/2025\/04\/arrow_insert.svg\" alt=\"\"><\/a>\n<\/div>\n<\/div>\n<\/div>\n\n\n<div class=\"gb-element-2696b49c gb-query-loop-pagination\">\n\n<nav class=\"gb-query-page-numbers-57637d9a\"><span aria-current=\"page\" class=\"page-numbers current\">1<\/span>\n<a class=\"page-numbers\" href=\"?query-1067dbe1-page=2\">2<\/a>\n<a class=\"page-numbers\" href=\"?query-1067dbe1-page=3\">3<\/a>\n<a class=\"page-numbers\" href=\"?query-1067dbe1-page=4\">4<\/a>\n<span class=\"page-numbers dots\">\u2026<\/span>\n<a class=\"page-numbers\" href=\"?query-1067dbe1-page=8\">8<\/a><\/nav>\n\n\n<a class=\"gb-text gb-text-bb66e76d\" href=\"\/fr\/wp-json\/wp\/v2\/pages\/4207?query-1067dbe1-page=2\">Suivant<\/a>\n<\/div>\n\n\n<\/div>\n\n\n\n<p><\/p>\n","protected":false},"excerpt":{"rendered":"<p>MAGAZINE Dans ces pages, nous vous invitons \u00e0 d\u00e9couvrir des mod\u00e8les uniques de si\u00e8ges, de buffets, de consoles et de syst\u00e8mes de rangement, con\u00e7us pour rehausser chaque coin de votre maison. Plongez dans des propositions qui vous inspirent, des mat\u00e9riaux qui vous inspirent et des solutions intelligentes qui r\u00e9pondent \u00e0 votre rythme quotidien. Bienvenue dans [&hellip;]<\/p>\n","protected":false},"author":2,"featured_media":0,"parent":0,"menu_order":0,"comment_status":"closed","ping_status":"closed","template":"","meta":{"footnotes":""},"categories":[],"tags":[],"class_list":["post-4207","page","type-page","status-publish","hentry"],"yoast_head":"<!-- This site is optimized with the Yoast SEO plugin v26.7 - https:\/\/yoast.com\/wordpress\/plugins\/seo\/ -->\n<title>Design, tendances et mobilier - Delta<\/title>\n<meta name=\"description\" content=\"Plongez dans notre magazine avec des articles sur la d\u00e9coration d&#039;int\u00e9rieur, les tendances en mati\u00e8re de mobilier et les solutions intelligentes.\" \/>\n<meta name=\"robots\" content=\"index, follow, max-snippet:-1, max-image-preview:large, max-video-preview:-1\" \/>\n<link rel=\"canonical\" href=\"https:\/\/deltacocinas.com\/fr\/magazine\/\" \/>\n<meta property=\"og:locale\" content=\"fr_FR\" \/>\n<meta property=\"og:type\" content=\"article\" \/>\n<meta property=\"og:title\" content=\"Design, tendances et mobilier - Delta\" \/>\n<meta property=\"og:description\" content=\"Plongez dans notre magazine avec des articles sur la d\u00e9coration d&#039;int\u00e9rieur, les tendances en mati\u00e8re de mobilier et les solutions intelligentes.\" \/>\n<meta property=\"og:url\" content=\"https:\/\/deltacocinas.com\/fr\/magazine\/\" \/>\n<meta property=\"og:site_name\" content=\"Delta\" \/>\n<meta property=\"article:modified_time\" content=\"2026-02-03T18:24:18+00:00\" \/>\n<meta property=\"og:image\" content=\"https:\/\/deltacocinas.com\/wp-content\/uploads\/2025\/04\/arrow_insert.svg\" \/>\n<meta name=\"twitter:card\" content=\"summary_large_image\" \/>\n<meta name=\"twitter:label1\" content=\"Dur\u00e9e de lecture estim\u00e9e\" \/>\n\t<meta name=\"twitter:data1\" content=\"1 minute\" \/>\n<script type=\"application\/ld+json\" class=\"yoast-schema-graph\">{\"@context\":\"https:\/\/schema.org\",\"@graph\":[{\"@type\":\"WebPage\",\"@id\":\"https:\/\/deltacocinas.com\/fr\/magazine\/\",\"url\":\"https:\/\/deltacocinas.com\/fr\/magazine\/\",\"name\":\"Design, tendances et mobilier - Delta\",\"isPartOf\":{\"@id\":\"https:\/\/deltacocinas.com\/fr\/#website\"},\"primaryImageOfPage\":{\"@id\":\"https:\/\/deltacocinas.com\/fr\/magazine\/#primaryimage\"},\"image\":{\"@id\":\"https:\/\/deltacocinas.com\/fr\/magazine\/#primaryimage\"},\"thumbnailUrl\":\"https:\/\/deltacocinas.com\/wp-content\/uploads\/2025\/04\/arrow_insert.svg\",\"datePublished\":\"2025-03-13T11:13:48+00:00\",\"dateModified\":\"2026-02-03T18:24:18+00:00\",\"description\":\"Plongez dans notre magazine avec des articles sur la d\u00e9coration d'int\u00e9rieur, les tendances en mati\u00e8re de mobilier et les solutions intelligentes.\",\"breadcrumb\":{\"@id\":\"https:\/\/deltacocinas.com\/fr\/magazine\/#breadcrumb\"},\"inLanguage\":\"fr-FR\",\"potentialAction\":[{\"@type\":\"ReadAction\",\"target\":[\"https:\/\/deltacocinas.com\/fr\/magazine\/\"]}]},{\"@type\":\"ImageObject\",\"inLanguage\":\"fr-FR\",\"@id\":\"https:\/\/deltacocinas.com\/fr\/magazine\/#primaryimage\",\"url\":\"https:\/\/deltacocinas.com\/wp-content\/uploads\/2025\/04\/arrow_insert.svg\",\"contentUrl\":\"https:\/\/deltacocinas.com\/wp-content\/uploads\/2025\/04\/arrow_insert.svg\"},{\"@type\":\"BreadcrumbList\",\"@id\":\"https:\/\/deltacocinas.com\/fr\/magazine\/#breadcrumb\",\"itemListElement\":[{\"@type\":\"ListItem\",\"position\":1,\"name\":\"Portada\",\"item\":\"https:\/\/deltacocinas.com\/fr\/\"},{\"@type\":\"ListItem\",\"position\":2,\"name\":\"Magazine\"}]},{\"@type\":\"WebSite\",\"@id\":\"https:\/\/deltacocinas.com\/fr\/#website\",\"url\":\"https:\/\/deltacocinas.com\/fr\/\",\"name\":\"Delta\",\"description\":\"\",\"publisher\":{\"@id\":\"https:\/\/deltacocinas.com\/fr\/#organization\"},\"potentialAction\":[{\"@type\":\"SearchAction\",\"target\":{\"@type\":\"EntryPoint\",\"urlTemplate\":\"https:\/\/deltacocinas.com\/fr\/?s={search_term_string}\"},\"query-input\":{\"@type\":\"PropertyValueSpecification\",\"valueRequired\":true,\"valueName\":\"search_term_string\"}}],\"inLanguage\":\"fr-FR\"},{\"@type\":\"Organization\",\"@id\":\"https:\/\/deltacocinas.com\/fr\/#organization\",\"name\":\"Delta\",\"url\":\"https:\/\/deltacocinas.com\/fr\/\",\"logo\":{\"@type\":\"ImageObject\",\"inLanguage\":\"fr-FR\",\"@id\":\"https:\/\/deltacocinas.com\/fr\/#\/schema\/logo\/image\/\",\"url\":\"https:\/\/deltacocinas.com\/wp-content\/uploads\/2025\/03\/Vector4.svg\",\"contentUrl\":\"https:\/\/deltacocinas.com\/wp-content\/uploads\/2025\/03\/Vector4.svg\",\"width\":93,\"height\":90,\"caption\":\"Delta\"},\"image\":{\"@id\":\"https:\/\/deltacocinas.com\/fr\/#\/schema\/logo\/image\/\"}}]}<\/script>\n<!-- \/ Yoast SEO plugin. -->","yoast_head_json":{"title":"Design, tendances et mobilier - Delta","description":"Plongez dans notre magazine avec des articles sur la d\u00e9coration d'int\u00e9rieur, les tendances en mati\u00e8re de mobilier et les solutions intelligentes.","robots":{"index":"index","follow":"follow","max-snippet":"max-snippet:-1","max-image-preview":"max-image-preview:large","max-video-preview":"max-video-preview:-1"},"canonical":"https:\/\/deltacocinas.com\/fr\/magazine\/","og_locale":"fr_FR","og_type":"article","og_title":"Design, tendances et mobilier - Delta","og_description":"Plongez dans notre magazine avec des articles sur la d\u00e9coration d'int\u00e9rieur, les tendances en mati\u00e8re de mobilier et les solutions intelligentes.","og_url":"https:\/\/deltacocinas.com\/fr\/magazine\/","og_site_name":"Delta","article_modified_time":"2026-02-03T18:24:18+00:00","og_image":[{"url":"https:\/\/deltacocinas.com\/wp-content\/uploads\/2025\/04\/arrow_insert.svg","type":"","width":"","height":""}],"twitter_card":"summary_large_image","twitter_misc":{"Dur\u00e9e de lecture estim\u00e9e":"1 minute"},"schema":{"@context":"https:\/\/schema.org","@graph":[{"@type":"WebPage","@id":"https:\/\/deltacocinas.com\/fr\/magazine\/","url":"https:\/\/deltacocinas.com\/fr\/magazine\/","name":"Design, tendances et mobilier - Delta","isPartOf":{"@id":"https:\/\/deltacocinas.com\/fr\/#website"},"primaryImageOfPage":{"@id":"https:\/\/deltacocinas.com\/fr\/magazine\/#primaryimage"},"image":{"@id":"https:\/\/deltacocinas.com\/fr\/magazine\/#primaryimage"},"thumbnailUrl":"https:\/\/deltacocinas.com\/wp-content\/uploads\/2025\/04\/arrow_insert.svg","datePublished":"2025-03-13T11:13:48+00:00","dateModified":"2026-02-03T18:24:18+00:00","description":"Plongez dans notre magazine avec des articles sur la d\u00e9coration d'int\u00e9rieur, les tendances en mati\u00e8re de mobilier et les solutions intelligentes.","breadcrumb":{"@id":"https:\/\/deltacocinas.com\/fr\/magazine\/#breadcrumb"},"inLanguage":"fr-FR","potentialAction":[{"@type":"ReadAction","target":["https:\/\/deltacocinas.com\/fr\/magazine\/"]}]},{"@type":"ImageObject","inLanguage":"fr-FR","@id":"https:\/\/deltacocinas.com\/fr\/magazine\/#primaryimage","url":"https:\/\/deltacocinas.com\/wp-content\/uploads\/2025\/04\/arrow_insert.svg","contentUrl":"https:\/\/deltacocinas.com\/wp-content\/uploads\/2025\/04\/arrow_insert.svg"},{"@type":"BreadcrumbList","@id":"https:\/\/deltacocinas.com\/fr\/magazine\/#breadcrumb","itemListElement":[{"@type":"ListItem","position":1,"name":"Portada","item":"https:\/\/deltacocinas.com\/fr\/"},{"@type":"ListItem","position":2,"name":"Magazine"}]},{"@type":"WebSite","@id":"https:\/\/deltacocinas.com\/fr\/#website","url":"https:\/\/deltacocinas.com\/fr\/","name":"Delta","description":"","publisher":{"@id":"https:\/\/deltacocinas.com\/fr\/#organization"},"potentialAction":[{"@type":"SearchAction","target":{"@type":"EntryPoint","urlTemplate":"https:\/\/deltacocinas.com\/fr\/?s={search_term_string}"},"query-input":{"@type":"PropertyValueSpecification","valueRequired":true,"valueName":"search_term_string"}}],"inLanguage":"fr-FR"},{"@type":"Organization","@id":"https:\/\/deltacocinas.com\/fr\/#organization","name":"Delta","url":"https:\/\/deltacocinas.com\/fr\/","logo":{"@type":"ImageObject","inLanguage":"fr-FR","@id":"https:\/\/deltacocinas.com\/fr\/#\/schema\/logo\/image\/","url":"https:\/\/deltacocinas.com\/wp-content\/uploads\/2025\/03\/Vector4.svg","contentUrl":"https:\/\/deltacocinas.com\/wp-content\/uploads\/2025\/03\/Vector4.svg","width":93,"height":90,"caption":"Delta"},"image":{"@id":"https:\/\/deltacocinas.com\/fr\/#\/schema\/logo\/image\/"}}]}},"_links":{"self":[{"href":"https:\/\/deltacocinas.com\/fr\/wp-json\/wp\/v2\/pages\/4207","targetHints":{"allow":["GET"]}}],"collection":[{"href":"https:\/\/deltacocinas.com\/fr\/wp-json\/wp\/v2\/pages"}],"about":[{"href":"https:\/\/deltacocinas.com\/fr\/wp-json\/wp\/v2\/types\/page"}],"author":[{"embeddable":true,"href":"https:\/\/deltacocinas.com\/fr\/wp-json\/wp\/v2\/users\/2"}],"replies":[{"embeddable":true,"href":"https:\/\/deltacocinas.com\/fr\/wp-json\/wp\/v2\/comments?post=4207"}],"version-history":[{"count":11,"href":"https:\/\/deltacocinas.com\/fr\/wp-json\/wp\/v2\/pages\/4207\/revisions"}],"predecessor-version":[{"id":10261,"href":"https:\/\/deltacocinas.com\/fr\/wp-json\/wp\/v2\/pages\/4207\/revisions\/10261"}],"wp:attachment":[{"href":"https:\/\/deltacocinas.com\/fr\/wp-json\/wp\/v2\/media?parent=4207"}],"wp:term":[{"taxonomy":"category","embeddable":true,"href":"https:\/\/deltacocinas.com\/fr\/wp-json\/wp\/v2\/categories?post=4207"},{"taxonomy":"post_tag","embeddable":true,"href":"https:\/\/deltacocinas.com\/fr\/wp-json\/wp\/v2\/tags?post=4207"}],"curies":[{"name":"wp","href":"https:\/\/api.w.org\/{rel}","templated":true}]}}