{"id":4201,"date":"2025-03-13T12:13:25","date_gmt":"2025-03-13T11:13:25","guid":{"rendered":"https:\/\/deltacocinas.com\/nous-sommes-responsables\/"},"modified":"2025-09-08T16:05:39","modified_gmt":"2025-09-08T14:05:39","slug":"nous-sommes-responsables","status":"publish","type":"page","link":"https:\/\/deltacocinas.com\/fr\/nous-sommes-responsables\/","title":{"rendered":"Nous sommes responsables"},"content":{"rendered":"\n<div class=\"wp-block-group alignfull is-layout-flow wp-block-group-is-layout-flow\" style=\"padding-right:var(--wp--preset--spacing--30);padding-left:var(--wp--preset--spacing--30)\">\n<div class=\"wp-block-group alignfull padding-y-0-mobile-reset has-background has-global-padding is-layout-constrained wp-container-core-group-is-layout-1bd88723 wp-block-group-is-layout-constrained\" style=\"background-color:#bab7b5;margin-top:0;margin-bottom:var(--wp--preset--spacing--30);padding-top:var(--wp--preset--spacing--30);padding-right:var(--wp--preset--spacing--30);padding-bottom:var(--wp--preset--spacing--30);padding-left:var(--wp--preset--spacing--30)\">\n<div class=\"wp-block-columns alignwide is-layout-flex wp-container-core-columns-is-layout-9c22b1e3 wp-block-columns-is-layout-flex\">\n<div class=\"wp-block-column is-vertically-aligned-center padding-mobile-reset padding-x-0-mobile-reset is-layout-flow wp-block-column-is-layout-flow\" style=\"padding-top:0;padding-right:0;padding-bottom:0;padding-left:0\">\n<div class=\"wp-block-group padding-0-mobile has-global-padding is-content-justification-left is-layout-constrained wp-container-core-group-is-layout-16e6f475 wp-block-group-is-layout-constrained\" style=\"padding-top:var(--wp--preset--spacing--30);padding-right:var(--wp--preset--spacing--50);padding-bottom:var(--wp--preset--spacing--30);padding-left:var(--wp--preset--spacing--50)\">\n<h2 class=\"wp-block-heading object-title has-text-color has-link-color has-object-sans-font-family wp-elements-78bc8b8a5edcc18faca12b4fb0bbb6e5\" style=\"border-style:none;border-width:0px;color:#29282b;font-size:2.38rem;font-style:normal;font-weight:800;line-height:1.46\">NOUS SOMMES RESPONSABLES<\/h2>\n\n\n\n<p class=\"canela-subtitle-canela has-text-color has-link-color has-canela-font-family wp-elements-40cdfb7e565abc1b2b870508c7d16dd6\" style=\"color:#29282b;font-size:1.2rem\">Chez DELTA, nous comprenons que le succ\u00e8s d&rsquo;une entreprise ne se mesure pas seulement \u00e0 la qualit\u00e9 de ses produits, mais aussi \u00e0 l&rsquo;int\u00e9grit\u00e9 avec laquelle elle agit.<\/p>\n\n\n\n<p class=\"canela-subtitle-canela has-text-color has-link-color has-canela-font-family wp-elements-a56824ebb120ae4ef359e71ef1661ec3\" style=\"color:#29282b;font-size:1.2rem\">Depuis notre cr\u00e9ation, nous avons construit notre identit\u00e9 d&rsquo;entreprise sur l&rsquo;honn\u00eatet\u00e9, la transparence et le respect de tous les groupes avec lesquels nous interagissons : clients, employ\u00e9s, partenaires et la communaut\u00e9 dans son ensemble.<\/p>\n<\/div>\n<\/div>\n\n\n\n<div class=\"wp-block-column is-vertically-aligned-top p-mobile-0 is-layout-flow wp-block-column-is-layout-flow\" style=\"padding-right:var(--wp--preset--spacing--30)\">\n<figure class=\"wp-block-image alignright size-full padding-mobile-reset alignright-mobile-revert foto-quienes-somos\"><img fetchpriority=\"high\" decoding=\"async\" width=\"2560\" height=\"1920\" src=\"https:\/\/deltacocinas.com\/wp-content\/uploads\/2025\/04\/FABRICA-DELTA44823-copia-scaled.jpg\" alt=\"Cette image montre une femme &#xE0; l'expression confiante, debout, les bras crois&#xE9;s, portant un uniforme gris avec les logos &#xAB; DELTA &#xBB; et &#xAB; kbv &#xBB;. L'arri&#xE8;re-plan est compos&#xE9; de panneaux verticaux qui pourraient &#xEA;tre des &#xE9;chantillons de mat&#xE9;riaux ou des portes de meubles, sugg&#xE9;rant un environnement li&#xE9; &#xE0; la fabrication ou &#xE0; la d&#xE9;coration d'int&#xE9;rieur. \" class=\"wp-image-1378\" srcset=\"https:\/\/deltacocinas.com\/wp-content\/uploads\/2025\/04\/FABRICA-DELTA44823-copia-scaled.jpg 2560w, https:\/\/deltacocinas.com\/wp-content\/uploads\/2025\/04\/FABRICA-DELTA44823-copia-300x225.jpg 300w, https:\/\/deltacocinas.com\/wp-content\/uploads\/2025\/04\/FABRICA-DELTA44823-copia-1024x768.jpg 1024w, https:\/\/deltacocinas.com\/wp-content\/uploads\/2025\/04\/FABRICA-DELTA44823-copia-768x576.jpg 768w, https:\/\/deltacocinas.com\/wp-content\/uploads\/2025\/04\/FABRICA-DELTA44823-copia-1536x1152.jpg 1536w, https:\/\/deltacocinas.com\/wp-content\/uploads\/2025\/04\/FABRICA-DELTA44823-copia-2048x1536.jpg 2048w\" sizes=\"(max-width: 2560px) 100vw, 2560px\" \/><\/figure>\n<\/div>\n<\/div>\n<\/div>\n<\/div>\n\n<div class=\"wp-block-group alignwide alignfull-mobile has-global-padding is-layout-constrained wp-block-group-is-layout-constrained\" style=\"margin-top:0;margin-bottom:0\">\n<div class=\"wp-block-columns alignwide no-gap-mobile is-layout-flex wp-container-core-columns-is-layout-4c2ea93f wp-block-columns-is-layout-flex\" style=\"margin-top:0;margin-bottom:0;padding-right:0;padding-left:0\">\n<div class=\"wp-block-column is-vertically-aligned-top padding-mobile-reset is-layout-flow wp-block-column-is-layout-flow\" style=\"padding-top:var(--wp--preset--spacing--60);padding-right:var(--wp--preset--spacing--50);padding-bottom:var(--wp--preset--spacing--70);padding-left:var(--wp--preset--spacing--50);flex-basis:40%\">\n<h2 class=\"wp-block-heading alignwide has-text-align-left object-title p-mobile-0 has-text-color has-link-color has-object-sans-font-family wp-elements-df62dc131343303403ea643c7673b367\" style=\"color:#29282b;font-size:2.38rem;line-height:1.3;text-transform:uppercase\"><strong><strong>L&rsquo;\u00e9thique dans chaque<\/strong><\/strong><br\/><strong><strong>d\u00e9cision<\/strong><\/strong><\/h2>\n\n\n\n<p class=\"medium-canela p-mobile-0 has-text-color has-link-color has-canela-font-family wp-elements-150c83331def7b3b655154e3204e48eb\" style=\"color:#29282b;font-size:1.5rem\">L&rsquo;\u00e9thique est le pilier fondamental qui guide chacune de nos d\u00e9cisions.<\/p>\n<\/div>\n\n\n\n<div class=\"wp-block-column is-vertically-aligned-center padding-mobile-reset is-layout-flow wp-block-column-is-layout-flow\" style=\"padding-top:53px;padding-right:var(--wp--preset--spacing--80);padding-bottom:53px;flex-basis:50%\">\n<p class=\"object-body has-text-color has-link-color wp-elements-5e24b8179c2e44a3746304ad592f1620\" style=\"color:#29282b;font-size:1rem\">Nous agissons de mani\u00e8re responsable dans tous les aspects de notre activit\u00e9, en veillant \u00e0 ce que toutes nos activit\u00e9s soient men\u00e9es de mani\u00e8re \u00e9quitable, respectueuse et conforme aux r\u00e9glementations locales et internationales.<\/p>\n\n\n\n<p class=\"object-body has-text-color has-link-color wp-elements-9afbf2abbdd189d64c0d87c998de1460\" style=\"color:#29282b;font-size:1rem\">Nous sommes fermement convaincus que la conduite \u00e9thique des affaires non seulement renforce nos relations commerciales, mais contribue \u00e9galement au d\u00e9veloppement d&rsquo;une soci\u00e9t\u00e9 plus juste et plus \u00e9quitable.<\/p>\n<\/div>\n<\/div>\n<\/div>\n\n<div class=\"wp-block-group alignfull mb-menos-20 alignfull-mobile padding-mobile-reset has-base-background-color has-background has-global-padding is-layout-constrained wp-block-group-is-layout-constrained\" style=\"margin-top:0;margin-bottom:0;padding-top:0;padding-bottom:0\">\n<div class=\"wp-block-columns alignwide no-gap-mobile padding-0-mobile is-layout-flex wp-container-core-columns-is-layout-658170e2 wp-block-columns-is-layout-flex\">\n<div class=\"wp-block-column is-vertically-aligned-center padding-0-mobile is-layout-flow wp-block-column-is-layout-flow\" style=\"padding-top:var(--wp--preset--spacing--50);padding-right:var(--wp--preset--spacing--50);padding-bottom:var(--wp--preset--spacing--50);padding-left:var(--wp--preset--spacing--50);flex-basis:60%\">\n<div class=\"wp-block-group has-global-padding is-layout-constrained wp-container-core-group-is-layout-4382391e wp-block-group-is-layout-constrained\" style=\"padding-top:var(--wp--preset--spacing--30);padding-right:0;padding-bottom:var(--wp--preset--spacing--30);padding-left:0\">\n<h2 class=\"wp-block-heading object-title has-text-color has-link-color has-object-sans-font-family wp-elements-1cc0c3d111f446418ee3ca392f0dd7ea\" style=\"color:#29282b;font-size:1.63rem;line-height:1.48\"><strong>L&rsquo;ENGAGEMENT EN FAVEUR DE L&rsquo;ENVIRONNEMENT DE TRAVAIL<\/strong><\/h2>\n\n\n\n<p class=\"object-body has-text-color has-link-color has-object-sans-font-family wp-elements-3ecf9dc63f13b4b096dfcfc1a1e28c3f\" style=\"color:#29282b;font-size:1rem\">Delta s&rsquo;engage \u00e0 maintenir un environnement de travail s\u00fbr, inclusif et respectueux. Nous favorisons une culture de respect mutuel, d&rsquo;\u00e9galit\u00e9 des chances et de d\u00e9veloppement de carri\u00e8re, o\u00f9 chaque personne peut se sentir valoris\u00e9e et motiv\u00e9e pour donner le meilleur d&rsquo;elle-m\u00eame. <\/p>\n\n\n\n<p class=\"object-body has-text-color has-link-color has-object-sans-font-family wp-elements-b84337cd093107ea57ce7d70f6743448\" style=\"color:#29282b;font-size:1rem\">La s\u00e9curit\u00e9 de nos employ\u00e9s est une priorit\u00e9. C&rsquo;est pourquoi nous avons mis en place des protocoles stricts de s\u00e9curit\u00e9 au travail et dispensons des formations r\u00e9guli\u00e8res pour garantir un environnement de travail sans risque. Nous promouvons \u00e9galement des politiques de conciliation entre vie professionnelle et vie priv\u00e9e qui facilitent un \u00e9quilibre sain entre la vie personnelle et la vie professionnelle.  <\/p>\n<\/div>\n<\/div>\n\n\n\n<div class=\"wp-block-column is-layout-flow wp-block-column-is-layout-flow\" style=\"flex-basis:60%\">\n<div class=\"wp-block-cover min-h-mobile alignfull-mobile\" style=\"min-height:100%;aspect-ratio:unset;\"><img decoding=\"async\" width=\"2560\" height=\"1920\" class=\"wp-block-cover__image-background wp-image-1380\" alt=\"Mujer con gafas y sudadera verde de manga larga con el logo \u201cDELTA\u201d y KVB, usando un taladro sobre una estructura met\u00e1lica verde en un entorno de f\u00e1brica. Lleva guantes y est\u00e1 enfocada en la tarea.\" src=\"https:\/\/deltacocinas.com\/wp-content\/uploads\/2025\/04\/FABRICA-DELTA44938-copia-scaled.jpg\" style=\"object-position:54% 30%\" data-object-fit=\"cover\" data-object-position=\"54% 30%\" srcset=\"https:\/\/deltacocinas.com\/wp-content\/uploads\/2025\/04\/FABRICA-DELTA44938-copia-scaled.jpg 2560w, https:\/\/deltacocinas.com\/wp-content\/uploads\/2025\/04\/FABRICA-DELTA44938-copia-300x225.jpg 300w, https:\/\/deltacocinas.com\/wp-content\/uploads\/2025\/04\/FABRICA-DELTA44938-copia-1024x768.jpg 1024w, https:\/\/deltacocinas.com\/wp-content\/uploads\/2025\/04\/FABRICA-DELTA44938-copia-768x576.jpg 768w, https:\/\/deltacocinas.com\/wp-content\/uploads\/2025\/04\/FABRICA-DELTA44938-copia-1536x1152.jpg 1536w, https:\/\/deltacocinas.com\/wp-content\/uploads\/2025\/04\/FABRICA-DELTA44938-copia-2048x1536.jpg 2048w\" sizes=\"(max-width: 2560px) 100vw, 2560px\" \/><span aria-hidden=\"true\" class=\"wp-block-cover__background has-background-dim-0 has-background-dim\"><\/span><div class=\"wp-block-cover__inner-container is-layout-flow wp-block-cover-is-layout-flow\">\n<p class=\"has-text-align-center has-large-font-size\"><\/p>\n<\/div><\/div>\n<\/div>\n<\/div>\n<\/div>\n\n<div class=\"wp-block-group alignwide alignfull-mobile has-global-padding is-layout-constrained wp-block-group-is-layout-constrained\" style=\"margin-top:0;margin-bottom:0\">\n<div class=\"wp-block-columns alignwide no-gap-mobile is-layout-flex wp-container-core-columns-is-layout-4c2ea93f wp-block-columns-is-layout-flex\" style=\"margin-top:0;margin-bottom:0;padding-right:0;padding-left:0\">\n<div class=\"wp-block-column is-vertically-aligned-top padding-mobile-reset is-layout-flow wp-block-column-is-layout-flow\" style=\"padding-top:var(--wp--preset--spacing--60);padding-right:var(--wp--preset--spacing--50);padding-bottom:var(--wp--preset--spacing--70);padding-left:var(--wp--preset--spacing--50);flex-basis:100%\">\n<h2 class=\"wp-block-heading object-title has-text-color has-link-color has-object-sans-font-family wp-elements-56441322ff72cfdd1cd0e1d9195d4331\" style=\"color:#29282b;font-size:1.63rem;line-height:1.48;text-transform:uppercase\"><strong>Un engagement permanent<\/strong><\/h2>\n\n\n\n<p class=\"object-body has-text-color has-link-color has-object-sans-font-family wp-elements-b3818709e6f1f25bd623f55b4b160b12\" style=\"color:#29282b;font-size:1rem\">Nous savons que la responsabilit\u00e9 et l&rsquo;\u00e9thique ne sont pas des objectifs \u00e0 atteindre une fois pour toutes, mais des engagements \u00e0 renouveler quotidiennement. C&rsquo;est pourquoi nous travaillons en permanence \u00e0 l&rsquo;am\u00e9lioration de nos pratiques, \u00e0 l&rsquo;\u00e9coute de nos parties prenantes et \u00e0 l&rsquo;adaptation \u00e0 l&rsquo;\u00e9volution de l&rsquo;environnement, en gardant toujours l&rsquo;int\u00e9grit\u00e9 comme valeur fondamentale. <\/p>\n<\/div>\n<\/div>\n<\/div>\n\n<figure class=\"wp-block-image alignfull size-full alignfull-mobile pegar-al-footer-siempre\"><img decoding=\"async\" width=\"2560\" height=\"1322\" src=\"https:\/\/deltacocinas.com\/wp-content\/uploads\/2025\/05\/fachada-Delta-scaled.jpg\" alt=\"\" class=\"wp-image-2134\" srcset=\"https:\/\/deltacocinas.com\/wp-content\/uploads\/2025\/05\/fachada-Delta-scaled.jpg 2560w, https:\/\/deltacocinas.com\/wp-content\/uploads\/2025\/05\/fachada-Delta-300x155.jpg 300w, https:\/\/deltacocinas.com\/wp-content\/uploads\/2025\/05\/fachada-Delta-1024x529.jpg 1024w, https:\/\/deltacocinas.com\/wp-content\/uploads\/2025\/05\/fachada-Delta-768x397.jpg 768w, https:\/\/deltacocinas.com\/wp-content\/uploads\/2025\/05\/fachada-Delta-1536x793.jpg 1536w, https:\/\/deltacocinas.com\/wp-content\/uploads\/2025\/05\/fachada-Delta-2048x1058.jpg 2048w\" sizes=\"(max-width: 2560px) 100vw, 2560px\" \/><\/figure>\n","protected":false},"excerpt":{"rendered":"<p>NOUS SOMMES RESPONSABLES Chez DELTA, nous comprenons que le succ\u00e8s d&rsquo;une entreprise ne se mesure pas seulement \u00e0 la qualit\u00e9 de ses produits, mais aussi \u00e0 l&rsquo;int\u00e9grit\u00e9 avec laquelle elle agit. Depuis notre cr\u00e9ation, nous avons construit notre identit\u00e9 d&rsquo;entreprise sur l&rsquo;honn\u00eatet\u00e9, la transparence et le respect de tous les groupes avec lesquels nous interagissons [&hellip;]<\/p>\n","protected":false},"author":2,"featured_media":0,"parent":0,"menu_order":0,"comment_status":"closed","ping_status":"closed","template":"","meta":{"footnotes":""},"categories":[],"tags":[],"class_list":["post-4201","page","type-page","status-publish","hentry"],"yoast_head":"<!-- This site is optimized with the Yoast SEO plugin v26.7 - https:\/\/yoast.com\/wordpress\/plugins\/seo\/ -->\n<title>Nous sommes responsables | Delta Cocinas<\/title>\n<meta name=\"description\" content=\"Chez Delta Cocinas, l \u00ab \u00e9thique guide chaque d\u00e9cision. Nous favorisons un environnement de travail s\u00fbr, inclusif et respectueux, avec des protocoles de s\u00e9curit\u00e9, une formation continue et des politiques d \u00bb \u00e9quilibre entre vie professionnelle et vie priv\u00e9e, r\u00e9affirmant notre engagement en mati\u00e8re de responsabilit\u00e9 sociale et de bien-\u00eatre de nos employ\u00e9s.\" \/>\n<meta name=\"robots\" content=\"index, follow, max-snippet:-1, max-image-preview:large, max-video-preview:-1\" \/>\n<link rel=\"canonical\" href=\"https:\/\/deltacocinas.com\/fr\/nous-sommes-responsables\/\" \/>\n<meta property=\"og:locale\" content=\"fr_FR\" \/>\n<meta property=\"og:type\" content=\"article\" \/>\n<meta property=\"og:title\" content=\"Nous sommes responsables | Delta Cocinas\" \/>\n<meta property=\"og:description\" content=\"Chez Delta Cocinas, l \u00ab \u00e9thique guide chaque d\u00e9cision. Nous favorisons un environnement de travail s\u00fbr, inclusif et respectueux, avec des protocoles de s\u00e9curit\u00e9, une formation continue et des politiques d \u00bb \u00e9quilibre entre vie professionnelle et vie priv\u00e9e, r\u00e9affirmant notre engagement en mati\u00e8re de responsabilit\u00e9 sociale et de bien-\u00eatre de nos employ\u00e9s.\" \/>\n<meta property=\"og:url\" content=\"https:\/\/deltacocinas.com\/fr\/nous-sommes-responsables\/\" \/>\n<meta property=\"og:site_name\" content=\"Delta\" \/>\n<meta property=\"article:modified_time\" content=\"2025-09-08T14:05:39+00:00\" \/>\n<meta property=\"og:image\" content=\"https:\/\/deltacocinas.com\/wp-content\/uploads\/2025\/04\/FABRICA-DELTA44823-copia-scaled.jpg\" \/>\n\t<meta property=\"og:image:width\" content=\"2560\" \/>\n\t<meta property=\"og:image:height\" content=\"1920\" \/>\n\t<meta property=\"og:image:type\" content=\"image\/jpeg\" \/>\n<meta name=\"twitter:card\" content=\"summary_large_image\" \/>\n<meta name=\"twitter:label1\" content=\"Dur\u00e9e de lecture estim\u00e9e\" \/>\n\t<meta name=\"twitter:data1\" content=\"3 minutes\" \/>\n<script type=\"application\/ld+json\" class=\"yoast-schema-graph\">{\"@context\":\"https:\/\/schema.org\",\"@graph\":[{\"@type\":\"WebPage\",\"@id\":\"https:\/\/deltacocinas.com\/fr\/nous-sommes-responsables\/\",\"url\":\"https:\/\/deltacocinas.com\/fr\/nous-sommes-responsables\/\",\"name\":\"Nous sommes responsables | Delta Cocinas\",\"isPartOf\":{\"@id\":\"https:\/\/deltacocinas.com\/fr\/#website\"},\"primaryImageOfPage\":{\"@id\":\"https:\/\/deltacocinas.com\/fr\/nous-sommes-responsables\/#primaryimage\"},\"image\":{\"@id\":\"https:\/\/deltacocinas.com\/fr\/nous-sommes-responsables\/#primaryimage\"},\"thumbnailUrl\":\"https:\/\/deltacocinas.com\/wp-content\/uploads\/2025\/04\/FABRICA-DELTA44823-copia-scaled.jpg\",\"datePublished\":\"2025-03-13T11:13:25+00:00\",\"dateModified\":\"2025-09-08T14:05:39+00:00\",\"description\":\"Chez Delta Cocinas, l \u00ab \u00e9thique guide chaque d\u00e9cision. Nous favorisons un environnement de travail s\u00fbr, inclusif et respectueux, avec des protocoles de s\u00e9curit\u00e9, une formation continue et des politiques d \u00bb \u00e9quilibre entre vie professionnelle et vie priv\u00e9e, r\u00e9affirmant notre engagement en mati\u00e8re de responsabilit\u00e9 sociale et de bien-\u00eatre de nos employ\u00e9s.\",\"breadcrumb\":{\"@id\":\"https:\/\/deltacocinas.com\/fr\/nous-sommes-responsables\/#breadcrumb\"},\"inLanguage\":\"fr-FR\",\"potentialAction\":[{\"@type\":\"ReadAction\",\"target\":[\"https:\/\/deltacocinas.com\/fr\/nous-sommes-responsables\/\"]}]},{\"@type\":\"ImageObject\",\"inLanguage\":\"fr-FR\",\"@id\":\"https:\/\/deltacocinas.com\/fr\/nous-sommes-responsables\/#primaryimage\",\"url\":\"https:\/\/deltacocinas.com\/wp-content\/uploads\/2025\/04\/FABRICA-DELTA44823-copia-scaled.jpg\",\"contentUrl\":\"https:\/\/deltacocinas.com\/wp-content\/uploads\/2025\/04\/FABRICA-DELTA44823-copia-scaled.jpg\"},{\"@type\":\"BreadcrumbList\",\"@id\":\"https:\/\/deltacocinas.com\/fr\/nous-sommes-responsables\/#breadcrumb\",\"itemListElement\":[{\"@type\":\"ListItem\",\"position\":1,\"name\":\"Portada\",\"item\":\"https:\/\/deltacocinas.com\/fr\/\"},{\"@type\":\"ListItem\",\"position\":2,\"name\":\"Nous sommes responsables\"}]},{\"@type\":\"WebSite\",\"@id\":\"https:\/\/deltacocinas.com\/fr\/#website\",\"url\":\"https:\/\/deltacocinas.com\/fr\/\",\"name\":\"Delta\",\"description\":\"\",\"publisher\":{\"@id\":\"https:\/\/deltacocinas.com\/fr\/#organization\"},\"potentialAction\":[{\"@type\":\"SearchAction\",\"target\":{\"@type\":\"EntryPoint\",\"urlTemplate\":\"https:\/\/deltacocinas.com\/fr\/?s={search_term_string}\"},\"query-input\":{\"@type\":\"PropertyValueSpecification\",\"valueRequired\":true,\"valueName\":\"search_term_string\"}}],\"inLanguage\":\"fr-FR\"},{\"@type\":\"Organization\",\"@id\":\"https:\/\/deltacocinas.com\/fr\/#organization\",\"name\":\"Delta\",\"url\":\"https:\/\/deltacocinas.com\/fr\/\",\"logo\":{\"@type\":\"ImageObject\",\"inLanguage\":\"fr-FR\",\"@id\":\"https:\/\/deltacocinas.com\/fr\/#\/schema\/logo\/image\/\",\"url\":\"https:\/\/deltacocinas.com\/wp-content\/uploads\/2025\/03\/Vector4.svg\",\"contentUrl\":\"https:\/\/deltacocinas.com\/wp-content\/uploads\/2025\/03\/Vector4.svg\",\"width\":93,\"height\":90,\"caption\":\"Delta\"},\"image\":{\"@id\":\"https:\/\/deltacocinas.com\/fr\/#\/schema\/logo\/image\/\"}}]}<\/script>\n<!-- \/ Yoast SEO plugin. -->","yoast_head_json":{"title":"Nous sommes responsables | Delta Cocinas","description":"Chez Delta Cocinas, l \u00ab \u00e9thique guide chaque d\u00e9cision. Nous favorisons un environnement de travail s\u00fbr, inclusif et respectueux, avec des protocoles de s\u00e9curit\u00e9, une formation continue et des politiques d \u00bb \u00e9quilibre entre vie professionnelle et vie priv\u00e9e, r\u00e9affirmant notre engagement en mati\u00e8re de responsabilit\u00e9 sociale et de bien-\u00eatre de nos employ\u00e9s.","robots":{"index":"index","follow":"follow","max-snippet":"max-snippet:-1","max-image-preview":"max-image-preview:large","max-video-preview":"max-video-preview:-1"},"canonical":"https:\/\/deltacocinas.com\/fr\/nous-sommes-responsables\/","og_locale":"fr_FR","og_type":"article","og_title":"Nous sommes responsables | Delta Cocinas","og_description":"Chez Delta Cocinas, l \u00ab \u00e9thique guide chaque d\u00e9cision. Nous favorisons un environnement de travail s\u00fbr, inclusif et respectueux, avec des protocoles de s\u00e9curit\u00e9, une formation continue et des politiques d \u00bb \u00e9quilibre entre vie professionnelle et vie priv\u00e9e, r\u00e9affirmant notre engagement en mati\u00e8re de responsabilit\u00e9 sociale et de bien-\u00eatre de nos employ\u00e9s.","og_url":"https:\/\/deltacocinas.com\/fr\/nous-sommes-responsables\/","og_site_name":"Delta","article_modified_time":"2025-09-08T14:05:39+00:00","og_image":[{"width":2560,"height":1920,"url":"https:\/\/deltacocinas.com\/wp-content\/uploads\/2025\/04\/FABRICA-DELTA44823-copia-scaled.jpg","type":"image\/jpeg"}],"twitter_card":"summary_large_image","twitter_misc":{"Dur\u00e9e de lecture estim\u00e9e":"3 minutes"},"schema":{"@context":"https:\/\/schema.org","@graph":[{"@type":"WebPage","@id":"https:\/\/deltacocinas.com\/fr\/nous-sommes-responsables\/","url":"https:\/\/deltacocinas.com\/fr\/nous-sommes-responsables\/","name":"Nous sommes responsables | Delta Cocinas","isPartOf":{"@id":"https:\/\/deltacocinas.com\/fr\/#website"},"primaryImageOfPage":{"@id":"https:\/\/deltacocinas.com\/fr\/nous-sommes-responsables\/#primaryimage"},"image":{"@id":"https:\/\/deltacocinas.com\/fr\/nous-sommes-responsables\/#primaryimage"},"thumbnailUrl":"https:\/\/deltacocinas.com\/wp-content\/uploads\/2025\/04\/FABRICA-DELTA44823-copia-scaled.jpg","datePublished":"2025-03-13T11:13:25+00:00","dateModified":"2025-09-08T14:05:39+00:00","description":"Chez Delta Cocinas, l \u00ab \u00e9thique guide chaque d\u00e9cision. Nous favorisons un environnement de travail s\u00fbr, inclusif et respectueux, avec des protocoles de s\u00e9curit\u00e9, une formation continue et des politiques d \u00bb \u00e9quilibre entre vie professionnelle et vie priv\u00e9e, r\u00e9affirmant notre engagement en mati\u00e8re de responsabilit\u00e9 sociale et de bien-\u00eatre de nos employ\u00e9s.","breadcrumb":{"@id":"https:\/\/deltacocinas.com\/fr\/nous-sommes-responsables\/#breadcrumb"},"inLanguage":"fr-FR","potentialAction":[{"@type":"ReadAction","target":["https:\/\/deltacocinas.com\/fr\/nous-sommes-responsables\/"]}]},{"@type":"ImageObject","inLanguage":"fr-FR","@id":"https:\/\/deltacocinas.com\/fr\/nous-sommes-responsables\/#primaryimage","url":"https:\/\/deltacocinas.com\/wp-content\/uploads\/2025\/04\/FABRICA-DELTA44823-copia-scaled.jpg","contentUrl":"https:\/\/deltacocinas.com\/wp-content\/uploads\/2025\/04\/FABRICA-DELTA44823-copia-scaled.jpg"},{"@type":"BreadcrumbList","@id":"https:\/\/deltacocinas.com\/fr\/nous-sommes-responsables\/#breadcrumb","itemListElement":[{"@type":"ListItem","position":1,"name":"Portada","item":"https:\/\/deltacocinas.com\/fr\/"},{"@type":"ListItem","position":2,"name":"Nous sommes responsables"}]},{"@type":"WebSite","@id":"https:\/\/deltacocinas.com\/fr\/#website","url":"https:\/\/deltacocinas.com\/fr\/","name":"Delta","description":"","publisher":{"@id":"https:\/\/deltacocinas.com\/fr\/#organization"},"potentialAction":[{"@type":"SearchAction","target":{"@type":"EntryPoint","urlTemplate":"https:\/\/deltacocinas.com\/fr\/?s={search_term_string}"},"query-input":{"@type":"PropertyValueSpecification","valueRequired":true,"valueName":"search_term_string"}}],"inLanguage":"fr-FR"},{"@type":"Organization","@id":"https:\/\/deltacocinas.com\/fr\/#organization","name":"Delta","url":"https:\/\/deltacocinas.com\/fr\/","logo":{"@type":"ImageObject","inLanguage":"fr-FR","@id":"https:\/\/deltacocinas.com\/fr\/#\/schema\/logo\/image\/","url":"https:\/\/deltacocinas.com\/wp-content\/uploads\/2025\/03\/Vector4.svg","contentUrl":"https:\/\/deltacocinas.com\/wp-content\/uploads\/2025\/03\/Vector4.svg","width":93,"height":90,"caption":"Delta"},"image":{"@id":"https:\/\/deltacocinas.com\/fr\/#\/schema\/logo\/image\/"}}]}},"_links":{"self":[{"href":"https:\/\/deltacocinas.com\/fr\/wp-json\/wp\/v2\/pages\/4201","targetHints":{"allow":["GET"]}}],"collection":[{"href":"https:\/\/deltacocinas.com\/fr\/wp-json\/wp\/v2\/pages"}],"about":[{"href":"https:\/\/deltacocinas.com\/fr\/wp-json\/wp\/v2\/types\/page"}],"author":[{"embeddable":true,"href":"https:\/\/deltacocinas.com\/fr\/wp-json\/wp\/v2\/users\/2"}],"replies":[{"embeddable":true,"href":"https:\/\/deltacocinas.com\/fr\/wp-json\/wp\/v2\/comments?post=4201"}],"version-history":[{"count":1,"href":"https:\/\/deltacocinas.com\/fr\/wp-json\/wp\/v2\/pages\/4201\/revisions"}],"predecessor-version":[{"id":4202,"href":"https:\/\/deltacocinas.com\/fr\/wp-json\/wp\/v2\/pages\/4201\/revisions\/4202"}],"wp:attachment":[{"href":"https:\/\/deltacocinas.com\/fr\/wp-json\/wp\/v2\/media?parent=4201"}],"wp:term":[{"taxonomy":"category","embeddable":true,"href":"https:\/\/deltacocinas.com\/fr\/wp-json\/wp\/v2\/categories?post=4201"},{"taxonomy":"post_tag","embeddable":true,"href":"https:\/\/deltacocinas.com\/fr\/wp-json\/wp\/v2\/tags?post=4201"}],"curies":[{"name":"wp","href":"https:\/\/api.w.org\/{rel}","templated":true}]}}