{"id":4033,"date":"2025-03-14T18:42:53","date_gmt":"2025-03-14T17:42:53","guid":{"rendered":"https:\/\/deltacocinas.com\/politique-en-matiere-de-cookies\/"},"modified":"2025-05-24T23:22:47","modified_gmt":"2025-05-24T23:22:47","slug":"politique-en-matiere-de-cookies","status":"publish","type":"page","link":"https:\/\/deltacocinas.com\/fr\/politique-en-matiere-de-cookies\/","title":{"rendered":"Politique en mati\u00e8re de cookies"},"content":{"rendered":"\n<h1 class=\"wp-block-heading object-h1 has-pp-object-sans-font-family\" style=\"font-size:2.88rem;line-height:3.59\">Politique en mati\u00e8re de cookies<\/h1>\n\n<div class=\"wp-block-group has-global-padding is-layout-constrained wp-block-group-is-layout-constrained\">\n<p><strong>INTRODUCTION<\/strong><\/p>\n\n\n\n<p>Le site Web de <strong>DELTA COCINAS, S.L.<\/strong> utilise ses propres cookies et ceux de tiers. Un cookie est un fichier qui est t\u00e9l\u00e9charg\u00e9 sur votre ordinateur lorsque vous acc\u00e9dez \u00e0 certaines pages web. Les cookies permettent \u00e0 un site web, entre autres, d&rsquo;assurer le bon fonctionnement de la page, de permettre \u00e0 l&rsquo;utilisateur d&rsquo;acc\u00e9der plus rapidement \u00e0 certains services, de stocker et de r\u00e9cup\u00e9rer des informations sur les habitudes de navigation d&rsquo;un utilisateur ou de son ordinateur et m\u00eame, en fonction des informations qu&rsquo;ils contiennent et de la fa\u00e7on dont vous utilisez votre ordinateur, peuvent \u00eatre utilis\u00e9s pour reconna\u00eetre l&rsquo;utilisateur. Les cookies sont uniquement associ\u00e9s \u00e0 un utilisateur anonyme et \u00e0 son ordinateur ou appareil et ne fournissent pas de r\u00e9f\u00e9rences permettant de conna\u00eetre ses donn\u00e9es personnelles, sauf autorisation expresse de sa part. <\/p>\n\n\n\n<p>L&rsquo;utilisateur peut, \u00e0 tout moment, accepter ou refuser les cookies install\u00e9s qui ne sont pas strictement n\u00e9cessaires au bon fonctionnement du site web et \u00e0 l&rsquo;acc\u00e8s de l&rsquo;utilisateur \u00e0 ses services, par le biais du panneau de r\u00e9glage des cookies fourni sur notre site web. De m\u00eame, vous pouvez configurer votre navigateur \u00e0 tout moment sans que cela n&rsquo;affecte la capacit\u00e9 de l&rsquo;utilisateur \u00e0 acc\u00e9der aux contenus. Cependant, nous vous informons que le refus des cookies peut r\u00e9duire le bon fonctionnement du site web.  <\/p>\n\n\n\n<p><strong>COOKIES CONCERN\u00c9S PAR LE R\u00c8GLEMENT ET COOKIES EXEMPT\u00c9S<\/strong><\/p>\n\n\n\n<p>Selon la directive europ\u00e9enne, les cookies qui requi\u00e8rent le consentement \u00e9clair\u00e9 de l&rsquo;utilisateur sont les cookies analytiques, publicitaires et d&rsquo;affiliation, \u00e0 l&rsquo;exception des cookies techniques et de ceux qui sont n\u00e9cessaires au fonctionnement du site web ou \u00e0 la fourniture de services express\u00e9ment demand\u00e9s par l&rsquo;utilisateur.<\/p>\n\n\n\n<p><strong>TYPE DE COOKIES<\/strong><\/p>\n\n\n\n<p>a) En fonction de l&rsquo;<strong>entit\u00e9 qui les g\u00e8re<\/strong>, on distingue les cookies de <strong>premi\u00e8re partie<\/strong> (ceux qui sont envoy\u00e9s \u00e0 l&rsquo;\u00e9quipement terminal de l&rsquo;utilisateur \u00e0 partir d&rsquo;un ordinateur ou d&rsquo;un domaine g\u00e9r\u00e9 par l&rsquo;\u00e9diteur lui-m\u00eame et \u00e0 partir duquel le service demand\u00e9 par l&rsquo;utilisateur est fourni) et les cookies de tierce partie (ceux qui sont envoy\u00e9s \u00e0 l&rsquo;\u00e9quipement terminal de l&rsquo;utilisateur \u00e0 partir d&rsquo;un ordinateur ou d&rsquo;un domaine qui n&rsquo;est pas g\u00e9r\u00e9 par l&rsquo;\u00e9diteur, mais par une autre entit\u00e9 qui traite les donn\u00e9es obtenues par le biais des cookies).<\/p>\n\n\n\n<p>b) En fonction de leur <strong>dur\u00e9e d&rsquo;activit\u00e9<\/strong>, on distingue les cookies de <strong>session<\/strong> (con\u00e7us pour demander et stocker des donn\u00e9es pendant que l&rsquo;utilisateur acc\u00e8de \u00e0 une page web) et les cookies persistants (dans lesquels les donn\u00e9es sont stock\u00e9es dans le terminal et peuvent \u00eatre consult\u00e9es et trait\u00e9es pendant une p\u00e9riode d\u00e9finie par le responsable du cookie &#8211; qui peut aller de quelques minutes \u00e0 plusieurs ann\u00e9es).<\/p>\n\n\n\n<p>c) En fonction de la <strong>finalit\u00e9<\/strong> du traitement des informations qu&rsquo;ils collectent, ils peuvent \u00eatre :<\/p>\n\n\n\n<ul class=\"wp-block-list\">\n<li><strong>Cookies techniques<\/strong> (n\u00e9cessaires \u00e0 l&rsquo;utilisation du site web et \u00e0 la fourniture du service contract\u00e9),<\/li>\n\n\n\n<li><strong>Cookies de personnalisation<\/strong> (qui permettent \u00e0 l&rsquo;utilisateur d&rsquo;acc\u00e9der au service avec des caract\u00e9ristiques pr\u00e9d\u00e9finies, telles que la langue, le type de navigateur, la configuration r\u00e9gionale, etc.)<\/li>\n\n\n\n<li><strong>Cookies d&rsquo;analyse<\/strong> (collecte d&rsquo;informations sur l&rsquo;utilisation du site web),<\/li>\n\n\n\n<li><strong>Cookies publicitaires<\/strong> (collecte d&rsquo;informations sur les pr\u00e9f\u00e9rences et les choix personnels des utilisateurs),<\/li>\n\n\n\n<li><strong>Cookies d&rsquo;affiliation<\/strong> (permettent de suivre les visites d&rsquo;autres sites web, avec lesquels le site web a un contrat d&rsquo;affiliation).<\/li>\n<\/ul>\n\n\n\n<p>Lorsque vous naviguez sur notre site web, des cookies de nos r\u00e9seaux sociaux peuvent \u00eatre stock\u00e9s dans votre navigateur. Vous trouverez ci-dessous des liens vers les cookies de m\u00e9dias sociaux que nous utilisons sur ce site web : <\/p>\n\n\n\n<ul class=\"wp-block-list\">\n<li>Cookies Facebook, voir plus d&rsquo;informations dans leur politique en mati\u00e8re de cookies.<\/li>\n\n\n\n<li>Cookies de Youtube, voir plus d&rsquo;informations dans leur politique en mati\u00e8re de cookies.<\/li>\n\n\n\n<li>Twitter utilise des cookies, voir plus d&rsquo;informations sur leur politique en mati\u00e8re de cookies.<\/li>\n\n\n\n<li>Cookies d&rsquo;Instagram, voir plus d&rsquo;informations dans leur politique de cookies.<\/li>\n\n\n\n<li>Linkedin cookies, voir plus d&rsquo;informations dans leur politique de cookies.<\/li>\n\n\n\n<li>Cookies de Pinterest, voir plus d&rsquo;informations dans leur politique de cookies.<\/li>\n<\/ul>\n\n\n\n<p><strong>R\u00c9VOCATION<\/strong><\/p>\n\n\n\n<p>Vous pouvez \u00e0 tout moment acc\u00e9der aux param\u00e8tres de votre navigateur en acceptant ou en refusant tous les cookies, ou en s\u00e9lectionnant ceux que l&rsquo;installation accepte et ceux qu&rsquo;elle refuse, en suivant l&rsquo;une des proc\u00e9dures suivantes, en fonction du navigateur que vous utilisez :<\/p>\n\n\n\n<p><strong>Google Chrome<\/strong> (dans le menu Outils) :<br\/>Param\u00e8tres&gt; Afficher les options avanc\u00e9es&gt; Confidentialit\u00e9 (param\u00e8tres de contenu)&gt; Cookies :<br\/><a href=\"https:\/\/support.google.com\/chrome\/answer\/95647?co=GENIE.Platform%3DDesktop&amp;hl=es\">https:\/\/support.google.com\/chrome\/answer\/95647?co=GENIE.Platform%3DDesktop&amp;hl=es https:\/\/support.google.com\/chrome\/answer\/95647?co=GENIE.Platform%3DDesktop&amp;hl=es<\/a><\/p>\n\n\n\n<p><strong>Microsoft Internet Explorer<\/strong> (dans le menu Outils) :<br\/>Options Internet&gt; Confidentialit\u00e9&gt; Avanc\u00e9 :<br\/><a href=\"https:\/\/support.microsoft.com\/es-es\/help\/17442\/windows-internet-explorer-delete-manage-cookies\">https:\/\/support.microsoft.com\/es-es\/help\/17442\/windows-internet-explorer-delete-manage-cookies<\/a><\/p>\n\n\n\n<p><strong>Firefox :<br\/><\/strong>Options&gt; Confidentialit\u00e9&gt; Cookies :<br\/><a href=\"https:\/\/support.mozilla.org\/es\/kb\/habilitar-y-deshabilitar-cookies-sitios-web-rastrear-preferencias\">https:\/\/support.mozilla.org\/es\/kb\/habilitar-y-deshabilitar-cookies-sitios-web-rastrear-preferencias<\/a><\/p>\n\n\n\n<p><strong>Opera :<br\/><\/strong>Configuration&gt; Options&gt; Avanc\u00e9&gt; Cookies<br\/><a href=\"http:\/\/help.opera.com\/Windows\/12.00\/es-ES\/cookies.html\">http:\/\/help.opera.com\/Windows\/12.00\/es-ES\/cookies.html<\/a><\/p>\n\n\n\n<p>Ces navigateurs sont susceptibles de changer ou d&rsquo;\u00eatre modifi\u00e9s, et nous ne pouvons donc pas garantir qu&rsquo;ils correspondront parfaitement \u00e0 la version de votre navigateur. Il se peut \u00e9galement que vous utilisiez un autre navigateur non couvert par ces liens, tel que Konqueror, Arora, Flock, etc. Pour \u00e9viter ces incompatibilit\u00e9s, vous pouvez y acc\u00e9der directement \u00e0 partir des options de votre navigateur, g\u00e9n\u00e9ralement dans le menu \u00ab\u00a0Options\u00a0\u00bb de la section \u00ab\u00a0Vie priv\u00e9e\u00a0\u00bb. (Veuillez consulter l&rsquo;aide de votre navigateur pour plus d&rsquo;informations).   <\/p>\n\n\n\n<p><strong>MODIFICATIONS DE LA PR\u00c9SENTE POLITIQUE EN MATI\u00c8RE DE COOKIES<\/strong><\/p>\n\n\n\n<p><strong>DELTA COCINAS, S.L. <\/strong>se r\u00e9serve le droit de modifier cette politique pour l&rsquo;adapter \u00e0 la nouvelle l\u00e9gislation ou \u00e0 la jurisprudence.<\/p>\n\n\n\n<p><strong>D\u00c9SACTIVATION \/ ACTIVATION ET SUPPRESSION DES COOKIES<\/strong><\/p>\n\n\n\n<p>Pour restreindre ou bloquer les cookies, vous pouvez utiliser les param\u00e8tres de votre navigateur.<\/p>\n\n\n\n<p>Si vous ne souhaitez pas que les sites Web placent des cookies sur votre ordinateur, vous pouvez r\u00e9gler les param\u00e8tres de votre navigateur de mani\u00e8re \u00e0 \u00eatre averti avant que des cookies ne soient plac\u00e9s. De m\u00eame, vous pouvez param\u00e9trer votre navigateur de mani\u00e8re \u00e0 ce qu&rsquo;il rejette tous les cookies ou uniquement les cookies de tiers. Vous pouvez \u00e9galement supprimer tous les cookies qui se trouvent d\u00e9j\u00e0 sur votre ordinateur. N&rsquo;oubliez pas que vous devrez r\u00e9gler les param\u00e8tres s\u00e9par\u00e9ment pour chaque navigateur et chaque ordinateur que vous utilisez.   <\/p>\n\n\n\n<p>Veuillez noter que si vous ne souhaitez pas recevoir de cookies, nous ne pouvons plus garantir que notre site web fonctionnera comme pr\u00e9vu. Certaines fonctionnalit\u00e9s du site peuvent \u00eatre perdues et il se peut que vous ne puissiez plus consulter certains sites web. Par ailleurs, le fait de refuser les cookies ne signifie pas que vous ne verrez plus de publicit\u00e9s. Les publicit\u00e9s ne seront simplement pas adapt\u00e9es \u00e0 vos int\u00e9r\u00eats et seront r\u00e9p\u00e9t\u00e9es plus fr\u00e9quemment.   <\/p>\n\n\n\n<p>Chaque navigateur dispose d&rsquo;une m\u00e9thode diff\u00e9rente pour adapter les param\u00e8tres. Si n\u00e9cessaire, consultez la fonction d&rsquo;aide du navigateur pour d\u00e9finir les param\u00e8tres corrects. <\/p>\n\n\n\n<p>Pour d\u00e9sactiver les cookies sur votre t\u00e9l\u00e9phone portable, veuillez consulter le manuel de votre appareil pour plus d&rsquo;informations.<\/p>\n\n\n\n<p>Vous pouvez en savoir plus sur les cookies sur Internet \u00e0 l&rsquo;adresse suivante <a href=\"https:\/\/www.aboutcookies.org\/\">: http:\/\/www.aboutcookies.org\/<\/a>.<\/p>\n\n\n\n<p>Compte tenu du fonctionnement de l&rsquo;internet et des sites web, nous ne disposons pas toujours d&rsquo;informations sur les cookies plac\u00e9s par des tiers via notre site web. C&rsquo;est notamment le cas lorsque le site web contient ce que l&rsquo;on appelle des \u00e9l\u00e9ments int\u00e9gr\u00e9s : des textes, des documents, des images ou des courts m\u00e9trages qui sont stock\u00e9s ailleurs, mais qui sont affich\u00e9s sur ou via notre site web. <\/p>\n\n\n\n<p>Par cons\u00e9quent, si vous rencontrez de tels cookies sur ce site web et qu&rsquo;ils ne figurent pas dans la liste ci-dessus, veuillez nous en informer. Vous pouvez \u00e9galement contacter directement le tiers concern\u00e9 pour lui demander des informations sur les cookies qu&rsquo;il installe, leur finalit\u00e9 et leur dur\u00e9e, ainsi que sur la mani\u00e8re dont il assure votre protection de la vie priv\u00e9e. <\/p>\n\n\n\n<p><strong>INFORMATIONS RELATIVES AU TRAITEMENT DES DONN\u00c9ES PERSONNELLES (ART.13 RGPD) <\/strong><\/p>\n\n\n\n<p><strong>Qui est responsable du traitement de vos donn\u00e9es personnelles ?<br\/><\/strong><strong>DELTA COCINAS, S.L. <\/strong>est responsable du traitement des donn\u00e9es personnelles que vous nous fournissez, situ\u00e9 \u00e0 Poligono Martin Grande, 5, 26550, Rinc\u00f3n de Soto, La Rioja, avec le CIF B26185082 et l&rsquo;adresse \u00e9lectronique dpd@kbc-group.com.<\/p>\n\n\n\n<p><strong>\u00c0 quelles fins utilisons-nous vos donn\u00e9es personnelles ?<br\/><\/strong>Les informations collect\u00e9es par le biais des cookies de premi\u00e8re partie (cookies de session et cookies d&rsquo;entr\u00e9e utilisateur) sont g\u00e9n\u00e9ralement utilis\u00e9es pour suivre les actions de l&rsquo;utilisateur lorsqu&rsquo;il remplit des formulaires en ligne sur diff\u00e9rentes pages, ou comme panier d&rsquo;achat pour garder une trace des articles que l&rsquo;utilisateur a s\u00e9lectionn\u00e9s en cliquant sur un bouton, ou pour personnaliser l&rsquo;interface utilisateur lors de la visite du site web.<\/p>\n\n\n\n<p>Les informations collect\u00e9es par le biais des cookies de tiers sont les suivantes :<\/p>\n\n\n\n<ul class=\"wp-block-list\">\n<li>Les cookies analytiques sont utilis\u00e9s pour analyser vos habitudes de navigation afin d&rsquo;am\u00e9liorer les services fournis ;<\/li>\n\n\n\n<li>Les cookies comportementaux recueillent des informations sur les pr\u00e9f\u00e9rences des utilisateurs afin de g\u00e9rer l&rsquo;espace publicitaire le plus efficacement possible ; et<\/li>\n\n\n\n<li>Les cookies publicitaires mesurent la performance des publicit\u00e9s et fournissent des recommandations de produits bas\u00e9es sur des donn\u00e9es statistiques.<\/li>\n<\/ul>\n\n\n\n<p>Pour savoir exactement comment les cookies sont utilis\u00e9s, consultez le tableau sur l&rsquo;utilisation des cookies sur ce site web.<\/p>\n\n\n\n<p><strong>Quelle est la base juridique du traitement de vos donn\u00e9es personnelles ?<br\/><\/strong>La l\u00e9gitimit\u00e9 du traitement de vos donn\u00e9es personnelles est donn\u00e9e par votre consentement, donn\u00e9 au moment o\u00f9 vous nous contactez, pour l&rsquo;utilisation de cookies analytiques, comportementaux et publicitaires ; pour les cookies de session ou de personnalisation, la l\u00e9gitimit\u00e9 du traitement est donn\u00e9e par l&rsquo;int\u00e9r\u00eat l\u00e9gitime du fournisseur (responsable du traitement).<\/p>\n\n\n\n<p><strong>\u00c0 qui divulguons-nous vos donn\u00e9es ?<br\/><\/strong>Aucune donn\u00e9e ne sera c\u00e9d\u00e9e ou communiqu\u00e9e \u00e0 des tiers, sauf en cas d&rsquo;obligation l\u00e9gale ou aux tiers indiqu\u00e9s dans le cas de l&rsquo;utilisation de cookies g\u00e9r\u00e9s par eux.<\/p>\n\n\n\n<p><strong>Combien de temps vos donn\u00e9es seront-elles conserv\u00e9es ?<br\/><\/strong>La dur\u00e9e de conservation des donn\u00e9es collect\u00e9es est celle indiqu\u00e9e dans le tableau sur l&rsquo;utilisation des cookies sur ce site web.<\/p>\n\n\n\n<p><strong>Quels sont vos droits ?<br\/><\/strong>Les droits qui prot\u00e8gent l&rsquo;utilisateur sont les droits d&rsquo;acc\u00e8s, de rectification, d&rsquo;effacement, de portabilit\u00e9, de retrait du consentement (sans affecter la l\u00e9galit\u00e9 du traitement accord\u00e9 avant son retrait), d&rsquo;opposition au traitement, de restriction (dans certaines circonstances) et le droit d&rsquo;introduire une r\u00e9clamation aupr\u00e8s de l&rsquo;autorit\u00e9 de contr\u00f4le (l&rsquo;Agence espagnole de protection des donn\u00e9es, www.aepd.es).<\/p>\n<\/div>\n\n<div style=\"height:100px\" aria-hidden=\"true\" class=\"wp-block-spacer\"><\/div>\n","protected":false},"excerpt":{"rendered":"<p>Politique en mati\u00e8re de cookies INTRODUCTION Le site Web de DELTA COCINAS, S.L. utilise ses propres cookies et ceux de tiers. Un cookie est un fichier qui est t\u00e9l\u00e9charg\u00e9 sur votre ordinateur lorsque vous acc\u00e9dez \u00e0 certaines pages web. Les cookies permettent \u00e0 un site web, entre autres, d&rsquo;assurer le bon fonctionnement de la page, [&hellip;]<\/p>\n","protected":false},"author":1,"featured_media":0,"parent":0,"menu_order":0,"comment_status":"closed","ping_status":"closed","template":"","meta":{"footnotes":""},"categories":[],"tags":[],"class_list":["post-4033","page","type-page","status-publish","hentry"],"yoast_head":"<!-- This site is optimized with the Yoast SEO plugin v26.7 - https:\/\/yoast.com\/wordpress\/plugins\/seo\/ -->\n<title>Politique en mati\u00e8re de cookies - Delta<\/title>\n<meta name=\"robots\" content=\"index, follow, max-snippet:-1, max-image-preview:large, max-video-preview:-1\" \/>\n<link rel=\"canonical\" href=\"https:\/\/deltacocinas.com\/fr\/politique-en-matiere-de-cookies\/\" \/>\n<meta property=\"og:locale\" content=\"fr_FR\" \/>\n<meta property=\"og:type\" content=\"article\" \/>\n<meta property=\"og:title\" content=\"Politique en mati\u00e8re de cookies - Delta\" \/>\n<meta property=\"og:description\" content=\"Politique en mati\u00e8re de cookies INTRODUCTION Le site Web de DELTA COCINAS, S.L. utilise ses propres cookies et ceux de tiers. Un cookie est un fichier qui est t\u00e9l\u00e9charg\u00e9 sur votre ordinateur lorsque vous acc\u00e9dez \u00e0 certaines pages web. Les cookies permettent \u00e0 un site web, entre autres, d&rsquo;assurer le bon fonctionnement de la page, [&hellip;]\" \/>\n<meta property=\"og:url\" content=\"https:\/\/deltacocinas.com\/fr\/politique-en-matiere-de-cookies\/\" \/>\n<meta property=\"og:site_name\" content=\"Delta\" \/>\n<meta property=\"article:modified_time\" content=\"2025-05-24T23:22:47+00:00\" \/>\n<meta name=\"twitter:card\" content=\"summary_large_image\" \/>\n<meta name=\"twitter:label1\" content=\"Dur\u00e9e de lecture estim\u00e9e\" \/>\n\t<meta name=\"twitter:data1\" content=\"9 minutes\" \/>\n<script type=\"application\/ld+json\" class=\"yoast-schema-graph\">{\"@context\":\"https:\/\/schema.org\",\"@graph\":[{\"@type\":\"WebPage\",\"@id\":\"https:\/\/deltacocinas.com\/fr\/politique-en-matiere-de-cookies\/\",\"url\":\"https:\/\/deltacocinas.com\/fr\/politique-en-matiere-de-cookies\/\",\"name\":\"Politique en mati\u00e8re de cookies - Delta\",\"isPartOf\":{\"@id\":\"https:\/\/deltacocinas.com\/fr\/#website\"},\"datePublished\":\"2025-03-14T17:42:53+00:00\",\"dateModified\":\"2025-05-24T23:22:47+00:00\",\"breadcrumb\":{\"@id\":\"https:\/\/deltacocinas.com\/fr\/politique-en-matiere-de-cookies\/#breadcrumb\"},\"inLanguage\":\"fr-FR\",\"potentialAction\":[{\"@type\":\"ReadAction\",\"target\":[\"https:\/\/deltacocinas.com\/fr\/politique-en-matiere-de-cookies\/\"]}]},{\"@type\":\"BreadcrumbList\",\"@id\":\"https:\/\/deltacocinas.com\/fr\/politique-en-matiere-de-cookies\/#breadcrumb\",\"itemListElement\":[{\"@type\":\"ListItem\",\"position\":1,\"name\":\"Portada\",\"item\":\"https:\/\/deltacocinas.com\/fr\/\"},{\"@type\":\"ListItem\",\"position\":2,\"name\":\"Politique en mati\u00e8re de cookies\"}]},{\"@type\":\"WebSite\",\"@id\":\"https:\/\/deltacocinas.com\/fr\/#website\",\"url\":\"https:\/\/deltacocinas.com\/fr\/\",\"name\":\"Delta\",\"description\":\"\",\"publisher\":{\"@id\":\"https:\/\/deltacocinas.com\/fr\/#organization\"},\"potentialAction\":[{\"@type\":\"SearchAction\",\"target\":{\"@type\":\"EntryPoint\",\"urlTemplate\":\"https:\/\/deltacocinas.com\/fr\/?s={search_term_string}\"},\"query-input\":{\"@type\":\"PropertyValueSpecification\",\"valueRequired\":true,\"valueName\":\"search_term_string\"}}],\"inLanguage\":\"fr-FR\"},{\"@type\":\"Organization\",\"@id\":\"https:\/\/deltacocinas.com\/fr\/#organization\",\"name\":\"Delta\",\"url\":\"https:\/\/deltacocinas.com\/fr\/\",\"logo\":{\"@type\":\"ImageObject\",\"inLanguage\":\"fr-FR\",\"@id\":\"https:\/\/deltacocinas.com\/fr\/#\/schema\/logo\/image\/\",\"url\":\"https:\/\/deltacocinas.com\/wp-content\/uploads\/2025\/03\/Vector4.svg\",\"contentUrl\":\"https:\/\/deltacocinas.com\/wp-content\/uploads\/2025\/03\/Vector4.svg\",\"width\":93,\"height\":90,\"caption\":\"Delta\"},\"image\":{\"@id\":\"https:\/\/deltacocinas.com\/fr\/#\/schema\/logo\/image\/\"}}]}<\/script>\n<!-- \/ Yoast SEO plugin. -->","yoast_head_json":{"title":"Politique en mati\u00e8re de cookies - Delta","robots":{"index":"index","follow":"follow","max-snippet":"max-snippet:-1","max-image-preview":"max-image-preview:large","max-video-preview":"max-video-preview:-1"},"canonical":"https:\/\/deltacocinas.com\/fr\/politique-en-matiere-de-cookies\/","og_locale":"fr_FR","og_type":"article","og_title":"Politique en mati\u00e8re de cookies - Delta","og_description":"Politique en mati\u00e8re de cookies INTRODUCTION Le site Web de DELTA COCINAS, S.L. utilise ses propres cookies et ceux de tiers. Un cookie est un fichier qui est t\u00e9l\u00e9charg\u00e9 sur votre ordinateur lorsque vous acc\u00e9dez \u00e0 certaines pages web. Les cookies permettent \u00e0 un site web, entre autres, d&rsquo;assurer le bon fonctionnement de la page, [&hellip;]","og_url":"https:\/\/deltacocinas.com\/fr\/politique-en-matiere-de-cookies\/","og_site_name":"Delta","article_modified_time":"2025-05-24T23:22:47+00:00","twitter_card":"summary_large_image","twitter_misc":{"Dur\u00e9e de lecture estim\u00e9e":"9 minutes"},"schema":{"@context":"https:\/\/schema.org","@graph":[{"@type":"WebPage","@id":"https:\/\/deltacocinas.com\/fr\/politique-en-matiere-de-cookies\/","url":"https:\/\/deltacocinas.com\/fr\/politique-en-matiere-de-cookies\/","name":"Politique en mati\u00e8re de cookies - Delta","isPartOf":{"@id":"https:\/\/deltacocinas.com\/fr\/#website"},"datePublished":"2025-03-14T17:42:53+00:00","dateModified":"2025-05-24T23:22:47+00:00","breadcrumb":{"@id":"https:\/\/deltacocinas.com\/fr\/politique-en-matiere-de-cookies\/#breadcrumb"},"inLanguage":"fr-FR","potentialAction":[{"@type":"ReadAction","target":["https:\/\/deltacocinas.com\/fr\/politique-en-matiere-de-cookies\/"]}]},{"@type":"BreadcrumbList","@id":"https:\/\/deltacocinas.com\/fr\/politique-en-matiere-de-cookies\/#breadcrumb","itemListElement":[{"@type":"ListItem","position":1,"name":"Portada","item":"https:\/\/deltacocinas.com\/fr\/"},{"@type":"ListItem","position":2,"name":"Politique en mati\u00e8re de cookies"}]},{"@type":"WebSite","@id":"https:\/\/deltacocinas.com\/fr\/#website","url":"https:\/\/deltacocinas.com\/fr\/","name":"Delta","description":"","publisher":{"@id":"https:\/\/deltacocinas.com\/fr\/#organization"},"potentialAction":[{"@type":"SearchAction","target":{"@type":"EntryPoint","urlTemplate":"https:\/\/deltacocinas.com\/fr\/?s={search_term_string}"},"query-input":{"@type":"PropertyValueSpecification","valueRequired":true,"valueName":"search_term_string"}}],"inLanguage":"fr-FR"},{"@type":"Organization","@id":"https:\/\/deltacocinas.com\/fr\/#organization","name":"Delta","url":"https:\/\/deltacocinas.com\/fr\/","logo":{"@type":"ImageObject","inLanguage":"fr-FR","@id":"https:\/\/deltacocinas.com\/fr\/#\/schema\/logo\/image\/","url":"https:\/\/deltacocinas.com\/wp-content\/uploads\/2025\/03\/Vector4.svg","contentUrl":"https:\/\/deltacocinas.com\/wp-content\/uploads\/2025\/03\/Vector4.svg","width":93,"height":90,"caption":"Delta"},"image":{"@id":"https:\/\/deltacocinas.com\/fr\/#\/schema\/logo\/image\/"}}]}},"_links":{"self":[{"href":"https:\/\/deltacocinas.com\/fr\/wp-json\/wp\/v2\/pages\/4033","targetHints":{"allow":["GET"]}}],"collection":[{"href":"https:\/\/deltacocinas.com\/fr\/wp-json\/wp\/v2\/pages"}],"about":[{"href":"https:\/\/deltacocinas.com\/fr\/wp-json\/wp\/v2\/types\/page"}],"author":[{"embeddable":true,"href":"https:\/\/deltacocinas.com\/fr\/wp-json\/wp\/v2\/users\/1"}],"replies":[{"embeddable":true,"href":"https:\/\/deltacocinas.com\/fr\/wp-json\/wp\/v2\/comments?post=4033"}],"version-history":[{"count":1,"href":"https:\/\/deltacocinas.com\/fr\/wp-json\/wp\/v2\/pages\/4033\/revisions"}],"predecessor-version":[{"id":4034,"href":"https:\/\/deltacocinas.com\/fr\/wp-json\/wp\/v2\/pages\/4033\/revisions\/4034"}],"wp:attachment":[{"href":"https:\/\/deltacocinas.com\/fr\/wp-json\/wp\/v2\/media?parent=4033"}],"wp:term":[{"taxonomy":"category","embeddable":true,"href":"https:\/\/deltacocinas.com\/fr\/wp-json\/wp\/v2\/categories?post=4033"},{"taxonomy":"post_tag","embeddable":true,"href":"https:\/\/deltacocinas.com\/fr\/wp-json\/wp\/v2\/tags?post=4033"}],"curies":[{"name":"wp","href":"https:\/\/api.w.org\/{rel}","templated":true}]}}