{"id":4204,"date":"2025-03-13T12:13:25","date_gmt":"2025-03-13T11:13:25","guid":{"rendered":"https:\/\/deltacocinas.com\/we-are-responsible\/"},"modified":"2025-09-09T08:23:59","modified_gmt":"2025-09-09T06:23:59","slug":"we-are-responsible","status":"publish","type":"page","link":"https:\/\/deltacocinas.com\/en\/we-are-responsible\/","title":{"rendered":"We are Responsible"},"content":{"rendered":"\n<div class=\"wp-block-group alignfull is-layout-flow wp-block-group-is-layout-flow\" style=\"padding-right:var(--wp--preset--spacing--30);padding-left:var(--wp--preset--spacing--30)\">\n<div class=\"wp-block-group alignfull padding-y-0-mobile-reset has-background has-global-padding is-layout-constrained wp-container-core-group-is-layout-1bd88723 wp-block-group-is-layout-constrained\" style=\"background-color:#bab7b5;margin-top:0;margin-bottom:var(--wp--preset--spacing--30);padding-top:var(--wp--preset--spacing--30);padding-right:var(--wp--preset--spacing--30);padding-bottom:var(--wp--preset--spacing--30);padding-left:var(--wp--preset--spacing--30)\">\n<div class=\"wp-block-columns alignwide is-layout-flex wp-container-core-columns-is-layout-9c22b1e3 wp-block-columns-is-layout-flex\">\n<div class=\"wp-block-column is-vertically-aligned-center padding-mobile-reset padding-x-0-mobile-reset is-layout-flow wp-block-column-is-layout-flow\" style=\"padding-top:0;padding-right:0;padding-bottom:0;padding-left:0\">\n<div class=\"wp-block-group padding-0-mobile has-global-padding is-content-justification-left is-layout-constrained wp-container-core-group-is-layout-16e6f475 wp-block-group-is-layout-constrained\" style=\"padding-top:var(--wp--preset--spacing--30);padding-right:var(--wp--preset--spacing--50);padding-bottom:var(--wp--preset--spacing--30);padding-left:var(--wp--preset--spacing--50)\">\n<h2 class=\"wp-block-heading object-title has-text-color has-link-color has-object-sans-font-family wp-elements-c3d9320be52367774bdf1d1bd4637b31\" style=\"border-style:none;border-width:0px;color:#29282b;font-size:2.38rem;font-style:normal;font-weight:800;line-height:1.46\">WE ARE RESPONSIBLE<\/h2>\n\n\n\n<p class=\"canela-subtitle-canela has-text-color has-link-color has-canela-font-family wp-elements-b1448f5fad7dadf88a12c10291c780f5\" style=\"color:#29282b;font-size:1.2rem\">At DELTA, we understand that a company&#8217;s success is not only measured by the quality of its products, but also by the integrity with which it acts.<\/p>\n\n\n\n<p class=\"canela-subtitle-canela has-text-color has-link-color has-canela-font-family wp-elements-1c0a5109c302a98e884c066b81696715\" style=\"color:#29282b;font-size:1.2rem\">Since our inception, we have built our corporate identity on the basis of honesty, transparency and respect for all the groups with which we interact: customers, employees, collaborators and the community in general.<\/p>\n<\/div>\n<\/div>\n\n\n\n<div class=\"wp-block-column is-vertically-aligned-top p-mobile-0 is-layout-flow wp-block-column-is-layout-flow\" style=\"padding-right:var(--wp--preset--spacing--30)\">\n<figure class=\"wp-block-image alignright size-full padding-mobile-reset alignright-mobile-revert foto-quienes-somos\"><img fetchpriority=\"high\" decoding=\"async\" width=\"2560\" height=\"1920\" src=\"https:\/\/deltacocinas.com\/wp-content\/uploads\/2025\/04\/FABRICA-DELTA44823-copia-scaled.jpg\" alt=\"This image shows a woman with a confident expression, standing with her arms crossed, wearing a gray uniform with the &#x201C;DELTA&#x201D; and &#x201C;kbv&#x201D; logo. The background is composed of vertical panels that could be samples of materials or furniture doors, suggesting an environment related to manufacturing or interior design. \" class=\"wp-image-1378\" srcset=\"https:\/\/deltacocinas.com\/wp-content\/uploads\/2025\/04\/FABRICA-DELTA44823-copia-scaled.jpg 2560w, https:\/\/deltacocinas.com\/wp-content\/uploads\/2025\/04\/FABRICA-DELTA44823-copia-300x225.jpg 300w, https:\/\/deltacocinas.com\/wp-content\/uploads\/2025\/04\/FABRICA-DELTA44823-copia-1024x768.jpg 1024w, https:\/\/deltacocinas.com\/wp-content\/uploads\/2025\/04\/FABRICA-DELTA44823-copia-768x576.jpg 768w, https:\/\/deltacocinas.com\/wp-content\/uploads\/2025\/04\/FABRICA-DELTA44823-copia-1536x1152.jpg 1536w, https:\/\/deltacocinas.com\/wp-content\/uploads\/2025\/04\/FABRICA-DELTA44823-copia-2048x1536.jpg 2048w\" sizes=\"(max-width: 2560px) 100vw, 2560px\" \/><\/figure>\n<\/div>\n<\/div>\n<\/div>\n<\/div>\n\n<div class=\"wp-block-group alignwide alignfull-mobile has-global-padding is-layout-constrained wp-block-group-is-layout-constrained\" style=\"margin-top:0;margin-bottom:0\">\n<div class=\"wp-block-columns alignwide no-gap-mobile is-layout-flex wp-container-core-columns-is-layout-4c2ea93f wp-block-columns-is-layout-flex\" style=\"margin-top:0;margin-bottom:0;padding-right:0;padding-left:0\">\n<div class=\"wp-block-column is-vertically-aligned-top padding-mobile-reset is-layout-flow wp-block-column-is-layout-flow\" style=\"padding-top:var(--wp--preset--spacing--60);padding-right:var(--wp--preset--spacing--50);padding-bottom:var(--wp--preset--spacing--70);padding-left:var(--wp--preset--spacing--50);flex-basis:40%\">\n<h2 class=\"wp-block-heading alignwide has-text-align-left object-title p-mobile-0 has-text-color has-link-color has-object-sans-font-family wp-elements-bead3e9a803a18c31af8ee557d46cc23\" style=\"color:#29282b;font-size:2.38rem;line-height:1.3;text-transform:uppercase\"><strong><strong>Ethics in every<\/strong><\/strong><br\/><strong><strong>decision<\/strong><\/strong><\/h2>\n\n\n\n<p class=\"medium-canela p-mobile-0 has-text-color has-link-color has-canela-font-family wp-elements-d265d0308655fe9cc25b23b1af25f0fa\" style=\"color:#29282b;font-size:1.5rem\">Ethics is the fundamental pillar that guides each of our decisions.<\/p>\n<\/div>\n\n\n\n<div class=\"wp-block-column is-vertically-aligned-center padding-mobile-reset is-layout-flow wp-block-column-is-layout-flow\" style=\"padding-top:53px;padding-right:var(--wp--preset--spacing--80);padding-bottom:53px;flex-basis:50%\">\n<p class=\"object-body has-text-color has-link-color wp-elements-45e6d921c5934f5e24ecb72a69652b7a\" style=\"color:#29282b;font-size:1rem\">We act responsibly in every aspect of our business, ensuring that all our activities are conducted fairly, respectfully and in compliance with local and international regulations.<\/p>\n\n\n\n<p class=\"object-body has-text-color has-link-color wp-elements-155addd76ac0ac04f39938995b58f91c\" style=\"color:#29282b;font-size:1rem\">We firmly believe that ethical business conduct not only strengthens our business relationships, but also contributes to the development of a more just and equitable society.<\/p>\n<\/div>\n<\/div>\n<\/div>\n\n<div class=\"wp-block-group alignfull mb-menos-20 alignfull-mobile padding-mobile-reset has-base-background-color has-background has-global-padding is-layout-constrained wp-block-group-is-layout-constrained\" style=\"margin-top:0;margin-bottom:0;padding-top:0;padding-bottom:0\">\n<div class=\"wp-block-columns alignwide no-gap-mobile padding-0-mobile is-layout-flex wp-container-core-columns-is-layout-658170e2 wp-block-columns-is-layout-flex\">\n<div class=\"wp-block-column is-vertically-aligned-center padding-0-mobile is-layout-flow wp-block-column-is-layout-flow\" style=\"padding-top:var(--wp--preset--spacing--50);padding-right:var(--wp--preset--spacing--50);padding-bottom:var(--wp--preset--spacing--50);padding-left:var(--wp--preset--spacing--50);flex-basis:60%\">\n<div class=\"wp-block-group has-global-padding is-layout-constrained wp-container-core-group-is-layout-4382391e wp-block-group-is-layout-constrained\" style=\"padding-top:var(--wp--preset--spacing--30);padding-right:0;padding-bottom:var(--wp--preset--spacing--30);padding-left:0\">\n<h2 class=\"wp-block-heading object-title has-text-color has-link-color has-object-sans-font-family wp-elements-b1a010728d409376ab37722fbc257d94\" style=\"color:#29282b;font-size:1.63rem;line-height:1.48\"><strong>COMMITMENT TO THE WORK ENVIRONMENT<\/strong><\/h2>\n\n\n\n<p class=\"object-body has-text-color has-link-color has-object-sans-font-family wp-elements-4d82b2bde4bd34b47b38cb1dac2fc295\" style=\"color:#29282b;font-size:1rem\">Delta is committed to maintaining a safe, inclusive and respectful work environment. We foster a culture of mutual respect, equal opportunity and professional development, where everyone can feel valued and motivated to contribute their best. <\/p>\n\n\n\n<p class=\"object-body has-text-color has-link-color has-object-sans-font-family wp-elements-049802c9522038f7dab0f243b00aa85a\" style=\"color:#29282b;font-size:1rem\">The safety of our workers is a priority. For this reason, we have strict occupational safety protocols and provide regular training to ensure a risk-free work environment. We also promote work-life balance policies that facilitate a healthy balance between personal and professional life.  <\/p>\n<\/div>\n<\/div>\n\n\n\n<div class=\"wp-block-column is-layout-flow wp-block-column-is-layout-flow\" style=\"flex-basis:60%\">\n<div class=\"wp-block-cover min-h-mobile alignfull-mobile\" style=\"min-height:100%;aspect-ratio:unset;\"><img decoding=\"async\" width=\"2560\" height=\"1920\" class=\"wp-block-cover__image-background wp-image-1380\" alt=\"Mujer con gafas y sudadera verde de manga larga con el logo \u201cDELTA\u201d y KVB, usando un taladro sobre una estructura met\u00e1lica verde en un entorno de f\u00e1brica. Lleva guantes y est\u00e1 enfocada en la tarea.\" src=\"https:\/\/deltacocinas.com\/wp-content\/uploads\/2025\/04\/FABRICA-DELTA44938-copia-scaled.jpg\" style=\"object-position:54% 30%\" data-object-fit=\"cover\" data-object-position=\"54% 30%\" srcset=\"https:\/\/deltacocinas.com\/wp-content\/uploads\/2025\/04\/FABRICA-DELTA44938-copia-scaled.jpg 2560w, https:\/\/deltacocinas.com\/wp-content\/uploads\/2025\/04\/FABRICA-DELTA44938-copia-300x225.jpg 300w, https:\/\/deltacocinas.com\/wp-content\/uploads\/2025\/04\/FABRICA-DELTA44938-copia-1024x768.jpg 1024w, https:\/\/deltacocinas.com\/wp-content\/uploads\/2025\/04\/FABRICA-DELTA44938-copia-768x576.jpg 768w, https:\/\/deltacocinas.com\/wp-content\/uploads\/2025\/04\/FABRICA-DELTA44938-copia-1536x1152.jpg 1536w, https:\/\/deltacocinas.com\/wp-content\/uploads\/2025\/04\/FABRICA-DELTA44938-copia-2048x1536.jpg 2048w\" sizes=\"(max-width: 2560px) 100vw, 2560px\" \/><span aria-hidden=\"true\" class=\"wp-block-cover__background has-background-dim-0 has-background-dim\"><\/span><div class=\"wp-block-cover__inner-container is-layout-flow wp-block-cover-is-layout-flow\">\n<p class=\"has-text-align-center has-large-font-size\"><\/p>\n<\/div><\/div>\n<\/div>\n<\/div>\n<\/div>\n\n<div class=\"wp-block-group alignwide alignfull-mobile has-global-padding is-layout-constrained wp-block-group-is-layout-constrained\" style=\"margin-top:0;margin-bottom:0\">\n<div class=\"wp-block-columns alignwide no-gap-mobile is-layout-flex wp-container-core-columns-is-layout-4c2ea93f wp-block-columns-is-layout-flex\" style=\"margin-top:0;margin-bottom:0;padding-right:0;padding-left:0\">\n<div class=\"wp-block-column is-vertically-aligned-top padding-mobile-reset is-layout-flow wp-block-column-is-layout-flow\" style=\"padding-top:var(--wp--preset--spacing--60);padding-right:var(--wp--preset--spacing--50);padding-bottom:var(--wp--preset--spacing--70);padding-left:var(--wp--preset--spacing--50);flex-basis:100%\">\n<h2 class=\"wp-block-heading object-title has-text-color has-link-color has-object-sans-font-family wp-elements-b3c1a59cefdebecd7b7c3ad27d07189d\" style=\"color:#29282b;font-size:1.63rem;line-height:1.48;text-transform:uppercase\"><strong>A permanent commitment<\/strong><\/h2>\n\n\n\n<p class=\"object-body has-text-color has-link-color has-object-sans-font-family wp-elements-2776b9b5fdda64b4f00676f53d1a990e\" style=\"color:#29282b;font-size:1rem\">We know that responsibility and ethics are not goals to be achieved once and for all, but commitments that must be renewed on a daily basis. Therefore, we work continuously to improve our practices, listen to our stakeholders and adapt to the changing environment, always keeping integrity as our core value. <\/p>\n<\/div>\n<\/div>\n<\/div>\n\n<figure class=\"wp-block-image alignfull size-full alignfull-mobile pegar-al-footer-siempre\"><img decoding=\"async\" width=\"2560\" height=\"1322\" src=\"https:\/\/deltacocinas.com\/wp-content\/uploads\/2025\/05\/fachada-Delta-scaled.jpg\" alt=\"\" class=\"wp-image-2134\" srcset=\"https:\/\/deltacocinas.com\/wp-content\/uploads\/2025\/05\/fachada-Delta-scaled.jpg 2560w, https:\/\/deltacocinas.com\/wp-content\/uploads\/2025\/05\/fachada-Delta-300x155.jpg 300w, https:\/\/deltacocinas.com\/wp-content\/uploads\/2025\/05\/fachada-Delta-1024x529.jpg 1024w, https:\/\/deltacocinas.com\/wp-content\/uploads\/2025\/05\/fachada-Delta-768x397.jpg 768w, https:\/\/deltacocinas.com\/wp-content\/uploads\/2025\/05\/fachada-Delta-1536x793.jpg 1536w, https:\/\/deltacocinas.com\/wp-content\/uploads\/2025\/05\/fachada-Delta-2048x1058.jpg 2048w\" sizes=\"(max-width: 2560px) 100vw, 2560px\" \/><\/figure>\n","protected":false},"excerpt":{"rendered":"<p>WE ARE RESPONSIBLE At DELTA, we understand that a company&#8217;s success is not only measured by the quality of its products, but also by the integrity with which it acts. Since our inception, we have built our corporate identity on the basis of honesty, transparency and respect for all the groups with which we interact: [&hellip;]<\/p>\n","protected":false},"author":2,"featured_media":0,"parent":0,"menu_order":0,"comment_status":"closed","ping_status":"closed","template":"","meta":{"footnotes":""},"categories":[],"tags":[],"class_list":["post-4204","page","type-page","status-publish","hentry"],"yoast_head":"<!-- This site is optimized with the Yoast SEO plugin v26.7 - https:\/\/yoast.com\/wordpress\/plugins\/seo\/ -->\n<title>We are responsible | Delta Kitchens<\/title>\n<meta name=\"description\" content=\"At Delta Cocinas, ethics guide every decision. We foster a safe, inclusive and respectful work environment, with safety protocols, continuous training and work-life balance policies, reaffirming our commitment to social responsibility and the well-being of our employees.\" \/>\n<meta name=\"robots\" content=\"index, follow, max-snippet:-1, max-image-preview:large, max-video-preview:-1\" \/>\n<link rel=\"canonical\" href=\"https:\/\/deltacocinas.com\/en\/we-are-responsible\/\" \/>\n<meta property=\"og:locale\" content=\"en_US\" \/>\n<meta property=\"og:type\" content=\"article\" \/>\n<meta property=\"og:title\" content=\"We are responsible | Delta Kitchens\" \/>\n<meta property=\"og:description\" content=\"At Delta Cocinas, ethics guide every decision. We foster a safe, inclusive and respectful work environment, with safety protocols, continuous training and work-life balance policies, reaffirming our commitment to social responsibility and the well-being of our employees.\" \/>\n<meta property=\"og:url\" content=\"https:\/\/deltacocinas.com\/en\/we-are-responsible\/\" \/>\n<meta property=\"og:site_name\" content=\"Delta\" \/>\n<meta property=\"article:modified_time\" content=\"2025-09-09T06:23:59+00:00\" \/>\n<meta property=\"og:image\" content=\"https:\/\/deltacocinas.com\/wp-content\/uploads\/2025\/04\/FABRICA-DELTA44823-copia-scaled.jpg\" \/>\n\t<meta property=\"og:image:width\" content=\"2560\" \/>\n\t<meta property=\"og:image:height\" content=\"1920\" \/>\n\t<meta property=\"og:image:type\" content=\"image\/jpeg\" \/>\n<meta name=\"twitter:card\" content=\"summary_large_image\" \/>\n<meta name=\"twitter:label1\" content=\"Est. reading time\" \/>\n\t<meta name=\"twitter:data1\" content=\"2 minutes\" \/>\n<script type=\"application\/ld+json\" class=\"yoast-schema-graph\">{\"@context\":\"https:\/\/schema.org\",\"@graph\":[{\"@type\":\"WebPage\",\"@id\":\"https:\/\/deltacocinas.com\/en\/we-are-responsible\/\",\"url\":\"https:\/\/deltacocinas.com\/en\/we-are-responsible\/\",\"name\":\"We are responsible | Delta Kitchens\",\"isPartOf\":{\"@id\":\"https:\/\/deltacocinas.com\/en\/#website\"},\"primaryImageOfPage\":{\"@id\":\"https:\/\/deltacocinas.com\/en\/we-are-responsible\/#primaryimage\"},\"image\":{\"@id\":\"https:\/\/deltacocinas.com\/en\/we-are-responsible\/#primaryimage\"},\"thumbnailUrl\":\"https:\/\/deltacocinas.com\/wp-content\/uploads\/2025\/04\/FABRICA-DELTA44823-copia-scaled.jpg\",\"datePublished\":\"2025-03-13T11:13:25+00:00\",\"dateModified\":\"2025-09-09T06:23:59+00:00\",\"description\":\"At Delta Cocinas, ethics guide every decision. We foster a safe, inclusive and respectful work environment, with safety protocols, continuous training and work-life balance policies, reaffirming our commitment to social responsibility and the well-being of our employees.\",\"breadcrumb\":{\"@id\":\"https:\/\/deltacocinas.com\/en\/we-are-responsible\/#breadcrumb\"},\"inLanguage\":\"en-US\",\"potentialAction\":[{\"@type\":\"ReadAction\",\"target\":[\"https:\/\/deltacocinas.com\/en\/we-are-responsible\/\"]}]},{\"@type\":\"ImageObject\",\"inLanguage\":\"en-US\",\"@id\":\"https:\/\/deltacocinas.com\/en\/we-are-responsible\/#primaryimage\",\"url\":\"https:\/\/deltacocinas.com\/wp-content\/uploads\/2025\/04\/FABRICA-DELTA44823-copia-scaled.jpg\",\"contentUrl\":\"https:\/\/deltacocinas.com\/wp-content\/uploads\/2025\/04\/FABRICA-DELTA44823-copia-scaled.jpg\"},{\"@type\":\"BreadcrumbList\",\"@id\":\"https:\/\/deltacocinas.com\/en\/we-are-responsible\/#breadcrumb\",\"itemListElement\":[{\"@type\":\"ListItem\",\"position\":1,\"name\":\"Portada\",\"item\":\"https:\/\/deltacocinas.com\/en\/\"},{\"@type\":\"ListItem\",\"position\":2,\"name\":\"We are Responsible\"}]},{\"@type\":\"WebSite\",\"@id\":\"https:\/\/deltacocinas.com\/en\/#website\",\"url\":\"https:\/\/deltacocinas.com\/en\/\",\"name\":\"Delta\",\"description\":\"\",\"publisher\":{\"@id\":\"https:\/\/deltacocinas.com\/en\/#organization\"},\"potentialAction\":[{\"@type\":\"SearchAction\",\"target\":{\"@type\":\"EntryPoint\",\"urlTemplate\":\"https:\/\/deltacocinas.com\/en\/?s={search_term_string}\"},\"query-input\":{\"@type\":\"PropertyValueSpecification\",\"valueRequired\":true,\"valueName\":\"search_term_string\"}}],\"inLanguage\":\"en-US\"},{\"@type\":\"Organization\",\"@id\":\"https:\/\/deltacocinas.com\/en\/#organization\",\"name\":\"Delta\",\"url\":\"https:\/\/deltacocinas.com\/en\/\",\"logo\":{\"@type\":\"ImageObject\",\"inLanguage\":\"en-US\",\"@id\":\"https:\/\/deltacocinas.com\/en\/#\/schema\/logo\/image\/\",\"url\":\"https:\/\/deltacocinas.com\/wp-content\/uploads\/2025\/03\/Vector4.svg\",\"contentUrl\":\"https:\/\/deltacocinas.com\/wp-content\/uploads\/2025\/03\/Vector4.svg\",\"width\":93,\"height\":90,\"caption\":\"Delta\"},\"image\":{\"@id\":\"https:\/\/deltacocinas.com\/en\/#\/schema\/logo\/image\/\"}}]}<\/script>\n<!-- \/ Yoast SEO plugin. -->","yoast_head_json":{"title":"We are responsible | Delta Kitchens","description":"At Delta Cocinas, ethics guide every decision. We foster a safe, inclusive and respectful work environment, with safety protocols, continuous training and work-life balance policies, reaffirming our commitment to social responsibility and the well-being of our employees.","robots":{"index":"index","follow":"follow","max-snippet":"max-snippet:-1","max-image-preview":"max-image-preview:large","max-video-preview":"max-video-preview:-1"},"canonical":"https:\/\/deltacocinas.com\/en\/we-are-responsible\/","og_locale":"en_US","og_type":"article","og_title":"We are responsible | Delta Kitchens","og_description":"At Delta Cocinas, ethics guide every decision. We foster a safe, inclusive and respectful work environment, with safety protocols, continuous training and work-life balance policies, reaffirming our commitment to social responsibility and the well-being of our employees.","og_url":"https:\/\/deltacocinas.com\/en\/we-are-responsible\/","og_site_name":"Delta","article_modified_time":"2025-09-09T06:23:59+00:00","og_image":[{"width":2560,"height":1920,"url":"https:\/\/deltacocinas.com\/wp-content\/uploads\/2025\/04\/FABRICA-DELTA44823-copia-scaled.jpg","type":"image\/jpeg"}],"twitter_card":"summary_large_image","twitter_misc":{"Est. reading time":"2 minutes"},"schema":{"@context":"https:\/\/schema.org","@graph":[{"@type":"WebPage","@id":"https:\/\/deltacocinas.com\/en\/we-are-responsible\/","url":"https:\/\/deltacocinas.com\/en\/we-are-responsible\/","name":"We are responsible | Delta Kitchens","isPartOf":{"@id":"https:\/\/deltacocinas.com\/en\/#website"},"primaryImageOfPage":{"@id":"https:\/\/deltacocinas.com\/en\/we-are-responsible\/#primaryimage"},"image":{"@id":"https:\/\/deltacocinas.com\/en\/we-are-responsible\/#primaryimage"},"thumbnailUrl":"https:\/\/deltacocinas.com\/wp-content\/uploads\/2025\/04\/FABRICA-DELTA44823-copia-scaled.jpg","datePublished":"2025-03-13T11:13:25+00:00","dateModified":"2025-09-09T06:23:59+00:00","description":"At Delta Cocinas, ethics guide every decision. We foster a safe, inclusive and respectful work environment, with safety protocols, continuous training and work-life balance policies, reaffirming our commitment to social responsibility and the well-being of our employees.","breadcrumb":{"@id":"https:\/\/deltacocinas.com\/en\/we-are-responsible\/#breadcrumb"},"inLanguage":"en-US","potentialAction":[{"@type":"ReadAction","target":["https:\/\/deltacocinas.com\/en\/we-are-responsible\/"]}]},{"@type":"ImageObject","inLanguage":"en-US","@id":"https:\/\/deltacocinas.com\/en\/we-are-responsible\/#primaryimage","url":"https:\/\/deltacocinas.com\/wp-content\/uploads\/2025\/04\/FABRICA-DELTA44823-copia-scaled.jpg","contentUrl":"https:\/\/deltacocinas.com\/wp-content\/uploads\/2025\/04\/FABRICA-DELTA44823-copia-scaled.jpg"},{"@type":"BreadcrumbList","@id":"https:\/\/deltacocinas.com\/en\/we-are-responsible\/#breadcrumb","itemListElement":[{"@type":"ListItem","position":1,"name":"Portada","item":"https:\/\/deltacocinas.com\/en\/"},{"@type":"ListItem","position":2,"name":"We are Responsible"}]},{"@type":"WebSite","@id":"https:\/\/deltacocinas.com\/en\/#website","url":"https:\/\/deltacocinas.com\/en\/","name":"Delta","description":"","publisher":{"@id":"https:\/\/deltacocinas.com\/en\/#organization"},"potentialAction":[{"@type":"SearchAction","target":{"@type":"EntryPoint","urlTemplate":"https:\/\/deltacocinas.com\/en\/?s={search_term_string}"},"query-input":{"@type":"PropertyValueSpecification","valueRequired":true,"valueName":"search_term_string"}}],"inLanguage":"en-US"},{"@type":"Organization","@id":"https:\/\/deltacocinas.com\/en\/#organization","name":"Delta","url":"https:\/\/deltacocinas.com\/en\/","logo":{"@type":"ImageObject","inLanguage":"en-US","@id":"https:\/\/deltacocinas.com\/en\/#\/schema\/logo\/image\/","url":"https:\/\/deltacocinas.com\/wp-content\/uploads\/2025\/03\/Vector4.svg","contentUrl":"https:\/\/deltacocinas.com\/wp-content\/uploads\/2025\/03\/Vector4.svg","width":93,"height":90,"caption":"Delta"},"image":{"@id":"https:\/\/deltacocinas.com\/en\/#\/schema\/logo\/image\/"}}]}},"_links":{"self":[{"href":"https:\/\/deltacocinas.com\/en\/wp-json\/wp\/v2\/pages\/4204","targetHints":{"allow":["GET"]}}],"collection":[{"href":"https:\/\/deltacocinas.com\/en\/wp-json\/wp\/v2\/pages"}],"about":[{"href":"https:\/\/deltacocinas.com\/en\/wp-json\/wp\/v2\/types\/page"}],"author":[{"embeddable":true,"href":"https:\/\/deltacocinas.com\/en\/wp-json\/wp\/v2\/users\/2"}],"replies":[{"embeddable":true,"href":"https:\/\/deltacocinas.com\/en\/wp-json\/wp\/v2\/comments?post=4204"}],"version-history":[{"count":1,"href":"https:\/\/deltacocinas.com\/en\/wp-json\/wp\/v2\/pages\/4204\/revisions"}],"predecessor-version":[{"id":4206,"href":"https:\/\/deltacocinas.com\/en\/wp-json\/wp\/v2\/pages\/4204\/revisions\/4206"}],"wp:attachment":[{"href":"https:\/\/deltacocinas.com\/en\/wp-json\/wp\/v2\/media?parent=4204"}],"wp:term":[{"taxonomy":"category","embeddable":true,"href":"https:\/\/deltacocinas.com\/en\/wp-json\/wp\/v2\/categories?post=4204"},{"taxonomy":"post_tag","embeddable":true,"href":"https:\/\/deltacocinas.com\/en\/wp-json\/wp\/v2\/tags?post=4204"}],"curies":[{"name":"wp","href":"https:\/\/api.w.org\/{rel}","templated":true}]}}